{"id":3930,"date":"2023-12-21T21:16:29","date_gmt":"2023-12-21T19:16:29","guid":{"rendered":"https:\/\/www.sigillum.fi\/?post_type=product&#038;p=3930"},"modified":"2026-03-27T15:35:15","modified_gmt":"2026-03-27T13:35:15","slug":"ennakkomyynti-14-1-2024-asti-luihin-ja-ytimiin-tutkimuksia-ja-tulkintoja-euran-luistarin-kalmistosta","status":"publish","type":"product","link":"https:\/\/www.sigillum.fi\/sv\/tuote\/ennakkomyynti-14-1-2024-asti-luihin-ja-ytimiin-tutkimuksia-ja-tulkintoja-euran-luistarin-kalmistosta\/","title":{"rendered":"Luihin ja ytimiin. Tutkimuksia ja tulkintoja Euran Luistarin kalmistosta"},"content":{"rendered":"<p><span style=\"color: #339966;\">Kirjan toinen painos on ilmestynyt!<\/span><\/p>\n<p>Euran Luistari on yksi Suomen suurimmista arkeologisesti tutkituista paikoista.\u00a0Se tunnetaan Euran muinaispuvun ohella erityisesti rikkaista viikinkiajan l\u00f6yd\u00f6ist\u00e4,\u00a0joihin kuuluu runsaasti koruja ja useita miekkoja. Luistarin vaikutus ulottuu\u00a0tieteellisten julkaisujen ja tietokirjallisuuden ulkopuolelle, aina nykyp\u00e4iv\u00e4\u00e4n asti.<\/p>\n<p>Runsaasti kuvitetussa kirjassa joukko tutkijoita syventyy niin\u00a0Suomen pronssikauteen, muinais-DNA-tutkimukseen, rautakauden vaatetukseen\u00a0ja esineisiin kuin linnavuoriin ja muinaisiin kieliinkin. Nykyp\u00e4iv\u00e4n perspektiiviss\u00e4\u00a0tarkastellaan historianel\u00e4v\u00f6ityst\u00e4, esihistoriamatkailua, tatuointeja ja sarjakuvataidetta.<\/p>\n<p>Tervetuloa tutustumaan esihistorian arvoituksiin.<\/p>\n<p>&nbsp;<\/p>\n<div class=\"page\" title=\"Page 1\">\n<div class=\"section\">\n<div class=\"layoutArea\">\n<div class=\"column\">\n<p>Luistari i Eura a\u0308r en av Finlands sto\u0308rsta arkeologiskt underso\u0308kta platser. Platsen a\u0308r, vid sidan av Euras forndra\u0308kt, speciellt ka\u0308nd fo\u0308r rika vikingatida fynd med ma\u030anga smycken och flera sva\u0308rd. I dag stra\u0308cker sig Luistaris inflytande la\u030angt utanfo\u0308r vetenskapliga publikationer och facklitteratur.<\/p>\n<p>I den rikligt illustrerade boken du ha\u030aller i din hand fo\u0308rdjupar en ma\u0308ngd forskare sig i sa\u030ava\u0308l Finlands bronsa\u030alder, underso\u0308kningar av forn-DNA, kla\u0308dsel och fo\u0308rema\u030al fra\u030an ja\u0308rna\u030alder som fornborgar och forntida spra\u030ak. A\u0308ven historiea\u030aterskapande, fo\u0308rhistoriska resor, tatueringar och serietidningskonst granskas ur ett nutida perspektiv.<\/p>\n<p>Va\u0308lkommen att bekanta dig med fo\u0308rhistoriens ga\u030ator.<\/p>\n<\/div>\n<\/div>\n<\/div>\n<\/div>\n","protected":false},"excerpt":{"rendered":"<p>Kirjan toinen painos on ilmestynyt! Euran Luistari on yksi Suomen suurimmista arkeologisesti tutkituista paikoista.\u00a0Se tunnetaan Euran muinaispuvun ohella erityisesti rikkaista viikinkiajan l\u00f6yd\u00f6ist\u00e4,\u00a0joihin kuuluu runsaasti koruja ja useita miekkoja. Luistarin vaikutus&#8230;<\/p>\n","protected":false},"featured_media":3931,"comment_status":"closed","ping_status":"closed","template":"","meta":[],"product_brand":[],"product_cat":[122],"product_tag":[],"class_list":{"0":"post-3930","1":"product","2":"type-product","3":"status-publish","4":"has-post-thumbnail","6":"product_cat-kirjat","7":"product_shipping_class-postipaketti","9":"first","10":"instock","11":"taxable","12":"shipping-taxable","13":"purchasable","14":"product-type-simple"},"yoast_head":"<!-- This site is optimized with the Yoast SEO plugin v21.1 - https:\/\/yoast.com\/wordpress\/plugins\/seo\/ -->\n<title>Luihin ja ytimiin. Tutkimuksia ja tulkintoja Euran Luistarin kalmistosta - Oy Sigillum Ab<\/title>\n<meta name=\"robots\" content=\"index, follow, max-snippet:-1, max-image-preview:large, max-video-preview:-1\" \/>\n<link rel=\"canonical\" href=\"https:\/\/www.sigillum.fi\/sv\/tuote\/ennakkomyynti-14-1-2024-asti-luihin-ja-ytimiin-tutkimuksia-ja-tulkintoja-euran-luistarin-kalmistosta\/\" \/>\n<meta property=\"og:locale\" content=\"sv_SE\" \/>\n<meta property=\"og:type\" content=\"article\" \/>\n<meta property=\"og:title\" content=\"Luihin ja ytimiin. Tutkimuksia ja tulkintoja Euran Luistarin kalmistosta - Oy Sigillum Ab\" \/>\n<meta property=\"og:description\" content=\"Kirjan toinen painos on ilmestynyt! Euran Luistari on yksi Suomen suurimmista arkeologisesti tutkituista paikoista.\u00a0Se tunnetaan Euran muinaispuvun ohella erityisesti rikkaista viikinkiajan l\u00f6yd\u00f6ist\u00e4,\u00a0joihin kuuluu runsaasti koruja ja useita miekkoja. Luistarin vaikutus...\" \/>\n<meta property=\"og:url\" content=\"https:\/\/www.sigillum.fi\/sv\/tuote\/ennakkomyynti-14-1-2024-asti-luihin-ja-ytimiin-tutkimuksia-ja-tulkintoja-euran-luistarin-kalmistosta\/\" \/>\n<meta property=\"og:site_name\" content=\"Oy Sigillum Ab\" \/>\n<meta property=\"article:modified_time\" content=\"2026-03-27T13:35:15+00:00\" \/>\n<meta property=\"og:image\" content=\"https:\/\/www.sigillum.fi\/wp-content\/uploads\/2023\/12\/9789527220214-scaled.jpg\" \/>\n\t<meta property=\"og:image:width\" content=\"1747\" \/>\n\t<meta property=\"og:image:height\" content=\"2560\" \/>\n\t<meta property=\"og:image:type\" content=\"image\/jpeg\" \/>\n<meta name=\"twitter:card\" content=\"summary_large_image\" \/>\n<script type=\"application\/ld+json\" class=\"yoast-schema-graph\">{\"@context\":\"https:\/\/schema.org\",\"@graph\":[{\"@type\":[\"WebPage\",\"ItemPage\"],\"@id\":\"https:\/\/www.sigillum.fi\/sv\/tuote\/ennakkomyynti-14-1-2024-asti-luihin-ja-ytimiin-tutkimuksia-ja-tulkintoja-euran-luistarin-kalmistosta\/\",\"url\":\"https:\/\/www.sigillum.fi\/sv\/tuote\/ennakkomyynti-14-1-2024-asti-luihin-ja-ytimiin-tutkimuksia-ja-tulkintoja-euran-luistarin-kalmistosta\/\",\"name\":\"Luihin ja ytimiin. Tutkimuksia ja tulkintoja Euran Luistarin kalmistosta - Oy Sigillum Ab\",\"isPartOf\":{\"@id\":\"https:\/\/www.sigillum.fi\/sv\/#website\"},\"datePublished\":\"2023-12-21T19:16:29+00:00\",\"dateModified\":\"2026-03-27T13:35:15+00:00\",\"breadcrumb\":{\"@id\":\"https:\/\/www.sigillum.fi\/sv\/tuote\/ennakkomyynti-14-1-2024-asti-luihin-ja-ytimiin-tutkimuksia-ja-tulkintoja-euran-luistarin-kalmistosta\/#breadcrumb\"},\"inLanguage\":\"sv-SE\",\"potentialAction\":[{\"@type\":\"ReadAction\",\"target\":[\"https:\/\/www.sigillum.fi\/sv\/tuote\/ennakkomyynti-14-1-2024-asti-luihin-ja-ytimiin-tutkimuksia-ja-tulkintoja-euran-luistarin-kalmistosta\/\"]}]},{\"@type\":\"BreadcrumbList\",\"@id\":\"https:\/\/www.sigillum.fi\/sv\/tuote\/ennakkomyynti-14-1-2024-asti-luihin-ja-ytimiin-tutkimuksia-ja-tulkintoja-euran-luistarin-kalmistosta\/#breadcrumb\",\"itemListElement\":[{\"@type\":\"ListItem\",\"position\":1,\"name\":\"Etusivu\",\"item\":\"https:\/\/www.sigillum.fi\/sv\/\"},{\"@type\":\"ListItem\",\"position\":2,\"name\":\"Butik\",\"item\":\"https:\/\/www.sigillum.fi\/sv\/butik\/\"},{\"@type\":\"ListItem\",\"position\":3,\"name\":\"Luihin ja ytimiin. Tutkimuksia ja tulkintoja Euran Luistarin kalmistosta\"}]},{\"@type\":\"WebSite\",\"@id\":\"https:\/\/www.sigillum.fi\/sv\/#website\",\"url\":\"https:\/\/www.sigillum.fi\/sv\/\",\"name\":\"Oy Sigillum Ab\",\"description\":\"Oy Sigillum Ab\",\"publisher\":{\"@id\":\"https:\/\/www.sigillum.fi\/sv\/#organization\"},\"potentialAction\":[{\"@type\":\"SearchAction\",\"target\":{\"@type\":\"EntryPoint\",\"urlTemplate\":\"https:\/\/www.sigillum.fi\/sv\/?s={search_term_string}\"},\"query-input\":\"required name=search_term_string\"}],\"inLanguage\":\"sv-SE\"},{\"@type\":\"Organization\",\"@id\":\"https:\/\/www.sigillum.fi\/sv\/#organization\",\"name\":\"Oy Sigillum Ab\",\"url\":\"https:\/\/www.sigillum.fi\/sv\/\",\"logo\":{\"@type\":\"ImageObject\",\"inLanguage\":\"sv-SE\",\"@id\":\"https:\/\/www.sigillum.fi\/sv\/#\/schema\/logo\/image\/\",\"url\":\"https:\/\/www.sigillum.fi\/wp-content\/uploads\/2019\/11\/sigillum_sinettilogo_medium.png\",\"contentUrl\":\"https:\/\/www.sigillum.fi\/wp-content\/uploads\/2019\/11\/sigillum_sinettilogo_medium.png\",\"width\":900,\"height\":780,\"caption\":\"Oy Sigillum Ab\"},\"image\":{\"@id\":\"https:\/\/www.sigillum.fi\/sv\/#\/schema\/logo\/image\/\"}}]}<\/script>\n<!-- \/ Yoast SEO plugin. -->","yoast_head_json":{"title":"Luihin ja ytimiin. Tutkimuksia ja tulkintoja Euran Luistarin kalmistosta - Oy Sigillum Ab","robots":{"index":"index","follow":"follow","max-snippet":"max-snippet:-1","max-image-preview":"max-image-preview:large","max-video-preview":"max-video-preview:-1"},"canonical":"https:\/\/www.sigillum.fi\/sv\/tuote\/ennakkomyynti-14-1-2024-asti-luihin-ja-ytimiin-tutkimuksia-ja-tulkintoja-euran-luistarin-kalmistosta\/","og_locale":"sv_SE","og_type":"article","og_title":"Luihin ja ytimiin. Tutkimuksia ja tulkintoja Euran Luistarin kalmistosta - Oy Sigillum Ab","og_description":"Kirjan toinen painos on ilmestynyt! Euran Luistari on yksi Suomen suurimmista arkeologisesti tutkituista paikoista.\u00a0Se tunnetaan Euran muinaispuvun ohella erityisesti rikkaista viikinkiajan l\u00f6yd\u00f6ist\u00e4,\u00a0joihin kuuluu runsaasti koruja ja useita miekkoja. Luistarin vaikutus...","og_url":"https:\/\/www.sigillum.fi\/sv\/tuote\/ennakkomyynti-14-1-2024-asti-luihin-ja-ytimiin-tutkimuksia-ja-tulkintoja-euran-luistarin-kalmistosta\/","og_site_name":"Oy Sigillum Ab","article_modified_time":"2026-03-27T13:35:15+00:00","og_image":[{"width":1747,"height":2560,"url":"https:\/\/www.sigillum.fi\/wp-content\/uploads\/2023\/12\/9789527220214-scaled.jpg","type":"image\/jpeg"}],"twitter_card":"summary_large_image","schema":{"@context":"https:\/\/schema.org","@graph":[{"@type":["WebPage","ItemPage"],"@id":"https:\/\/www.sigillum.fi\/sv\/tuote\/ennakkomyynti-14-1-2024-asti-luihin-ja-ytimiin-tutkimuksia-ja-tulkintoja-euran-luistarin-kalmistosta\/","url":"https:\/\/www.sigillum.fi\/sv\/tuote\/ennakkomyynti-14-1-2024-asti-luihin-ja-ytimiin-tutkimuksia-ja-tulkintoja-euran-luistarin-kalmistosta\/","name":"Luihin ja ytimiin. Tutkimuksia ja tulkintoja Euran Luistarin kalmistosta - Oy Sigillum Ab","isPartOf":{"@id":"https:\/\/www.sigillum.fi\/sv\/#website"},"datePublished":"2023-12-21T19:16:29+00:00","dateModified":"2026-03-27T13:35:15+00:00","breadcrumb":{"@id":"https:\/\/www.sigillum.fi\/sv\/tuote\/ennakkomyynti-14-1-2024-asti-luihin-ja-ytimiin-tutkimuksia-ja-tulkintoja-euran-luistarin-kalmistosta\/#breadcrumb"},"inLanguage":"sv-SE","potentialAction":[{"@type":"ReadAction","target":["https:\/\/www.sigillum.fi\/sv\/tuote\/ennakkomyynti-14-1-2024-asti-luihin-ja-ytimiin-tutkimuksia-ja-tulkintoja-euran-luistarin-kalmistosta\/"]}]},{"@type":"BreadcrumbList","@id":"https:\/\/www.sigillum.fi\/sv\/tuote\/ennakkomyynti-14-1-2024-asti-luihin-ja-ytimiin-tutkimuksia-ja-tulkintoja-euran-luistarin-kalmistosta\/#breadcrumb","itemListElement":[{"@type":"ListItem","position":1,"name":"Etusivu","item":"https:\/\/www.sigillum.fi\/sv\/"},{"@type":"ListItem","position":2,"name":"Butik","item":"https:\/\/www.sigillum.fi\/sv\/butik\/"},{"@type":"ListItem","position":3,"name":"Luihin ja ytimiin. Tutkimuksia ja tulkintoja Euran Luistarin kalmistosta"}]},{"@type":"WebSite","@id":"https:\/\/www.sigillum.fi\/sv\/#website","url":"https:\/\/www.sigillum.fi\/sv\/","name":"Oy Sigillum Ab","description":"Oy Sigillum Ab","publisher":{"@id":"https:\/\/www.sigillum.fi\/sv\/#organization"},"potentialAction":[{"@type":"SearchAction","target":{"@type":"EntryPoint","urlTemplate":"https:\/\/www.sigillum.fi\/sv\/?s={search_term_string}"},"query-input":"required name=search_term_string"}],"inLanguage":"sv-SE"},{"@type":"Organization","@id":"https:\/\/www.sigillum.fi\/sv\/#organization","name":"Oy Sigillum Ab","url":"https:\/\/www.sigillum.fi\/sv\/","logo":{"@type":"ImageObject","inLanguage":"sv-SE","@id":"https:\/\/www.sigillum.fi\/sv\/#\/schema\/logo\/image\/","url":"https:\/\/www.sigillum.fi\/wp-content\/uploads\/2019\/11\/sigillum_sinettilogo_medium.png","contentUrl":"https:\/\/www.sigillum.fi\/wp-content\/uploads\/2019\/11\/sigillum_sinettilogo_medium.png","width":900,"height":780,"caption":"Oy Sigillum Ab"},"image":{"@id":"https:\/\/www.sigillum.fi\/sv\/#\/schema\/logo\/image\/"}}]}},"_links":{"self":[{"href":"https:\/\/www.sigillum.fi\/sv\/wp-json\/wp\/v2\/product\/3930","targetHints":{"allow":["GET"]}}],"collection":[{"href":"https:\/\/www.sigillum.fi\/sv\/wp-json\/wp\/v2\/product"}],"about":[{"href":"https:\/\/www.sigillum.fi\/sv\/wp-json\/wp\/v2\/types\/product"}],"replies":[{"embeddable":true,"href":"https:\/\/www.sigillum.fi\/sv\/wp-json\/wp\/v2\/comments?post=3930"}],"wp:featuredmedia":[{"embeddable":true,"href":"https:\/\/www.sigillum.fi\/sv\/wp-json\/wp\/v2\/media\/3931"}],"wp:attachment":[{"href":"https:\/\/www.sigillum.fi\/sv\/wp-json\/wp\/v2\/media?parent=3930"}],"wp:term":[{"taxonomy":"product_brand","embeddable":true,"href":"https:\/\/www.sigillum.fi\/sv\/wp-json\/wp\/v2\/product_brand?post=3930"},{"taxonomy":"product_cat","embeddable":true,"href":"https:\/\/www.sigillum.fi\/sv\/wp-json\/wp\/v2\/product_cat?post=3930"},{"taxonomy":"product_tag","embeddable":true,"href":"https:\/\/www.sigillum.fi\/sv\/wp-json\/wp\/v2\/product_tag?post=3930"}],"curies":[{"name":"wp","href":"https:\/\/api.w.org\/{rel}","templated":true}]}}