{"id":2743,"date":"2020-10-10T12:44:38","date_gmt":"2020-10-10T09:44:38","guid":{"rendered":"https:\/\/www.sigillum.fi\/?post_type=product&#038;p=2743"},"modified":"2026-03-27T15:35:18","modified_gmt":"2026-03-27T13:35:18","slug":"tiedenainen-peilissa-arkeologian-professori-ella-kivikosken-elama-ja-tutkimuskentat","status":"publish","type":"product","link":"https:\/\/www.sigillum.fi\/sv\/tuote\/tiedenainen-peilissa-arkeologian-professori-ella-kivikosken-elama-ja-tutkimuskentat\/","title":{"rendered":"Tiedenainen peiliss\u00e4. Arkeologian professori Ella Kivikosken el\u00e4m\u00e4 ja tutkimuskent\u00e4t"},"content":{"rendered":"<div class=\"page\" title=\"Page 1\">\n<div class=\"section\">\n<p>Professori Ella Margareta Kivikoski (1901\u20131990) oli Suomen arkeologian\u00a0uranuurtaja ja monessa suhteessa edell\u00e4k\u00e4vij\u00e4, joka vaikutti vahvasti\u00a0tieteenalansa kehitykseen. Kivikoski oli kansainv\u00e4liset mitat t\u00e4ytt\u00e4v\u00e4\u00a0arkeologi, joka on liian usein varhaisia tutkijanaisia esitelt\u00e4ess\u00e4 j\u00e4\u00e4nyt\u00a0unohduksiin.<\/p>\n<p>Historiakiinnostus, professori Aarne Micha\u00ebl Tallgrenin innoittavat arkeologian\u00a0luennot ja kannustus kansainv\u00e4liseen tutkijaverkostoon sek\u00e4\u00a0museoty\u00f6 Muinaistieteellisen toimikunnan (nyk. Museovirasto) palveluksessa\u00a0kentt\u00e4t\u00f6ineen avasivat n\u00e4kym\u00e4t muinaisuuteen sek\u00e4 viitoittivat\u00a0tiet\u00e4 arkeologiselle tiedeuralle. Kivikoski nimitettiin aluksi toimikunnan\u00a0esihistoriallisen osaston ensimm\u00e4iseksi naispuoliseksi amanuenssiksi.\u00a0V\u00e4itelty\u00e4\u00e4n Kivikoskesta tuli aikanaan Helsingin yliopiston ainoa naisprofessori\u00a0ja samalla Pohjoismaiden ensimm\u00e4inen naispuolinen arkeologian\u00a0professori. H\u00e4n oli my\u00f6s Suomalaisen Tiedeakatemian ensimm\u00e4inen\u00a0naisj\u00e4sen. Kivikosken kirjoittamat Suomen esihistoriaa k\u00e4sittelev\u00e4t teokset\u00a0ovat kuluneet monen lukijapolven k\u00e4siss\u00e4. H\u00e4nen tuotantonsa keskittyy\u00a0rautakauteen.<\/p>\n<p>Usean eri tieteenalanasiantuntijan kirjoittamassa artikkelikokoelmassa kohtaavat\u00a0henkil\u00f6historialliset ainekset, arkeologia, historia, tieteenhistoria, kulttuurientutkimus,\u00a0sukupuolentutkimus, kielitiede, kasvitiede ja osteologia.\u00a0Teos kutoo yhteen joukon p\u00e4\u00e4henkil\u00f6n keskeisi\u00e4 tutkimusaiheita, joista\u00a0monet ovat edelleen ajankohtaisia.<\/p>\n<p>Toimittaneet Minna Silver ja Pirjo Uino. 600 s., v\u00e4ri- ja mustavalkokuvitus.<\/p>\n<\/div>\n<\/div>\n","protected":false},"excerpt":{"rendered":"<p>Professori Ella Margareta Kivikoski (1901\u20131990) oli Suomen arkeologian\u00a0uranuurtaja ja monessa suhteessa edell\u00e4k\u00e4vij\u00e4, joka vaikutti vahvasti\u00a0tieteenalansa kehitykseen. Kivikoski oli kansainv\u00e4liset mitat t\u00e4ytt\u00e4v\u00e4\u00a0arkeologi, joka on liian usein varhaisia tutkijanaisia esitelt\u00e4ess\u00e4 j\u00e4\u00e4nyt\u00a0unohduksiin. Historiakiinnostus,&#8230;<\/p>\n","protected":false},"featured_media":2744,"comment_status":"closed","ping_status":"closed","template":"","meta":[],"product_brand":[],"product_cat":[122],"product_tag":[],"class_list":{"0":"post-2743","1":"product","2":"type-product","3":"status-publish","4":"has-post-thumbnail","6":"product_cat-kirjat","7":"product_shipping_class-postipaketti","9":"first","10":"instock","11":"taxable","12":"shipping-taxable","13":"purchasable","14":"product-type-simple"},"yoast_head":"<!-- This site is optimized with the Yoast SEO plugin v21.1 - https:\/\/yoast.com\/wordpress\/plugins\/seo\/ -->\n<title>Tiedenainen peiliss\u00e4. Arkeologian professori Ella Kivikosken el\u00e4m\u00e4 ja tutkimuskent\u00e4t - Oy Sigillum Ab<\/title>\n<meta name=\"description\" content=\"Professori Ella Margareta Kivikoski (1901\u20131990) oli Suomen arkeologian\u00a0uranuurtaja ja monessa suhteessa edell\u00e4k\u00e4vij\u00e4, joka vaikutti vahvasti\u00a0tieteenalansa kehitykseen.\" \/>\n<meta name=\"robots\" content=\"index, follow, max-snippet:-1, max-image-preview:large, max-video-preview:-1\" \/>\n<link rel=\"canonical\" href=\"https:\/\/www.sigillum.fi\/sv\/tuote\/tiedenainen-peilissa-arkeologian-professori-ella-kivikosken-elama-ja-tutkimuskentat\/\" \/>\n<meta property=\"og:locale\" content=\"sv_SE\" \/>\n<meta property=\"og:type\" content=\"article\" \/>\n<meta property=\"og:title\" content=\"Tiedenainen peiliss\u00e4. Arkeologian professori Ella Kivikosken el\u00e4m\u00e4 ja tutkimuskent\u00e4t - Oy Sigillum Ab\" \/>\n<meta property=\"og:description\" content=\"Professori Ella Margareta Kivikoski (1901\u20131990) oli Suomen arkeologian\u00a0uranuurtaja ja monessa suhteessa edell\u00e4k\u00e4vij\u00e4, joka vaikutti vahvasti\u00a0tieteenalansa kehitykseen.\" \/>\n<meta property=\"og:url\" content=\"https:\/\/www.sigillum.fi\/sv\/tuote\/tiedenainen-peilissa-arkeologian-professori-ella-kivikosken-elama-ja-tutkimuskentat\/\" \/>\n<meta property=\"og:site_name\" content=\"Oy Sigillum Ab\" \/>\n<meta property=\"article:modified_time\" content=\"2026-03-27T13:35:18+00:00\" \/>\n<meta property=\"og:image\" content=\"https:\/\/www.sigillum.fi\/wp-content\/uploads\/2020\/10\/Etukansi_serif-scaled-e1602322925208.jpg\" \/>\n\t<meta property=\"og:image:width\" content=\"282\" \/>\n\t<meta property=\"og:image:height\" content=\"400\" \/>\n\t<meta property=\"og:image:type\" content=\"image\/jpeg\" \/>\n<meta name=\"twitter:card\" content=\"summary_large_image\" \/>\n<script type=\"application\/ld+json\" class=\"yoast-schema-graph\">{\"@context\":\"https:\/\/schema.org\",\"@graph\":[{\"@type\":[\"WebPage\",\"ItemPage\"],\"@id\":\"https:\/\/www.sigillum.fi\/sv\/tuote\/tiedenainen-peilissa-arkeologian-professori-ella-kivikosken-elama-ja-tutkimuskentat\/\",\"url\":\"https:\/\/www.sigillum.fi\/sv\/tuote\/tiedenainen-peilissa-arkeologian-professori-ella-kivikosken-elama-ja-tutkimuskentat\/\",\"name\":\"Tiedenainen peiliss\u00e4. Arkeologian professori Ella Kivikosken el\u00e4m\u00e4 ja tutkimuskent\u00e4t - Oy Sigillum Ab\",\"isPartOf\":{\"@id\":\"https:\/\/www.sigillum.fi\/sv\/#website\"},\"datePublished\":\"2020-10-10T09:44:38+00:00\",\"dateModified\":\"2026-03-27T13:35:18+00:00\",\"description\":\"Professori Ella Margareta Kivikoski (1901\u20131990) oli Suomen arkeologian\u00a0uranuurtaja ja monessa suhteessa edell\u00e4k\u00e4vij\u00e4, joka vaikutti vahvasti\u00a0tieteenalansa kehitykseen.\",\"breadcrumb\":{\"@id\":\"https:\/\/www.sigillum.fi\/sv\/tuote\/tiedenainen-peilissa-arkeologian-professori-ella-kivikosken-elama-ja-tutkimuskentat\/#breadcrumb\"},\"inLanguage\":\"sv-SE\",\"potentialAction\":[{\"@type\":\"ReadAction\",\"target\":[\"https:\/\/www.sigillum.fi\/sv\/tuote\/tiedenainen-peilissa-arkeologian-professori-ella-kivikosken-elama-ja-tutkimuskentat\/\"]}]},{\"@type\":\"BreadcrumbList\",\"@id\":\"https:\/\/www.sigillum.fi\/sv\/tuote\/tiedenainen-peilissa-arkeologian-professori-ella-kivikosken-elama-ja-tutkimuskentat\/#breadcrumb\",\"itemListElement\":[{\"@type\":\"ListItem\",\"position\":1,\"name\":\"Etusivu\",\"item\":\"https:\/\/www.sigillum.fi\/sv\/\"},{\"@type\":\"ListItem\",\"position\":2,\"name\":\"Butik\",\"item\":\"https:\/\/www.sigillum.fi\/sv\/butik\/\"},{\"@type\":\"ListItem\",\"position\":3,\"name\":\"Tiedenainen peiliss\u00e4. Arkeologian professori Ella Kivikosken el\u00e4m\u00e4 ja tutkimuskent\u00e4t\"}]},{\"@type\":\"WebSite\",\"@id\":\"https:\/\/www.sigillum.fi\/sv\/#website\",\"url\":\"https:\/\/www.sigillum.fi\/sv\/\",\"name\":\"Oy Sigillum Ab\",\"description\":\"Oy Sigillum Ab\",\"publisher\":{\"@id\":\"https:\/\/www.sigillum.fi\/sv\/#organization\"},\"potentialAction\":[{\"@type\":\"SearchAction\",\"target\":{\"@type\":\"EntryPoint\",\"urlTemplate\":\"https:\/\/www.sigillum.fi\/sv\/?s={search_term_string}\"},\"query-input\":\"required name=search_term_string\"}],\"inLanguage\":\"sv-SE\"},{\"@type\":\"Organization\",\"@id\":\"https:\/\/www.sigillum.fi\/sv\/#organization\",\"name\":\"Oy Sigillum Ab\",\"url\":\"https:\/\/www.sigillum.fi\/sv\/\",\"logo\":{\"@type\":\"ImageObject\",\"inLanguage\":\"sv-SE\",\"@id\":\"https:\/\/www.sigillum.fi\/sv\/#\/schema\/logo\/image\/\",\"url\":\"https:\/\/www.sigillum.fi\/wp-content\/uploads\/2019\/11\/sigillum_sinettilogo_medium.png\",\"contentUrl\":\"https:\/\/www.sigillum.fi\/wp-content\/uploads\/2019\/11\/sigillum_sinettilogo_medium.png\",\"width\":900,\"height\":780,\"caption\":\"Oy Sigillum Ab\"},\"image\":{\"@id\":\"https:\/\/www.sigillum.fi\/sv\/#\/schema\/logo\/image\/\"}}]}<\/script>\n<!-- \/ Yoast SEO plugin. -->","yoast_head_json":{"title":"Tiedenainen peiliss\u00e4. Arkeologian professori Ella Kivikosken el\u00e4m\u00e4 ja tutkimuskent\u00e4t - Oy Sigillum Ab","description":"Professori Ella Margareta Kivikoski (1901\u20131990) oli Suomen arkeologian\u00a0uranuurtaja ja monessa suhteessa edell\u00e4k\u00e4vij\u00e4, joka vaikutti vahvasti\u00a0tieteenalansa kehitykseen.","robots":{"index":"index","follow":"follow","max-snippet":"max-snippet:-1","max-image-preview":"max-image-preview:large","max-video-preview":"max-video-preview:-1"},"canonical":"https:\/\/www.sigillum.fi\/sv\/tuote\/tiedenainen-peilissa-arkeologian-professori-ella-kivikosken-elama-ja-tutkimuskentat\/","og_locale":"sv_SE","og_type":"article","og_title":"Tiedenainen peiliss\u00e4. Arkeologian professori Ella Kivikosken el\u00e4m\u00e4 ja tutkimuskent\u00e4t - Oy Sigillum Ab","og_description":"Professori Ella Margareta Kivikoski (1901\u20131990) oli Suomen arkeologian\u00a0uranuurtaja ja monessa suhteessa edell\u00e4k\u00e4vij\u00e4, joka vaikutti vahvasti\u00a0tieteenalansa kehitykseen.","og_url":"https:\/\/www.sigillum.fi\/sv\/tuote\/tiedenainen-peilissa-arkeologian-professori-ella-kivikosken-elama-ja-tutkimuskentat\/","og_site_name":"Oy Sigillum Ab","article_modified_time":"2026-03-27T13:35:18+00:00","og_image":[{"width":282,"height":400,"url":"https:\/\/www.sigillum.fi\/wp-content\/uploads\/2020\/10\/Etukansi_serif-scaled-e1602322925208.jpg","type":"image\/jpeg"}],"twitter_card":"summary_large_image","schema":{"@context":"https:\/\/schema.org","@graph":[{"@type":["WebPage","ItemPage"],"@id":"https:\/\/www.sigillum.fi\/sv\/tuote\/tiedenainen-peilissa-arkeologian-professori-ella-kivikosken-elama-ja-tutkimuskentat\/","url":"https:\/\/www.sigillum.fi\/sv\/tuote\/tiedenainen-peilissa-arkeologian-professori-ella-kivikosken-elama-ja-tutkimuskentat\/","name":"Tiedenainen peiliss\u00e4. Arkeologian professori Ella Kivikosken el\u00e4m\u00e4 ja tutkimuskent\u00e4t - Oy Sigillum Ab","isPartOf":{"@id":"https:\/\/www.sigillum.fi\/sv\/#website"},"datePublished":"2020-10-10T09:44:38+00:00","dateModified":"2026-03-27T13:35:18+00:00","description":"Professori Ella Margareta Kivikoski (1901\u20131990) oli Suomen arkeologian\u00a0uranuurtaja ja monessa suhteessa edell\u00e4k\u00e4vij\u00e4, joka vaikutti vahvasti\u00a0tieteenalansa kehitykseen.","breadcrumb":{"@id":"https:\/\/www.sigillum.fi\/sv\/tuote\/tiedenainen-peilissa-arkeologian-professori-ella-kivikosken-elama-ja-tutkimuskentat\/#breadcrumb"},"inLanguage":"sv-SE","potentialAction":[{"@type":"ReadAction","target":["https:\/\/www.sigillum.fi\/sv\/tuote\/tiedenainen-peilissa-arkeologian-professori-ella-kivikosken-elama-ja-tutkimuskentat\/"]}]},{"@type":"BreadcrumbList","@id":"https:\/\/www.sigillum.fi\/sv\/tuote\/tiedenainen-peilissa-arkeologian-professori-ella-kivikosken-elama-ja-tutkimuskentat\/#breadcrumb","itemListElement":[{"@type":"ListItem","position":1,"name":"Etusivu","item":"https:\/\/www.sigillum.fi\/sv\/"},{"@type":"ListItem","position":2,"name":"Butik","item":"https:\/\/www.sigillum.fi\/sv\/butik\/"},{"@type":"ListItem","position":3,"name":"Tiedenainen peiliss\u00e4. Arkeologian professori Ella Kivikosken el\u00e4m\u00e4 ja tutkimuskent\u00e4t"}]},{"@type":"WebSite","@id":"https:\/\/www.sigillum.fi\/sv\/#website","url":"https:\/\/www.sigillum.fi\/sv\/","name":"Oy Sigillum Ab","description":"Oy Sigillum Ab","publisher":{"@id":"https:\/\/www.sigillum.fi\/sv\/#organization"},"potentialAction":[{"@type":"SearchAction","target":{"@type":"EntryPoint","urlTemplate":"https:\/\/www.sigillum.fi\/sv\/?s={search_term_string}"},"query-input":"required name=search_term_string"}],"inLanguage":"sv-SE"},{"@type":"Organization","@id":"https:\/\/www.sigillum.fi\/sv\/#organization","name":"Oy Sigillum Ab","url":"https:\/\/www.sigillum.fi\/sv\/","logo":{"@type":"ImageObject","inLanguage":"sv-SE","@id":"https:\/\/www.sigillum.fi\/sv\/#\/schema\/logo\/image\/","url":"https:\/\/www.sigillum.fi\/wp-content\/uploads\/2019\/11\/sigillum_sinettilogo_medium.png","contentUrl":"https:\/\/www.sigillum.fi\/wp-content\/uploads\/2019\/11\/sigillum_sinettilogo_medium.png","width":900,"height":780,"caption":"Oy Sigillum Ab"},"image":{"@id":"https:\/\/www.sigillum.fi\/sv\/#\/schema\/logo\/image\/"}}]}},"_links":{"self":[{"href":"https:\/\/www.sigillum.fi\/sv\/wp-json\/wp\/v2\/product\/2743","targetHints":{"allow":["GET"]}}],"collection":[{"href":"https:\/\/www.sigillum.fi\/sv\/wp-json\/wp\/v2\/product"}],"about":[{"href":"https:\/\/www.sigillum.fi\/sv\/wp-json\/wp\/v2\/types\/product"}],"replies":[{"embeddable":true,"href":"https:\/\/www.sigillum.fi\/sv\/wp-json\/wp\/v2\/comments?post=2743"}],"wp:featuredmedia":[{"embeddable":true,"href":"https:\/\/www.sigillum.fi\/sv\/wp-json\/wp\/v2\/media\/2744"}],"wp:attachment":[{"href":"https:\/\/www.sigillum.fi\/sv\/wp-json\/wp\/v2\/media?parent=2743"}],"wp:term":[{"taxonomy":"product_brand","embeddable":true,"href":"https:\/\/www.sigillum.fi\/sv\/wp-json\/wp\/v2\/product_brand?post=2743"},{"taxonomy":"product_cat","embeddable":true,"href":"https:\/\/www.sigillum.fi\/sv\/wp-json\/wp\/v2\/product_cat?post=2743"},{"taxonomy":"product_tag","embeddable":true,"href":"https:\/\/www.sigillum.fi\/sv\/wp-json\/wp\/v2\/product_tag?post=2743"}],"curies":[{"name":"wp","href":"https:\/\/api.w.org\/{rel}","templated":true}]}}