{"id":2732,"date":"2020-10-05T12:10:48","date_gmt":"2020-10-05T09:10:48","guid":{"rendered":"https:\/\/www.sigillum.fi\/?post_type=product&#038;p=2732"},"modified":"2024-09-04T01:40:59","modified_gmt":"2024-09-03T22:40:59","slug":"jainen-kuolema-suomen-talvisota-lautapeli","status":"publish","type":"product","link":"https:\/\/www.sigillum.fi\/sv\/tuote\/jainen-kuolema-suomen-talvisota-lautapeli\/","title":{"rendered":"J\u00e4inen kuolema \u2013 Suomen talvisota lautapeli"},"content":{"rendered":"<p>J\u00e4inen kuolema \u2013 Suomen talvisota on kahden pelaajan lautapeli Suomen ja Neuvostoliiton v\u00e4lisest\u00e4 talvisodasta vuosina 1939-1940 ja tiest\u00e4 tuohon konfliktiin.<\/p>\n<p>Pelin lautana on kartta, johon on kuvattu kolme rintamaa, joilla p\u00e4\u00e4asialliset taistelut tapahtuivat ja miss\u00e4 Neuvostoliiton pelaaja yritt\u00e4\u00e4 edet\u00e4 joukkoineen kun Suomen pelaajan yksik\u00f6t, heikommin varusteltuina mutta paremmin sopeutuneina j\u00e4\u00e4t\u00e4viin l\u00e4mp\u00f6tiloihin yrittiv\u00e4t ep\u00e4toivoisesti pys\u00e4ytt\u00e4\u00e4 n\u00e4it\u00e4. L\u00e4nsivaltojen alkaessa harkita interventiota, alkoi hiekka molempien osapuolten tiimalasissa k\u00e4yd\u00e4 v\u00e4hiin. Kest\u00e4isik\u00f6 suomalaisten puolustus yh\u00e4 raivokkaammat hy\u00f6kk\u00e4ykset ja toisaalta olisiko Stalin valmis maksamaan poliittisen hinnan taistelusta, joka vastoin h\u00e4nen oletuksiaan ei osoittautunutkaan paraatimarssiksi Helsinkiin.<\/p>\n<p>Peli on korttivetoinen ja pelimekaniikan syd\u00e4men muodostavat yli 50 toimintakorttia (joista jokaisessa on kuva konfliktin ajalta). Kortteja voi k\u00e4ytt\u00e4\u00e4 joko tapahtumina tai toimintapistein\u00e4. Tapahtumiin kuuluvat niin vodka annoksen rohkaisemat neuvostojoukot, maailman ensimm\u00e4isen naisdiplomaatin madame Kollontain diplomaattiset man\u00f6\u00f6verit kuin Suomen USA:ssa ennen sotaa hankkima sympatia ainoana maana joka maksoi velkansa.<\/p>\n","protected":false},"excerpt":{"rendered":"<p>J\u00e4inen kuolema \u2013 Suomen talvisota on kahden pelaajan lautapeli Suomen ja Neuvostoliiton v\u00e4lisest\u00e4 talvisodasta vuosina 1939-1940 ja tiest\u00e4 tuohon konfliktiin.<\/p>\n<p>Peli on korttivetoinen ja pelimekaniikan syd\u00e4men muodostavat yli 50 toimintakorttia (joista jokaisessa on kuva konfliktin ajalta). Kortteja voi k\u00e4ytt\u00e4\u00e4 joko tapahtumina tai toimintapistein\u00e4. Tapahtumiin kuuluvat niin vodka annoksen rohkaisemat neuvostojoukot, maailman ensimm\u00e4isen naisdiplomaatin madame Kollontain diplomaattiset man\u00f6\u00f6verit kuin Suomen USA:ssa ennen sotaa hankkima sympatia ainoana maana joka maksoi velkansa.<\/p>\n","protected":false},"featured_media":2733,"comment_status":"closed","ping_status":"closed","template":"","meta":[],"product_brand":[],"product_cat":[123],"product_tag":[174,175,77],"class_list":{"0":"post-2732","1":"product","2":"type-product","3":"status-publish","4":"has-post-thumbnail","6":"product_cat-pelit","7":"product_tag-lautapeli","8":"product_tag-sotapeli","9":"product_tag-talvisota","11":"first","12":"instock","13":"taxable","14":"shipping-taxable","15":"purchasable","16":"product-type-simple"},"yoast_head":"<!-- This site is optimized with the Yoast SEO plugin v21.1 - https:\/\/yoast.com\/wordpress\/plugins\/seo\/ -->\n<title>J\u00e4inen kuolema \u2013 Suomen talvisota lautapeli - Oy Sigillum Ab<\/title>\n<meta name=\"description\" content=\"J\u00e4inen kuolema \u2013 Suomen talvisota on kahden pelaajan lautapeli Suomen ja Neuvostoliiton v\u00e4lisest\u00e4 talvisodasta vuosina 1939-1940 ja tiest\u00e4 tuohon konfliktiin.\" \/>\n<meta name=\"robots\" content=\"index, follow, max-snippet:-1, max-image-preview:large, max-video-preview:-1\" \/>\n<link rel=\"canonical\" href=\"https:\/\/www.sigillum.fi\/sv\/tuote\/jainen-kuolema-suomen-talvisota-lautapeli\/\" \/>\n<meta property=\"og:locale\" content=\"sv_SE\" \/>\n<meta property=\"og:type\" content=\"article\" \/>\n<meta property=\"og:title\" content=\"J\u00e4inen kuolema \u2013 Suomen talvisota lautapeli - Oy Sigillum Ab\" \/>\n<meta property=\"og:description\" content=\"J\u00e4inen kuolema \u2013 Suomen talvisota on kahden pelaajan lautapeli Suomen ja Neuvostoliiton v\u00e4lisest\u00e4 talvisodasta vuosina 1939-1940 ja tiest\u00e4 tuohon konfliktiin.\" \/>\n<meta property=\"og:url\" content=\"https:\/\/www.sigillum.fi\/sv\/tuote\/jainen-kuolema-suomen-talvisota-lautapeli\/\" \/>\n<meta property=\"og:site_name\" content=\"Oy Sigillum Ab\" \/>\n<meta property=\"article:modified_time\" content=\"2024-09-03T22:40:59+00:00\" \/>\n<meta property=\"og:image\" content=\"https:\/\/www.sigillum.fi\/wp-content\/uploads\/2020\/10\/J\u00e4inen-kuolema.jpg\" \/>\n\t<meta property=\"og:image:width\" content=\"666\" \/>\n\t<meta property=\"og:image:height\" content=\"864\" \/>\n\t<meta property=\"og:image:type\" content=\"image\/jpeg\" \/>\n<meta name=\"twitter:card\" content=\"summary_large_image\" \/>\n<script type=\"application\/ld+json\" class=\"yoast-schema-graph\">{\"@context\":\"https:\/\/schema.org\",\"@graph\":[{\"@type\":[\"WebPage\",\"ItemPage\"],\"@id\":\"https:\/\/www.sigillum.fi\/sv\/tuote\/jainen-kuolema-suomen-talvisota-lautapeli\/\",\"url\":\"https:\/\/www.sigillum.fi\/sv\/tuote\/jainen-kuolema-suomen-talvisota-lautapeli\/\",\"name\":\"J\u00e4inen kuolema \u2013 Suomen talvisota lautapeli - Oy Sigillum Ab\",\"isPartOf\":{\"@id\":\"https:\/\/www.sigillum.fi\/sv\/#website\"},\"datePublished\":\"2020-10-05T09:10:48+00:00\",\"dateModified\":\"2024-09-03T22:40:59+00:00\",\"description\":\"J\u00e4inen kuolema \u2013 Suomen talvisota on kahden pelaajan lautapeli Suomen ja Neuvostoliiton v\u00e4lisest\u00e4 talvisodasta vuosina 1939-1940 ja tiest\u00e4 tuohon konfliktiin.\",\"breadcrumb\":{\"@id\":\"https:\/\/www.sigillum.fi\/sv\/tuote\/jainen-kuolema-suomen-talvisota-lautapeli\/#breadcrumb\"},\"inLanguage\":\"sv-SE\",\"potentialAction\":[{\"@type\":\"ReadAction\",\"target\":[\"https:\/\/www.sigillum.fi\/sv\/tuote\/jainen-kuolema-suomen-talvisota-lautapeli\/\"]}]},{\"@type\":\"BreadcrumbList\",\"@id\":\"https:\/\/www.sigillum.fi\/sv\/tuote\/jainen-kuolema-suomen-talvisota-lautapeli\/#breadcrumb\",\"itemListElement\":[{\"@type\":\"ListItem\",\"position\":1,\"name\":\"Etusivu\",\"item\":\"https:\/\/www.sigillum.fi\/sv\/\"},{\"@type\":\"ListItem\",\"position\":2,\"name\":\"Butik\",\"item\":\"https:\/\/www.sigillum.fi\/sv\/butik\/\"},{\"@type\":\"ListItem\",\"position\":3,\"name\":\"J\u00e4inen kuolema \u2013 Suomen talvisota lautapeli\"}]},{\"@type\":\"WebSite\",\"@id\":\"https:\/\/www.sigillum.fi\/sv\/#website\",\"url\":\"https:\/\/www.sigillum.fi\/sv\/\",\"name\":\"Oy Sigillum Ab\",\"description\":\"Oy Sigillum Ab\",\"publisher\":{\"@id\":\"https:\/\/www.sigillum.fi\/sv\/#organization\"},\"potentialAction\":[{\"@type\":\"SearchAction\",\"target\":{\"@type\":\"EntryPoint\",\"urlTemplate\":\"https:\/\/www.sigillum.fi\/sv\/?s={search_term_string}\"},\"query-input\":\"required name=search_term_string\"}],\"inLanguage\":\"sv-SE\"},{\"@type\":\"Organization\",\"@id\":\"https:\/\/www.sigillum.fi\/sv\/#organization\",\"name\":\"Oy Sigillum Ab\",\"url\":\"https:\/\/www.sigillum.fi\/sv\/\",\"logo\":{\"@type\":\"ImageObject\",\"inLanguage\":\"sv-SE\",\"@id\":\"https:\/\/www.sigillum.fi\/sv\/#\/schema\/logo\/image\/\",\"url\":\"https:\/\/www.sigillum.fi\/wp-content\/uploads\/2019\/11\/sigillum_sinettilogo_medium.png\",\"contentUrl\":\"https:\/\/www.sigillum.fi\/wp-content\/uploads\/2019\/11\/sigillum_sinettilogo_medium.png\",\"width\":900,\"height\":780,\"caption\":\"Oy Sigillum Ab\"},\"image\":{\"@id\":\"https:\/\/www.sigillum.fi\/sv\/#\/schema\/logo\/image\/\"}}]}<\/script>\n<!-- \/ Yoast SEO plugin. -->","yoast_head_json":{"title":"J\u00e4inen kuolema \u2013 Suomen talvisota lautapeli - Oy Sigillum Ab","description":"J\u00e4inen kuolema \u2013 Suomen talvisota on kahden pelaajan lautapeli Suomen ja Neuvostoliiton v\u00e4lisest\u00e4 talvisodasta vuosina 1939-1940 ja tiest\u00e4 tuohon konfliktiin.","robots":{"index":"index","follow":"follow","max-snippet":"max-snippet:-1","max-image-preview":"max-image-preview:large","max-video-preview":"max-video-preview:-1"},"canonical":"https:\/\/www.sigillum.fi\/sv\/tuote\/jainen-kuolema-suomen-talvisota-lautapeli\/","og_locale":"sv_SE","og_type":"article","og_title":"J\u00e4inen kuolema \u2013 Suomen talvisota lautapeli - Oy Sigillum Ab","og_description":"J\u00e4inen kuolema \u2013 Suomen talvisota on kahden pelaajan lautapeli Suomen ja Neuvostoliiton v\u00e4lisest\u00e4 talvisodasta vuosina 1939-1940 ja tiest\u00e4 tuohon konfliktiin.","og_url":"https:\/\/www.sigillum.fi\/sv\/tuote\/jainen-kuolema-suomen-talvisota-lautapeli\/","og_site_name":"Oy Sigillum Ab","article_modified_time":"2024-09-03T22:40:59+00:00","og_image":[{"width":666,"height":864,"url":"https:\/\/www.sigillum.fi\/wp-content\/uploads\/2020\/10\/J\u00e4inen-kuolema.jpg","type":"image\/jpeg"}],"twitter_card":"summary_large_image","schema":{"@context":"https:\/\/schema.org","@graph":[{"@type":["WebPage","ItemPage"],"@id":"https:\/\/www.sigillum.fi\/sv\/tuote\/jainen-kuolema-suomen-talvisota-lautapeli\/","url":"https:\/\/www.sigillum.fi\/sv\/tuote\/jainen-kuolema-suomen-talvisota-lautapeli\/","name":"J\u00e4inen kuolema \u2013 Suomen talvisota lautapeli - Oy Sigillum Ab","isPartOf":{"@id":"https:\/\/www.sigillum.fi\/sv\/#website"},"datePublished":"2020-10-05T09:10:48+00:00","dateModified":"2024-09-03T22:40:59+00:00","description":"J\u00e4inen kuolema \u2013 Suomen talvisota on kahden pelaajan lautapeli Suomen ja Neuvostoliiton v\u00e4lisest\u00e4 talvisodasta vuosina 1939-1940 ja tiest\u00e4 tuohon konfliktiin.","breadcrumb":{"@id":"https:\/\/www.sigillum.fi\/sv\/tuote\/jainen-kuolema-suomen-talvisota-lautapeli\/#breadcrumb"},"inLanguage":"sv-SE","potentialAction":[{"@type":"ReadAction","target":["https:\/\/www.sigillum.fi\/sv\/tuote\/jainen-kuolema-suomen-talvisota-lautapeli\/"]}]},{"@type":"BreadcrumbList","@id":"https:\/\/www.sigillum.fi\/sv\/tuote\/jainen-kuolema-suomen-talvisota-lautapeli\/#breadcrumb","itemListElement":[{"@type":"ListItem","position":1,"name":"Etusivu","item":"https:\/\/www.sigillum.fi\/sv\/"},{"@type":"ListItem","position":2,"name":"Butik","item":"https:\/\/www.sigillum.fi\/sv\/butik\/"},{"@type":"ListItem","position":3,"name":"J\u00e4inen kuolema \u2013 Suomen talvisota lautapeli"}]},{"@type":"WebSite","@id":"https:\/\/www.sigillum.fi\/sv\/#website","url":"https:\/\/www.sigillum.fi\/sv\/","name":"Oy Sigillum Ab","description":"Oy Sigillum Ab","publisher":{"@id":"https:\/\/www.sigillum.fi\/sv\/#organization"},"potentialAction":[{"@type":"SearchAction","target":{"@type":"EntryPoint","urlTemplate":"https:\/\/www.sigillum.fi\/sv\/?s={search_term_string}"},"query-input":"required name=search_term_string"}],"inLanguage":"sv-SE"},{"@type":"Organization","@id":"https:\/\/www.sigillum.fi\/sv\/#organization","name":"Oy Sigillum Ab","url":"https:\/\/www.sigillum.fi\/sv\/","logo":{"@type":"ImageObject","inLanguage":"sv-SE","@id":"https:\/\/www.sigillum.fi\/sv\/#\/schema\/logo\/image\/","url":"https:\/\/www.sigillum.fi\/wp-content\/uploads\/2019\/11\/sigillum_sinettilogo_medium.png","contentUrl":"https:\/\/www.sigillum.fi\/wp-content\/uploads\/2019\/11\/sigillum_sinettilogo_medium.png","width":900,"height":780,"caption":"Oy Sigillum Ab"},"image":{"@id":"https:\/\/www.sigillum.fi\/sv\/#\/schema\/logo\/image\/"}}]}},"_links":{"self":[{"href":"https:\/\/www.sigillum.fi\/sv\/wp-json\/wp\/v2\/product\/2732","targetHints":{"allow":["GET"]}}],"collection":[{"href":"https:\/\/www.sigillum.fi\/sv\/wp-json\/wp\/v2\/product"}],"about":[{"href":"https:\/\/www.sigillum.fi\/sv\/wp-json\/wp\/v2\/types\/product"}],"replies":[{"embeddable":true,"href":"https:\/\/www.sigillum.fi\/sv\/wp-json\/wp\/v2\/comments?post=2732"}],"wp:featuredmedia":[{"embeddable":true,"href":"https:\/\/www.sigillum.fi\/sv\/wp-json\/wp\/v2\/media\/2733"}],"wp:attachment":[{"href":"https:\/\/www.sigillum.fi\/sv\/wp-json\/wp\/v2\/media?parent=2732"}],"wp:term":[{"taxonomy":"product_brand","embeddable":true,"href":"https:\/\/www.sigillum.fi\/sv\/wp-json\/wp\/v2\/product_brand?post=2732"},{"taxonomy":"product_cat","embeddable":true,"href":"https:\/\/www.sigillum.fi\/sv\/wp-json\/wp\/v2\/product_cat?post=2732"},{"taxonomy":"product_tag","embeddable":true,"href":"https:\/\/www.sigillum.fi\/sv\/wp-json\/wp\/v2\/product_tag?post=2732"}],"curies":[{"name":"wp","href":"https:\/\/api.w.org\/{rel}","templated":true}]}}