{"id":2725,"date":"2020-09-17T12:59:54","date_gmt":"2020-09-17T09:59:54","guid":{"rendered":"https:\/\/www.sigillum.fi\/?post_type=product&#038;p=2725"},"modified":"2026-03-27T15:35:19","modified_gmt":"2026-03-27T13:35:19","slug":"matka-roomaan-keskiajalta-nykypaivaan","status":"publish","type":"product","link":"https:\/\/www.sigillum.fi\/sv\/tuote\/matka-roomaan-keskiajalta-nykypaivaan\/","title":{"rendered":"Matka Roomaan keskiajalta nykyp\u00e4iv\u00e4\u00e4n"},"content":{"rendered":"<div class=\"page\" title=\"Page 1\">\n<div class=\"section\">\n<div class=\"layoutArea\">\n<div class=\"column\">\n<p>Matka Roomaan vie lukijansa aikamatkalle ikuiseen kaupunkiin. Nyky\u00e4\u00e4n voi k\u00e4vell\u00e4 samoilla kaduilla ja vierailla samoissa kirkoissa ja palatseissa kuin Pyh\u00e4 Birgitta keskiajalla, kuningatar Kristiina 1600-luvulla, suomalainen hovimies Gustav Mauritz Armfelt 1700-luvulla tai kuvanveist\u00e4j\u00e4 Walter Runeberg 1800-luvun j\u00e4lkipuolella. Kirjailija Tatu Vaaskiven ikuistamasta Mussolinin Roomasta todistaa yh\u00e4 ajan fasistinen arkkitehtuuri. Toisen maailmansodan j\u00e4lkeen suomalaisen tieteen ja kulttuurin tyyssijaksi on muodostunut Suomen Rooman instituutti, renessanssihuvila Villa Lante.<\/p>\n<p>Professori Kirsi Vainio-Korhonen ja FT Mikael Korhonen kertovat Roomaan matkanneista Suomen historian henkil\u00f6ist\u00e4. N\u00e4iden ihmisten kokemukset liitet\u00e4\u00e4n Nyky-Rooman maisemiin ja rakennuksiin tuoreiden valokuvien, karttojen sek\u00e4 taidemaalarien ja kirjailijoiden osalta heid\u00e4n oman taiteensa kautta. Teos toimii my\u00f6s matkakirjana, jonka opastamana voi kulkea Roomassa tunnettujen ja hieman tuntemattomampienkin miesten ja naisten jalanj\u00e4ljiss\u00e4. Tuttuja kohteita l\u00e4hestyt\u00e4\u00e4n uusin silmin ja uudenlaista tietoa tarjoten.<\/p>\n<\/div>\n<p>&nbsp;<\/p>\n<\/div>\n<\/div>\n<\/div>\n","protected":false},"excerpt":{"rendered":"<p>Matka Roomaan vie lukijansa aikamatkalle ikuiseen kaupunkiin. Nyky\u00e4\u00e4n voi k\u00e4vell\u00e4 samoilla kaduilla ja vierailla samoissa kirkoissa ja palatseissa kuin Pyh\u00e4 Birgitta keskiajalla, kuningatar Kristiina 1600-luvulla, suomalainen hovimies Gustav Mauritz Armfelt 1700-luvulla tai kuvanveist\u00e4j\u00e4 Walter Runeberg 1800-luvun j\u00e4lkipuolella. Kirjailija Tatu Vaaskiven ikuistamasta Mussolinin Roomasta todistaa yh\u00e4 ajan fasistinen arkkitehtuuri. Toisen maailmansodan j\u00e4lkeen suomalaisen tieteen ja kulttuurin tyyssijaksi on muodostunut Suomen Rooman instituutti, renessanssihuvila Villa Lante.<\/p>\n","protected":false},"featured_media":2726,"comment_status":"closed","ping_status":"closed","template":"","meta":[],"product_brand":[],"product_cat":[122],"product_tag":[],"class_list":{"0":"post-2725","1":"product","2":"type-product","3":"status-publish","4":"has-post-thumbnail","6":"product_cat-kirjat","7":"product_shipping_class-postipaketti","9":"first","10":"outofstock","11":"taxable","12":"shipping-taxable","13":"purchasable","14":"product-type-simple"},"yoast_head":"<!-- This site is optimized with the Yoast SEO plugin v21.1 - https:\/\/yoast.com\/wordpress\/plugins\/seo\/ -->\n<title>Matka Roomaan keskiajalta nykyp\u00e4iv\u00e4\u00e4n - Oy Sigillum Ab<\/title>\n<meta name=\"description\" content=\"Matka Roomaan -kirja vie lukijansa aikamatkalle ikuiseen kaupunkiin. Kirjailija Tatu Vaaskivi ikuistaa Mussolinin Rooman, josta on yh\u00e4 muistona ajan fasistinen arkkitehtuuri.\" \/>\n<meta name=\"robots\" content=\"index, follow, max-snippet:-1, max-image-preview:large, max-video-preview:-1\" \/>\n<link rel=\"canonical\" href=\"https:\/\/www.sigillum.fi\/sv\/tuote\/matka-roomaan-keskiajalta-nykypaivaan\/\" \/>\n<meta property=\"og:locale\" content=\"sv_SE\" \/>\n<meta property=\"og:type\" content=\"article\" \/>\n<meta property=\"og:title\" content=\"Matka Roomaan keskiajalta nykyp\u00e4iv\u00e4\u00e4n - Oy Sigillum Ab\" \/>\n<meta property=\"og:description\" content=\"Matka Roomaan -kirja vie lukijansa aikamatkalle ikuiseen kaupunkiin. Kirjailija Tatu Vaaskivi ikuistaa Mussolinin Rooman, josta on yh\u00e4 muistona ajan fasistinen arkkitehtuuri.\" \/>\n<meta property=\"og:url\" content=\"https:\/\/www.sigillum.fi\/sv\/tuote\/matka-roomaan-keskiajalta-nykypaivaan\/\" \/>\n<meta property=\"og:site_name\" content=\"Oy Sigillum Ab\" \/>\n<meta property=\"article:modified_time\" content=\"2026-03-27T13:35:19+00:00\" \/>\n<meta property=\"og:image\" content=\"https:\/\/www.sigillum.fi\/wp-content\/uploads\/2020\/09\/Rooma_etukansi.jpg\" \/>\n\t<meta property=\"og:image:width\" content=\"2539\" \/>\n\t<meta property=\"og:image:height\" content=\"2531\" \/>\n\t<meta property=\"og:image:type\" content=\"image\/jpeg\" \/>\n<meta name=\"twitter:card\" content=\"summary_large_image\" \/>\n<script type=\"application\/ld+json\" class=\"yoast-schema-graph\">{\"@context\":\"https:\/\/schema.org\",\"@graph\":[{\"@type\":[\"WebPage\",\"ItemPage\"],\"@id\":\"https:\/\/www.sigillum.fi\/sv\/tuote\/matka-roomaan-keskiajalta-nykypaivaan\/\",\"url\":\"https:\/\/www.sigillum.fi\/sv\/tuote\/matka-roomaan-keskiajalta-nykypaivaan\/\",\"name\":\"Matka Roomaan keskiajalta nykyp\u00e4iv\u00e4\u00e4n - Oy Sigillum Ab\",\"isPartOf\":{\"@id\":\"https:\/\/www.sigillum.fi\/sv\/#website\"},\"datePublished\":\"2020-09-17T09:59:54+00:00\",\"dateModified\":\"2026-03-27T13:35:19+00:00\",\"description\":\"Matka Roomaan -kirja vie lukijansa aikamatkalle ikuiseen kaupunkiin. Kirjailija Tatu Vaaskivi ikuistaa Mussolinin Rooman, josta on yh\u00e4 muistona ajan fasistinen arkkitehtuuri.\",\"breadcrumb\":{\"@id\":\"https:\/\/www.sigillum.fi\/sv\/tuote\/matka-roomaan-keskiajalta-nykypaivaan\/#breadcrumb\"},\"inLanguage\":\"sv-SE\",\"potentialAction\":[{\"@type\":\"ReadAction\",\"target\":[\"https:\/\/www.sigillum.fi\/sv\/tuote\/matka-roomaan-keskiajalta-nykypaivaan\/\"]}]},{\"@type\":\"BreadcrumbList\",\"@id\":\"https:\/\/www.sigillum.fi\/sv\/tuote\/matka-roomaan-keskiajalta-nykypaivaan\/#breadcrumb\",\"itemListElement\":[{\"@type\":\"ListItem\",\"position\":1,\"name\":\"Etusivu\",\"item\":\"https:\/\/www.sigillum.fi\/sv\/\"},{\"@type\":\"ListItem\",\"position\":2,\"name\":\"Butik\",\"item\":\"https:\/\/www.sigillum.fi\/sv\/butik\/\"},{\"@type\":\"ListItem\",\"position\":3,\"name\":\"Matka Roomaan keskiajalta nykyp\u00e4iv\u00e4\u00e4n\"}]},{\"@type\":\"WebSite\",\"@id\":\"https:\/\/www.sigillum.fi\/sv\/#website\",\"url\":\"https:\/\/www.sigillum.fi\/sv\/\",\"name\":\"Oy Sigillum Ab\",\"description\":\"Oy Sigillum Ab\",\"publisher\":{\"@id\":\"https:\/\/www.sigillum.fi\/sv\/#organization\"},\"potentialAction\":[{\"@type\":\"SearchAction\",\"target\":{\"@type\":\"EntryPoint\",\"urlTemplate\":\"https:\/\/www.sigillum.fi\/sv\/?s={search_term_string}\"},\"query-input\":\"required name=search_term_string\"}],\"inLanguage\":\"sv-SE\"},{\"@type\":\"Organization\",\"@id\":\"https:\/\/www.sigillum.fi\/sv\/#organization\",\"name\":\"Oy Sigillum Ab\",\"url\":\"https:\/\/www.sigillum.fi\/sv\/\",\"logo\":{\"@type\":\"ImageObject\",\"inLanguage\":\"sv-SE\",\"@id\":\"https:\/\/www.sigillum.fi\/sv\/#\/schema\/logo\/image\/\",\"url\":\"https:\/\/www.sigillum.fi\/wp-content\/uploads\/2019\/11\/sigillum_sinettilogo_medium.png\",\"contentUrl\":\"https:\/\/www.sigillum.fi\/wp-content\/uploads\/2019\/11\/sigillum_sinettilogo_medium.png\",\"width\":900,\"height\":780,\"caption\":\"Oy Sigillum Ab\"},\"image\":{\"@id\":\"https:\/\/www.sigillum.fi\/sv\/#\/schema\/logo\/image\/\"}}]}<\/script>\n<!-- \/ Yoast SEO plugin. -->","yoast_head_json":{"title":"Matka Roomaan keskiajalta nykyp\u00e4iv\u00e4\u00e4n - Oy Sigillum Ab","description":"Matka Roomaan -kirja vie lukijansa aikamatkalle ikuiseen kaupunkiin. Kirjailija Tatu Vaaskivi ikuistaa Mussolinin Rooman, josta on yh\u00e4 muistona ajan fasistinen arkkitehtuuri.","robots":{"index":"index","follow":"follow","max-snippet":"max-snippet:-1","max-image-preview":"max-image-preview:large","max-video-preview":"max-video-preview:-1"},"canonical":"https:\/\/www.sigillum.fi\/sv\/tuote\/matka-roomaan-keskiajalta-nykypaivaan\/","og_locale":"sv_SE","og_type":"article","og_title":"Matka Roomaan keskiajalta nykyp\u00e4iv\u00e4\u00e4n - Oy Sigillum Ab","og_description":"Matka Roomaan -kirja vie lukijansa aikamatkalle ikuiseen kaupunkiin. Kirjailija Tatu Vaaskivi ikuistaa Mussolinin Rooman, josta on yh\u00e4 muistona ajan fasistinen arkkitehtuuri.","og_url":"https:\/\/www.sigillum.fi\/sv\/tuote\/matka-roomaan-keskiajalta-nykypaivaan\/","og_site_name":"Oy Sigillum Ab","article_modified_time":"2026-03-27T13:35:19+00:00","og_image":[{"width":2539,"height":2531,"url":"https:\/\/www.sigillum.fi\/wp-content\/uploads\/2020\/09\/Rooma_etukansi.jpg","type":"image\/jpeg"}],"twitter_card":"summary_large_image","schema":{"@context":"https:\/\/schema.org","@graph":[{"@type":["WebPage","ItemPage"],"@id":"https:\/\/www.sigillum.fi\/sv\/tuote\/matka-roomaan-keskiajalta-nykypaivaan\/","url":"https:\/\/www.sigillum.fi\/sv\/tuote\/matka-roomaan-keskiajalta-nykypaivaan\/","name":"Matka Roomaan keskiajalta nykyp\u00e4iv\u00e4\u00e4n - Oy Sigillum Ab","isPartOf":{"@id":"https:\/\/www.sigillum.fi\/sv\/#website"},"datePublished":"2020-09-17T09:59:54+00:00","dateModified":"2026-03-27T13:35:19+00:00","description":"Matka Roomaan -kirja vie lukijansa aikamatkalle ikuiseen kaupunkiin. Kirjailija Tatu Vaaskivi ikuistaa Mussolinin Rooman, josta on yh\u00e4 muistona ajan fasistinen arkkitehtuuri.","breadcrumb":{"@id":"https:\/\/www.sigillum.fi\/sv\/tuote\/matka-roomaan-keskiajalta-nykypaivaan\/#breadcrumb"},"inLanguage":"sv-SE","potentialAction":[{"@type":"ReadAction","target":["https:\/\/www.sigillum.fi\/sv\/tuote\/matka-roomaan-keskiajalta-nykypaivaan\/"]}]},{"@type":"BreadcrumbList","@id":"https:\/\/www.sigillum.fi\/sv\/tuote\/matka-roomaan-keskiajalta-nykypaivaan\/#breadcrumb","itemListElement":[{"@type":"ListItem","position":1,"name":"Etusivu","item":"https:\/\/www.sigillum.fi\/sv\/"},{"@type":"ListItem","position":2,"name":"Butik","item":"https:\/\/www.sigillum.fi\/sv\/butik\/"},{"@type":"ListItem","position":3,"name":"Matka Roomaan keskiajalta nykyp\u00e4iv\u00e4\u00e4n"}]},{"@type":"WebSite","@id":"https:\/\/www.sigillum.fi\/sv\/#website","url":"https:\/\/www.sigillum.fi\/sv\/","name":"Oy Sigillum Ab","description":"Oy Sigillum Ab","publisher":{"@id":"https:\/\/www.sigillum.fi\/sv\/#organization"},"potentialAction":[{"@type":"SearchAction","target":{"@type":"EntryPoint","urlTemplate":"https:\/\/www.sigillum.fi\/sv\/?s={search_term_string}"},"query-input":"required name=search_term_string"}],"inLanguage":"sv-SE"},{"@type":"Organization","@id":"https:\/\/www.sigillum.fi\/sv\/#organization","name":"Oy Sigillum Ab","url":"https:\/\/www.sigillum.fi\/sv\/","logo":{"@type":"ImageObject","inLanguage":"sv-SE","@id":"https:\/\/www.sigillum.fi\/sv\/#\/schema\/logo\/image\/","url":"https:\/\/www.sigillum.fi\/wp-content\/uploads\/2019\/11\/sigillum_sinettilogo_medium.png","contentUrl":"https:\/\/www.sigillum.fi\/wp-content\/uploads\/2019\/11\/sigillum_sinettilogo_medium.png","width":900,"height":780,"caption":"Oy Sigillum Ab"},"image":{"@id":"https:\/\/www.sigillum.fi\/sv\/#\/schema\/logo\/image\/"}}]}},"_links":{"self":[{"href":"https:\/\/www.sigillum.fi\/sv\/wp-json\/wp\/v2\/product\/2725","targetHints":{"allow":["GET"]}}],"collection":[{"href":"https:\/\/www.sigillum.fi\/sv\/wp-json\/wp\/v2\/product"}],"about":[{"href":"https:\/\/www.sigillum.fi\/sv\/wp-json\/wp\/v2\/types\/product"}],"replies":[{"embeddable":true,"href":"https:\/\/www.sigillum.fi\/sv\/wp-json\/wp\/v2\/comments?post=2725"}],"wp:featuredmedia":[{"embeddable":true,"href":"https:\/\/www.sigillum.fi\/sv\/wp-json\/wp\/v2\/media\/2726"}],"wp:attachment":[{"href":"https:\/\/www.sigillum.fi\/sv\/wp-json\/wp\/v2\/media?parent=2725"}],"wp:term":[{"taxonomy":"product_brand","embeddable":true,"href":"https:\/\/www.sigillum.fi\/sv\/wp-json\/wp\/v2\/product_brand?post=2725"},{"taxonomy":"product_cat","embeddable":true,"href":"https:\/\/www.sigillum.fi\/sv\/wp-json\/wp\/v2\/product_cat?post=2725"},{"taxonomy":"product_tag","embeddable":true,"href":"https:\/\/www.sigillum.fi\/sv\/wp-json\/wp\/v2\/product_tag?post=2725"}],"curies":[{"name":"wp","href":"https:\/\/api.w.org\/{rel}","templated":true}]}}