{"id":2405,"date":"2019-10-10T12:42:28","date_gmt":"2019-10-10T09:42:28","guid":{"rendered":"http:\/\/www.sigillum.fi\/?post_type=product&#038;p=2405"},"modified":"2026-03-27T15:35:21","modified_gmt":"2026-03-27T13:35:21","slug":"hetki-ja-ikuisuus-kirjoituksia-v-a-koskenniemesta","status":"publish","type":"product","link":"https:\/\/www.sigillum.fi\/sv\/tuote\/hetki-ja-ikuisuus-kirjoituksia-v-a-koskenniemesta\/","title":{"rendered":"Hetki ja ikuisuus. Kirjoituksia V. A. Koskenniemest\u00e4"},"content":{"rendered":"<p>V. A. Koskenniemi (1885\u20131962) piti itse\u00e4\u00e4n ensisijaisesti runoilijana. Suomen kirjallisuus- ja kulttuurihistoriassa h\u00e4net tunnetaan monissa muissakin rooleissa: lehtimiehen\u00e4, kriitikkona, esseistin\u00e4, kirjallisuus- ja kulttuurialan j\u00e4rjest\u00f6jen luottamushenkil\u00f6n\u00e4, kirjallisen piirin primus motorina ja suomentajana, Turun yliopiston professorina ja rehtorina sek\u00e4 Suomen Akatemian j\u00e4senen\u00e4. Samalla h\u00e4n oli yksi Suomen kulttuuriel\u00e4m\u00e4n kiistellyimpi\u00e4 hahmoja erityisesti Saksan yhteyksiens\u00e4 takia. Toisen maailmansodan j\u00e4lkeen Koskenniemi joutui nousevan polven kulttuurivaikuttajien hampaisiin ja h\u00e4net julistettiin jo kuolleeksi, menneisyyden hahmoksi. Silti h\u00e4neen yh\u00e4 nyky\u00e4\u00e4nkin palataan eri yhteyksiss\u00e4.<\/p>\n<p>Teoksen otsikko Hetki ja ikuisuus viittaa siihen, ett\u00e4 Koskenniemi tarttui moniin ajassa liikkuviin kirjallisiin ja poliittisiin kysymyksiin ja ilmi\u00f6ihin samalla kun h\u00e4n runoissaan ja aforismeissaan k\u00e4sitteli monia ikuisuuskysymyksi\u00e4. Kirjan ovat Heikki L\u00e4nsisalon idean ja osin kokoaman materiaalin pohjalta toimittaneet Jukka Parkkinen ja H. K. Riikonen.<\/p>\n","protected":false},"excerpt":{"rendered":"<p>Teoksen otsikko Hetki ja ikuisuus viittaa siihen, ett\u00e4 Koskenniemi tarttui moniin ajassa liikkuviin kirjallisiin ja poliittisiin kysymyksiin ja ilmi\u00f6ihin samalla kun h\u00e4n runoissaan ja aforismeissaan k\u00e4sitteli monia ikuisuuskysymyksi\u00e4. Kirjan ovat Heikki L\u00e4nsisalon idean ja osin kokoaman materiaalin pohjalta toimittaneet Jukka Parkkinen ja H. K. Riikonen.<\/p>\n","protected":false},"featured_media":2408,"comment_status":"closed","ping_status":"closed","template":"","meta":[],"product_brand":[],"product_cat":[122],"product_tag":[181,180],"class_list":{"0":"post-2405","1":"product","2":"type-product","3":"status-publish","4":"has-post-thumbnail","6":"product_cat-kirjat","7":"product_tag-runoilija","8":"product_tag-v-a-koskenniemi","9":"product_shipping_class-postipaketti","11":"first","12":"instock","13":"taxable","14":"shipping-taxable","15":"purchasable","16":"product-type-simple"},"yoast_head":"<!-- This site is optimized with the Yoast SEO plugin v21.1 - https:\/\/yoast.com\/wordpress\/plugins\/seo\/ -->\n<title>Hetki ja ikuisuus. Kirjoituksia V. A. Koskenniemest\u00e4 - Oy Sigillum Ab<\/title>\n<meta name=\"description\" content=\"Kirjoituksia runoilija V. A. Koskenniemest\u00e4\" \/>\n<meta name=\"robots\" content=\"index, follow, max-snippet:-1, max-image-preview:large, max-video-preview:-1\" \/>\n<link rel=\"canonical\" href=\"https:\/\/www.sigillum.fi\/sv\/tuote\/hetki-ja-ikuisuus-kirjoituksia-v-a-koskenniemesta\/\" \/>\n<meta property=\"og:locale\" content=\"sv_SE\" \/>\n<meta property=\"og:type\" content=\"article\" \/>\n<meta property=\"og:title\" content=\"Hetki ja ikuisuus. Kirjoituksia V. A. Koskenniemest\u00e4 - Oy Sigillum Ab\" \/>\n<meta property=\"og:description\" content=\"Kirjoituksia runoilija V. A. Koskenniemest\u00e4\" \/>\n<meta property=\"og:url\" content=\"https:\/\/www.sigillum.fi\/sv\/tuote\/hetki-ja-ikuisuus-kirjoituksia-v-a-koskenniemesta\/\" \/>\n<meta property=\"og:site_name\" content=\"Oy Sigillum Ab\" \/>\n<meta property=\"article:modified_time\" content=\"2026-03-27T13:35:21+00:00\" \/>\n<meta property=\"og:image\" content=\"https:\/\/www.sigillum.fi\/wp-content\/uploads\/2019\/10\/Koskenniemi_kansi.jpg\" \/>\n\t<meta property=\"og:image:width\" content=\"2882\" \/>\n\t<meta property=\"og:image:height\" content=\"2882\" \/>\n\t<meta property=\"og:image:type\" content=\"image\/jpeg\" \/>\n<meta name=\"twitter:card\" content=\"summary_large_image\" \/>\n<script type=\"application\/ld+json\" class=\"yoast-schema-graph\">{\"@context\":\"https:\/\/schema.org\",\"@graph\":[{\"@type\":[\"WebPage\",\"ItemPage\"],\"@id\":\"https:\/\/www.sigillum.fi\/sv\/tuote\/hetki-ja-ikuisuus-kirjoituksia-v-a-koskenniemesta\/\",\"url\":\"https:\/\/www.sigillum.fi\/sv\/tuote\/hetki-ja-ikuisuus-kirjoituksia-v-a-koskenniemesta\/\",\"name\":\"Hetki ja ikuisuus. Kirjoituksia V. A. Koskenniemest\u00e4 - Oy Sigillum Ab\",\"isPartOf\":{\"@id\":\"https:\/\/www.sigillum.fi\/sv\/#website\"},\"datePublished\":\"2019-10-10T09:42:28+00:00\",\"dateModified\":\"2026-03-27T13:35:21+00:00\",\"description\":\"Kirjoituksia runoilija V. A. Koskenniemest\u00e4\",\"breadcrumb\":{\"@id\":\"https:\/\/www.sigillum.fi\/sv\/tuote\/hetki-ja-ikuisuus-kirjoituksia-v-a-koskenniemesta\/#breadcrumb\"},\"inLanguage\":\"sv-SE\",\"potentialAction\":[{\"@type\":\"ReadAction\",\"target\":[\"https:\/\/www.sigillum.fi\/sv\/tuote\/hetki-ja-ikuisuus-kirjoituksia-v-a-koskenniemesta\/\"]}]},{\"@type\":\"BreadcrumbList\",\"@id\":\"https:\/\/www.sigillum.fi\/sv\/tuote\/hetki-ja-ikuisuus-kirjoituksia-v-a-koskenniemesta\/#breadcrumb\",\"itemListElement\":[{\"@type\":\"ListItem\",\"position\":1,\"name\":\"Etusivu\",\"item\":\"https:\/\/www.sigillum.fi\/sv\/\"},{\"@type\":\"ListItem\",\"position\":2,\"name\":\"Butik\",\"item\":\"https:\/\/www.sigillum.fi\/sv\/butik\/\"},{\"@type\":\"ListItem\",\"position\":3,\"name\":\"Hetki ja ikuisuus. Kirjoituksia V. A. Koskenniemest\u00e4\"}]},{\"@type\":\"WebSite\",\"@id\":\"https:\/\/www.sigillum.fi\/sv\/#website\",\"url\":\"https:\/\/www.sigillum.fi\/sv\/\",\"name\":\"Oy Sigillum Ab\",\"description\":\"Oy Sigillum Ab\",\"publisher\":{\"@id\":\"https:\/\/www.sigillum.fi\/sv\/#organization\"},\"potentialAction\":[{\"@type\":\"SearchAction\",\"target\":{\"@type\":\"EntryPoint\",\"urlTemplate\":\"https:\/\/www.sigillum.fi\/sv\/?s={search_term_string}\"},\"query-input\":\"required name=search_term_string\"}],\"inLanguage\":\"sv-SE\"},{\"@type\":\"Organization\",\"@id\":\"https:\/\/www.sigillum.fi\/sv\/#organization\",\"name\":\"Oy Sigillum Ab\",\"url\":\"https:\/\/www.sigillum.fi\/sv\/\",\"logo\":{\"@type\":\"ImageObject\",\"inLanguage\":\"sv-SE\",\"@id\":\"https:\/\/www.sigillum.fi\/sv\/#\/schema\/logo\/image\/\",\"url\":\"https:\/\/www.sigillum.fi\/wp-content\/uploads\/2019\/11\/sigillum_sinettilogo_medium.png\",\"contentUrl\":\"https:\/\/www.sigillum.fi\/wp-content\/uploads\/2019\/11\/sigillum_sinettilogo_medium.png\",\"width\":900,\"height\":780,\"caption\":\"Oy Sigillum Ab\"},\"image\":{\"@id\":\"https:\/\/www.sigillum.fi\/sv\/#\/schema\/logo\/image\/\"}}]}<\/script>\n<!-- \/ Yoast SEO plugin. -->","yoast_head_json":{"title":"Hetki ja ikuisuus. Kirjoituksia V. A. Koskenniemest\u00e4 - Oy Sigillum Ab","description":"Kirjoituksia runoilija V. A. Koskenniemest\u00e4","robots":{"index":"index","follow":"follow","max-snippet":"max-snippet:-1","max-image-preview":"max-image-preview:large","max-video-preview":"max-video-preview:-1"},"canonical":"https:\/\/www.sigillum.fi\/sv\/tuote\/hetki-ja-ikuisuus-kirjoituksia-v-a-koskenniemesta\/","og_locale":"sv_SE","og_type":"article","og_title":"Hetki ja ikuisuus. Kirjoituksia V. A. Koskenniemest\u00e4 - Oy Sigillum Ab","og_description":"Kirjoituksia runoilija V. A. Koskenniemest\u00e4","og_url":"https:\/\/www.sigillum.fi\/sv\/tuote\/hetki-ja-ikuisuus-kirjoituksia-v-a-koskenniemesta\/","og_site_name":"Oy Sigillum Ab","article_modified_time":"2026-03-27T13:35:21+00:00","og_image":[{"width":2882,"height":2882,"url":"https:\/\/www.sigillum.fi\/wp-content\/uploads\/2019\/10\/Koskenniemi_kansi.jpg","type":"image\/jpeg"}],"twitter_card":"summary_large_image","schema":{"@context":"https:\/\/schema.org","@graph":[{"@type":["WebPage","ItemPage"],"@id":"https:\/\/www.sigillum.fi\/sv\/tuote\/hetki-ja-ikuisuus-kirjoituksia-v-a-koskenniemesta\/","url":"https:\/\/www.sigillum.fi\/sv\/tuote\/hetki-ja-ikuisuus-kirjoituksia-v-a-koskenniemesta\/","name":"Hetki ja ikuisuus. Kirjoituksia V. A. Koskenniemest\u00e4 - Oy Sigillum Ab","isPartOf":{"@id":"https:\/\/www.sigillum.fi\/sv\/#website"},"datePublished":"2019-10-10T09:42:28+00:00","dateModified":"2026-03-27T13:35:21+00:00","description":"Kirjoituksia runoilija V. A. Koskenniemest\u00e4","breadcrumb":{"@id":"https:\/\/www.sigillum.fi\/sv\/tuote\/hetki-ja-ikuisuus-kirjoituksia-v-a-koskenniemesta\/#breadcrumb"},"inLanguage":"sv-SE","potentialAction":[{"@type":"ReadAction","target":["https:\/\/www.sigillum.fi\/sv\/tuote\/hetki-ja-ikuisuus-kirjoituksia-v-a-koskenniemesta\/"]}]},{"@type":"BreadcrumbList","@id":"https:\/\/www.sigillum.fi\/sv\/tuote\/hetki-ja-ikuisuus-kirjoituksia-v-a-koskenniemesta\/#breadcrumb","itemListElement":[{"@type":"ListItem","position":1,"name":"Etusivu","item":"https:\/\/www.sigillum.fi\/sv\/"},{"@type":"ListItem","position":2,"name":"Butik","item":"https:\/\/www.sigillum.fi\/sv\/butik\/"},{"@type":"ListItem","position":3,"name":"Hetki ja ikuisuus. Kirjoituksia V. A. Koskenniemest\u00e4"}]},{"@type":"WebSite","@id":"https:\/\/www.sigillum.fi\/sv\/#website","url":"https:\/\/www.sigillum.fi\/sv\/","name":"Oy Sigillum Ab","description":"Oy Sigillum Ab","publisher":{"@id":"https:\/\/www.sigillum.fi\/sv\/#organization"},"potentialAction":[{"@type":"SearchAction","target":{"@type":"EntryPoint","urlTemplate":"https:\/\/www.sigillum.fi\/sv\/?s={search_term_string}"},"query-input":"required name=search_term_string"}],"inLanguage":"sv-SE"},{"@type":"Organization","@id":"https:\/\/www.sigillum.fi\/sv\/#organization","name":"Oy Sigillum Ab","url":"https:\/\/www.sigillum.fi\/sv\/","logo":{"@type":"ImageObject","inLanguage":"sv-SE","@id":"https:\/\/www.sigillum.fi\/sv\/#\/schema\/logo\/image\/","url":"https:\/\/www.sigillum.fi\/wp-content\/uploads\/2019\/11\/sigillum_sinettilogo_medium.png","contentUrl":"https:\/\/www.sigillum.fi\/wp-content\/uploads\/2019\/11\/sigillum_sinettilogo_medium.png","width":900,"height":780,"caption":"Oy Sigillum Ab"},"image":{"@id":"https:\/\/www.sigillum.fi\/sv\/#\/schema\/logo\/image\/"}}]}},"_links":{"self":[{"href":"https:\/\/www.sigillum.fi\/sv\/wp-json\/wp\/v2\/product\/2405","targetHints":{"allow":["GET"]}}],"collection":[{"href":"https:\/\/www.sigillum.fi\/sv\/wp-json\/wp\/v2\/product"}],"about":[{"href":"https:\/\/www.sigillum.fi\/sv\/wp-json\/wp\/v2\/types\/product"}],"replies":[{"embeddable":true,"href":"https:\/\/www.sigillum.fi\/sv\/wp-json\/wp\/v2\/comments?post=2405"}],"wp:featuredmedia":[{"embeddable":true,"href":"https:\/\/www.sigillum.fi\/sv\/wp-json\/wp\/v2\/media\/2408"}],"wp:attachment":[{"href":"https:\/\/www.sigillum.fi\/sv\/wp-json\/wp\/v2\/media?parent=2405"}],"wp:term":[{"taxonomy":"product_brand","embeddable":true,"href":"https:\/\/www.sigillum.fi\/sv\/wp-json\/wp\/v2\/product_brand?post=2405"},{"taxonomy":"product_cat","embeddable":true,"href":"https:\/\/www.sigillum.fi\/sv\/wp-json\/wp\/v2\/product_cat?post=2405"},{"taxonomy":"product_tag","embeddable":true,"href":"https:\/\/www.sigillum.fi\/sv\/wp-json\/wp\/v2\/product_tag?post=2405"}],"curies":[{"name":"wp","href":"https:\/\/api.w.org\/{rel}","templated":true}]}}