{"id":2372,"date":"2019-01-04T13:56:42","date_gmt":"2019-01-04T11:56:42","guid":{"rendered":"http:\/\/www.sigillum.fi\/?post_type=product&#038;p=2372"},"modified":"2026-03-27T15:35:21","modified_gmt":"2026-03-27T13:35:21","slug":"karjalani-karjalani-maani-ja-maailmani","status":"publish","type":"product","link":"https:\/\/www.sigillum.fi\/sv\/tuote\/karjalani-karjalani-maani-ja-maailmani\/","title":{"rendered":"Karjalani, Karjalani, maani ja maailmani"},"content":{"rendered":"<p>KARJALANI, KARJALANI, MAANI JA MAAILMANI -artikkeliko\u00adkoelman syntyhistoria juontaa pakolaiskeskusteluun, joka k\u00e4yn\u00adnistyi kiivaana kun Suomeen vuonna 2015 tuli enn\u00e4tyksellinen m\u00e4\u00e4r\u00e4 turvapaikanhakijoita. Polemiikin kohteena oli pian my\u00f6s Neuvostoliitolle luovutetusta Karjalasta evakuoidun v\u00e4est\u00f6n asut\u00adtaminen muualle Suomeen.<\/p>\n<p>Pakolaiskeskustelusta nousi esille ajatus siit\u00e4, kuinka huonosti suo\u00admalaiset lopulta tuntevat karjalaisten historian. Talvi- ja jatkosotaa koskevaa tutkimuskirjallisuutta on kyll\u00e4 julkaistu runsaasti, mutta niiss\u00e4 Karjalan ja sen asukkaiden vaiheet j\u00e4\u00e4v\u00e4t usein varsinaisten sotatapahtumien varjoon. T\u00e4m\u00e4n teoksen keskeisen\u00e4 ajatuksena on luoda laajempi n\u00e4k\u00f6ala karjalaisten kohtaloon ja sota-aikaan yleens\u00e4. Sota kosketti syv\u00e4sti koko suomalaista yhteiskuntaa ja sen j\u00e4seni\u00e4.<\/p>\n<p>Kirjan teemoihin kuuluvat Karjalan menett\u00e4misen taustat, talvi- ja jatkosodan aikana suoritetut v\u00e4est\u00f6n evakuoinnit, sodanj\u00e4lkeinen asutustoiminta, karjalaisten selvi\u00e4minen ja Karjalan muistaminen. Vaikka teoksen p\u00e4\u00e4osassa ovat menetetty Karjala ja sen asukkaat, kirjassa muistutetaan my\u00f6s, etteiv\u00e4t karjalaiset suinkaan olleet Suomen ainoita evakoita. Sodanj\u00e4lkeinen asutustoimintakaan ei koskenut vain karjalaisia, vaan siit\u00e4 hy\u00f6tyi yli puolet Suomen kan\u00adsasta. Eiv\u00e4tk\u00e4 maahanmuuttajatkaan ole uusi ilmi\u00f6, vaan Suomeen on kaikkina aikoina tullut ihmisi\u00e4 ulkomailta.<\/p>\n<p>Artikkeleiden kirjoittajat ovat aihepiiriins\u00e4 perehtyneit\u00e4 tutkijoita Suomen eri yliopistoista yhden kirjoittajista edustaessa Maahan\u00admuuttovirastoa ja yhden K\u00f6\u00f6penhaminan yliopistoa. Kirjan ovat toimittaneet FT Pirkko Kanervo, FM Terhi Kivist\u00f6 ja VTT Olli Klee\u00admola.<\/p>\n<p><strong>Artikkelit<\/strong><\/p>\n<p>Prologi: Evakoita vai pakolaisia? \u2013<em> Pirkko Kanervo, Terhi Kivist\u00f6 &amp; Olli Kleemola<br \/>\n<\/em>Miksi menetimme Karjalan? Poliittista taustaa \u2013 <em>Pirkko Kanerv<\/em>o<br \/>\nItsekk\u00e4\u00e4t evakot ja ahneet is\u00e4nn\u00e4t \u2013 talvisodan evakuoinnin kokemushistoriaa \u2013 <em>Tuomas Tepora<br \/>\n<\/em>Suomalaisia sotalapsia Pohjoismaissa \u2013 <em>Tuula Eskeland<br \/>\n<\/em>Ulkomaalaisten asuttaminen Suomeen 1915\u20131945 \u2013\u00a0<em>Antero Leitzinger<br \/>\n<\/em>Ortodoksisen siirtov\u00e4en kontrolloitu sopeutuminen \u2013\u00a0<em>Heli Kananen<br \/>\n<\/em>Sodanj\u00e4lkeisest\u00e4 asutustoiminnasta tuli suuri maareformi \u2013 <em>Pirkko Kanervo<\/em><br \/>\nLuovutetun Karjalan ylirajainen muisti \u2013\u00a0<em>Outi Fingerroos &amp; Ulla Savolainen<br \/>\n<\/em>Karjalaiset evakkolapset \u2013 selviytyj\u00e4sankarit \u2013 <em>Eeva Riutamaa<br \/>\n<\/em>Ikuinen ik\u00e4v\u00e4 \u2013 kirjeet tunteiden tulkkeina \u2013 <em>Marjatta Hietala<br \/>\n<\/em>Epilogi: Karjala el\u00e4\u00e4 keskuudessamme \u2013 <em>Pirkko Kanervo, Terhi Kivist\u00f6 &amp; Olli Kleemola<\/em><\/p>\n","protected":false},"excerpt":{"rendered":"<p>Talvi- ja jatkosotaa koskevaa tutkimuskirjallisuutta on kyll\u00e4 julkaistu runsaasti, mutta niiss\u00e4 Karjalan ja sen asukkaiden vaiheet j\u00e4\u00e4v\u00e4t usein varsinaisten sotatapahtumien varjoon. T\u00e4m\u00e4n teoksen keskeisen\u00e4 ajatuksena on luoda laajempi n\u00e4k\u00f6ala karjalaisten kohtaloon ja sota-aikaan yleens\u00e4. Sota kosketti syv\u00e4sti koko suomalaista yhteiskuntaa ja sen j\u00e4seni\u00e4.<\/p>\n<p>Kirjan teemoihin kuuluvat Karjalan menett\u00e4misen taustat, talvi- ja jatkosodan aikana suoritetut v\u00e4est\u00f6n evakuoinnit, sodanj\u00e4lkeinen asutustoiminta, karjalaisten selvi\u00e4minen ja Karjalan muistaminen. Vaikka teoksen p\u00e4\u00e4osassa ovat menetetty Karjala ja sen asukkaat, kirjassa muistutetaan my\u00f6s, etteiv\u00e4t karjalaiset suinkaan olleet Suomen ainoita evakoita. Sodanj\u00e4lkeinen asutustoimintakaan ei koskenut vain karjalaisia, vaan siit\u00e4 hy\u00f6tyi yli puolet Suomen kan\u00adsasta. Eiv\u00e4tk\u00e4 maahanmuuttajatkaan ole uusi ilmi\u00f6, vaan Suomeen on kaikkina aikoina tullut ihmisi\u00e4 ulkomailta.<\/p>\n","protected":false},"featured_media":2373,"comment_status":"closed","ping_status":"closed","template":"","meta":[],"product_brand":[],"product_cat":[122],"product_tag":[182],"class_list":{"0":"post-2372","1":"product","2":"type-product","3":"status-publish","4":"has-post-thumbnail","6":"product_cat-kirjat","7":"product_tag-karjala","8":"product_shipping_class-postipaketti","10":"first","11":"instock","12":"taxable","13":"shipping-taxable","14":"purchasable","15":"product-type-simple"},"yoast_head":"<!-- This site is optimized with the Yoast SEO plugin v21.1 - https:\/\/yoast.com\/wordpress\/plugins\/seo\/ -->\n<title>Karjalani, Karjalani, maani ja maailmani - Oy Sigillum Ab<\/title>\n<meta name=\"description\" content=\"Teos luo laajemman n\u00e4k\u00f6alan karjalaisten kohtaloon ja sota-aikaan yleens\u00e4. Sota kosketti syv\u00e4sti koko suomalaista yhteiskuntaa ja sen j\u00e4seni\u00e4.\" \/>\n<meta name=\"robots\" content=\"index, follow, max-snippet:-1, max-image-preview:large, max-video-preview:-1\" \/>\n<link rel=\"canonical\" href=\"https:\/\/www.sigillum.fi\/sv\/tuote\/karjalani-karjalani-maani-ja-maailmani\/\" \/>\n<meta property=\"og:locale\" content=\"sv_SE\" \/>\n<meta property=\"og:type\" content=\"article\" \/>\n<meta property=\"og:title\" content=\"Karjalani, Karjalani, maani ja maailmani - Oy Sigillum Ab\" \/>\n<meta property=\"og:description\" content=\"Teos luo laajemman n\u00e4k\u00f6alan karjalaisten kohtaloon ja sota-aikaan yleens\u00e4. Sota kosketti syv\u00e4sti koko suomalaista yhteiskuntaa ja sen j\u00e4seni\u00e4.\" \/>\n<meta property=\"og:url\" content=\"https:\/\/www.sigillum.fi\/sv\/tuote\/karjalani-karjalani-maani-ja-maailmani\/\" \/>\n<meta property=\"og:site_name\" content=\"Oy Sigillum Ab\" \/>\n<meta property=\"article:modified_time\" content=\"2026-03-27T13:35:21+00:00\" \/>\n<meta property=\"og:image\" content=\"https:\/\/www.sigillum.fi\/wp-content\/uploads\/2019\/01\/Karjala-kirja.jpg\" \/>\n\t<meta property=\"og:image:width\" content=\"1380\" \/>\n\t<meta property=\"og:image:height\" content=\"1951\" \/>\n\t<meta property=\"og:image:type\" content=\"image\/jpeg\" \/>\n<meta name=\"twitter:card\" content=\"summary_large_image\" \/>\n<script type=\"application\/ld+json\" class=\"yoast-schema-graph\">{\"@context\":\"https:\/\/schema.org\",\"@graph\":[{\"@type\":[\"WebPage\",\"ItemPage\"],\"@id\":\"https:\/\/www.sigillum.fi\/sv\/tuote\/karjalani-karjalani-maani-ja-maailmani\/\",\"url\":\"https:\/\/www.sigillum.fi\/sv\/tuote\/karjalani-karjalani-maani-ja-maailmani\/\",\"name\":\"Karjalani, Karjalani, maani ja maailmani - Oy Sigillum Ab\",\"isPartOf\":{\"@id\":\"https:\/\/www.sigillum.fi\/sv\/#website\"},\"datePublished\":\"2019-01-04T11:56:42+00:00\",\"dateModified\":\"2026-03-27T13:35:21+00:00\",\"description\":\"Teos luo laajemman n\u00e4k\u00f6alan karjalaisten kohtaloon ja sota-aikaan yleens\u00e4. Sota kosketti syv\u00e4sti koko suomalaista yhteiskuntaa ja sen j\u00e4seni\u00e4.\",\"breadcrumb\":{\"@id\":\"https:\/\/www.sigillum.fi\/sv\/tuote\/karjalani-karjalani-maani-ja-maailmani\/#breadcrumb\"},\"inLanguage\":\"sv-SE\",\"potentialAction\":[{\"@type\":\"ReadAction\",\"target\":[\"https:\/\/www.sigillum.fi\/sv\/tuote\/karjalani-karjalani-maani-ja-maailmani\/\"]}]},{\"@type\":\"BreadcrumbList\",\"@id\":\"https:\/\/www.sigillum.fi\/sv\/tuote\/karjalani-karjalani-maani-ja-maailmani\/#breadcrumb\",\"itemListElement\":[{\"@type\":\"ListItem\",\"position\":1,\"name\":\"Etusivu\",\"item\":\"https:\/\/www.sigillum.fi\/sv\/\"},{\"@type\":\"ListItem\",\"position\":2,\"name\":\"Butik\",\"item\":\"https:\/\/www.sigillum.fi\/sv\/butik\/\"},{\"@type\":\"ListItem\",\"position\":3,\"name\":\"Karjalani, Karjalani, maani ja maailmani\"}]},{\"@type\":\"WebSite\",\"@id\":\"https:\/\/www.sigillum.fi\/sv\/#website\",\"url\":\"https:\/\/www.sigillum.fi\/sv\/\",\"name\":\"Oy Sigillum Ab\",\"description\":\"Oy Sigillum Ab\",\"publisher\":{\"@id\":\"https:\/\/www.sigillum.fi\/sv\/#organization\"},\"potentialAction\":[{\"@type\":\"SearchAction\",\"target\":{\"@type\":\"EntryPoint\",\"urlTemplate\":\"https:\/\/www.sigillum.fi\/sv\/?s={search_term_string}\"},\"query-input\":\"required name=search_term_string\"}],\"inLanguage\":\"sv-SE\"},{\"@type\":\"Organization\",\"@id\":\"https:\/\/www.sigillum.fi\/sv\/#organization\",\"name\":\"Oy Sigillum Ab\",\"url\":\"https:\/\/www.sigillum.fi\/sv\/\",\"logo\":{\"@type\":\"ImageObject\",\"inLanguage\":\"sv-SE\",\"@id\":\"https:\/\/www.sigillum.fi\/sv\/#\/schema\/logo\/image\/\",\"url\":\"https:\/\/www.sigillum.fi\/wp-content\/uploads\/2019\/11\/sigillum_sinettilogo_medium.png\",\"contentUrl\":\"https:\/\/www.sigillum.fi\/wp-content\/uploads\/2019\/11\/sigillum_sinettilogo_medium.png\",\"width\":900,\"height\":780,\"caption\":\"Oy Sigillum Ab\"},\"image\":{\"@id\":\"https:\/\/www.sigillum.fi\/sv\/#\/schema\/logo\/image\/\"}}]}<\/script>\n<!-- \/ Yoast SEO plugin. -->","yoast_head_json":{"title":"Karjalani, Karjalani, maani ja maailmani - Oy Sigillum Ab","description":"Teos luo laajemman n\u00e4k\u00f6alan karjalaisten kohtaloon ja sota-aikaan yleens\u00e4. Sota kosketti syv\u00e4sti koko suomalaista yhteiskuntaa ja sen j\u00e4seni\u00e4.","robots":{"index":"index","follow":"follow","max-snippet":"max-snippet:-1","max-image-preview":"max-image-preview:large","max-video-preview":"max-video-preview:-1"},"canonical":"https:\/\/www.sigillum.fi\/sv\/tuote\/karjalani-karjalani-maani-ja-maailmani\/","og_locale":"sv_SE","og_type":"article","og_title":"Karjalani, Karjalani, maani ja maailmani - Oy Sigillum Ab","og_description":"Teos luo laajemman n\u00e4k\u00f6alan karjalaisten kohtaloon ja sota-aikaan yleens\u00e4. Sota kosketti syv\u00e4sti koko suomalaista yhteiskuntaa ja sen j\u00e4seni\u00e4.","og_url":"https:\/\/www.sigillum.fi\/sv\/tuote\/karjalani-karjalani-maani-ja-maailmani\/","og_site_name":"Oy Sigillum Ab","article_modified_time":"2026-03-27T13:35:21+00:00","og_image":[{"width":1380,"height":1951,"url":"https:\/\/www.sigillum.fi\/wp-content\/uploads\/2019\/01\/Karjala-kirja.jpg","type":"image\/jpeg"}],"twitter_card":"summary_large_image","schema":{"@context":"https:\/\/schema.org","@graph":[{"@type":["WebPage","ItemPage"],"@id":"https:\/\/www.sigillum.fi\/sv\/tuote\/karjalani-karjalani-maani-ja-maailmani\/","url":"https:\/\/www.sigillum.fi\/sv\/tuote\/karjalani-karjalani-maani-ja-maailmani\/","name":"Karjalani, Karjalani, maani ja maailmani - Oy Sigillum Ab","isPartOf":{"@id":"https:\/\/www.sigillum.fi\/sv\/#website"},"datePublished":"2019-01-04T11:56:42+00:00","dateModified":"2026-03-27T13:35:21+00:00","description":"Teos luo laajemman n\u00e4k\u00f6alan karjalaisten kohtaloon ja sota-aikaan yleens\u00e4. Sota kosketti syv\u00e4sti koko suomalaista yhteiskuntaa ja sen j\u00e4seni\u00e4.","breadcrumb":{"@id":"https:\/\/www.sigillum.fi\/sv\/tuote\/karjalani-karjalani-maani-ja-maailmani\/#breadcrumb"},"inLanguage":"sv-SE","potentialAction":[{"@type":"ReadAction","target":["https:\/\/www.sigillum.fi\/sv\/tuote\/karjalani-karjalani-maani-ja-maailmani\/"]}]},{"@type":"BreadcrumbList","@id":"https:\/\/www.sigillum.fi\/sv\/tuote\/karjalani-karjalani-maani-ja-maailmani\/#breadcrumb","itemListElement":[{"@type":"ListItem","position":1,"name":"Etusivu","item":"https:\/\/www.sigillum.fi\/sv\/"},{"@type":"ListItem","position":2,"name":"Butik","item":"https:\/\/www.sigillum.fi\/sv\/butik\/"},{"@type":"ListItem","position":3,"name":"Karjalani, Karjalani, maani ja maailmani"}]},{"@type":"WebSite","@id":"https:\/\/www.sigillum.fi\/sv\/#website","url":"https:\/\/www.sigillum.fi\/sv\/","name":"Oy Sigillum Ab","description":"Oy Sigillum Ab","publisher":{"@id":"https:\/\/www.sigillum.fi\/sv\/#organization"},"potentialAction":[{"@type":"SearchAction","target":{"@type":"EntryPoint","urlTemplate":"https:\/\/www.sigillum.fi\/sv\/?s={search_term_string}"},"query-input":"required name=search_term_string"}],"inLanguage":"sv-SE"},{"@type":"Organization","@id":"https:\/\/www.sigillum.fi\/sv\/#organization","name":"Oy Sigillum Ab","url":"https:\/\/www.sigillum.fi\/sv\/","logo":{"@type":"ImageObject","inLanguage":"sv-SE","@id":"https:\/\/www.sigillum.fi\/sv\/#\/schema\/logo\/image\/","url":"https:\/\/www.sigillum.fi\/wp-content\/uploads\/2019\/11\/sigillum_sinettilogo_medium.png","contentUrl":"https:\/\/www.sigillum.fi\/wp-content\/uploads\/2019\/11\/sigillum_sinettilogo_medium.png","width":900,"height":780,"caption":"Oy Sigillum Ab"},"image":{"@id":"https:\/\/www.sigillum.fi\/sv\/#\/schema\/logo\/image\/"}}]}},"_links":{"self":[{"href":"https:\/\/www.sigillum.fi\/sv\/wp-json\/wp\/v2\/product\/2372","targetHints":{"allow":["GET"]}}],"collection":[{"href":"https:\/\/www.sigillum.fi\/sv\/wp-json\/wp\/v2\/product"}],"about":[{"href":"https:\/\/www.sigillum.fi\/sv\/wp-json\/wp\/v2\/types\/product"}],"replies":[{"embeddable":true,"href":"https:\/\/www.sigillum.fi\/sv\/wp-json\/wp\/v2\/comments?post=2372"}],"wp:featuredmedia":[{"embeddable":true,"href":"https:\/\/www.sigillum.fi\/sv\/wp-json\/wp\/v2\/media\/2373"}],"wp:attachment":[{"href":"https:\/\/www.sigillum.fi\/sv\/wp-json\/wp\/v2\/media?parent=2372"}],"wp:term":[{"taxonomy":"product_brand","embeddable":true,"href":"https:\/\/www.sigillum.fi\/sv\/wp-json\/wp\/v2\/product_brand?post=2372"},{"taxonomy":"product_cat","embeddable":true,"href":"https:\/\/www.sigillum.fi\/sv\/wp-json\/wp\/v2\/product_cat?post=2372"},{"taxonomy":"product_tag","embeddable":true,"href":"https:\/\/www.sigillum.fi\/sv\/wp-json\/wp\/v2\/product_tag?post=2372"}],"curies":[{"name":"wp","href":"https:\/\/api.w.org\/{rel}","templated":true}]}}