{"id":2370,"date":"2019-01-04T13:40:08","date_gmt":"2019-01-04T11:40:08","guid":{"rendered":"http:\/\/www.sigillum.fi\/?post_type=product&#038;p=2370"},"modified":"2026-03-27T15:35:22","modified_gmt":"2026-03-27T13:35:22","slug":"maria-rantala-ylos-ulos-ja-lenkille-suomalaiset-kuntoliikuntajarjestot-ja-liikuntakampanjajulisteet-vuosina-1941-2010","status":"publish","type":"product","link":"https:\/\/www.sigillum.fi\/sv\/tuote\/maria-rantala-ylos-ulos-ja-lenkille-suomalaiset-kuntoliikuntajarjestot-ja-liikuntakampanjajulisteet-vuosina-1941-2010\/","title":{"rendered":"Maria Rantala: Yl\u00f6s, ulos ja lenkille! Suomalaiset kuntoliikuntaj\u00e4rjest\u00f6t ja liikuntakampanjajulisteet vuosina 1941-2010"},"content":{"rendered":"<div class=\"page\" title=\"Page 1\">\n<div class=\"section\">\n<div class=\"layoutArea\">\n<div class=\"column\">\n<p>Suomalaiset liikunnan edist\u00e4j\u00e4t ovat organisoineet toisen maailmansodan j\u00e4lkeen satoja liikuntakampanjoita. Tutkimus esitt\u00e4\u00e4, mink\u00e4laisten vaiheiden kautta vuoden 1941 Maaottelumarssista on tultu 2010-luvulle, jossa ihmisi\u00e4 innostetaan istumaan v\u00e4hemm\u00e4n, k\u00e4ytt\u00e4m\u00e4\u00e4n hissin sijaan rappuja ja osallistumaan seikkailu-, v\u00e4ri- ja zombiejuoksuihin.<\/p>\n<p>Tutkimus piirt\u00e4\u00e4 laajan historiallisen kaaren suomalaisesta liikunnan edist\u00e4misest\u00e4, sen eri toimijoista ja siihen eri vuosikymmenin\u00e4 vaikuttaneista tekij\u00f6ist\u00e4. Kehityst\u00e4 seurataan kuntoliikuntaj\u00e4rjest\u00f6jen organisoitumisen, toiminnan ja kampanjoinnin kautta, unohtamatta urheilun keskusj\u00e4rjest\u00f6jen, valtion, kuntien ja terveysj\u00e4rjest\u00f6jen roolia kokonaisuudessa. Muutoksia ohjaavia ja jatkuvuuksia selitt\u00e4vi\u00e4 tekij\u00f6it\u00e4 tarkastellessa tutkimus kiinnittyy osaksi laajempaa Suomen historiaa.<\/p>\n<p>Tutkimuksen kohteena olevien 710 liikuntajulisteen avulla tehd\u00e4\u00e4n n\u00e4kyv\u00e4ksi sit\u00e4, mink\u00e4laisten argumenttien ja visuaalisten valintojen avulla suomalaisia on pyritty eri aikoina saamaan liikkeelle. Tutkimus vastaa siihen, miten liikunta ja liikkujat ja toisaalta fyysinen passiivisuus, v\u00e4h\u00e4n liikkuvat ja liikkumattomuuteen yhdistetyt asiat kuten esimerkiksi autot, televisio ja tietokoneet on esitetty liikuntakampanjamateriaaleissa.<\/p>\n<p>Tutkimus sijoittaa nykyiset toimijat osaksi historiallista jatkumoa ja haastaa arvioimaan t\u00e4m\u00e4n hetkisi\u00e4 liikunnan edist\u00e4mistoimia. Teos sopii kaikille, joiden teht\u00e4v\u00e4n\u00e4 on nyt tai tulevaisuudessa pyrki\u00e4 edist\u00e4m\u00e4\u00e4n suomalaisten fyysist\u00e4 aktiivisuutta.<\/p>\n<p>Suuria visuaalisia aineistoja on hy\u00f6dynnetty historiantutkimuksessa viel\u00e4 varsin v\u00e4h\u00e4n. Teos tarjoaa historiantutkijoille yhden n\u00e4k\u00f6kulman siihen, miten julisteaineistoja voi k\u00e4ytt\u00e4\u00e4 l\u00e4htein\u00e4 ja historiantutkimuksen osana.<\/p>\n<\/div>\n<\/div>\n<\/div>\n<\/div>\n","protected":false},"excerpt":{"rendered":"<div class=\"page\" title=\"Page 1\">\n<div class=\"section\">\n<div class=\"layoutArea\">\n<div class=\"column\">\n<p>Tutkimuksen kohteena olevien 710 liikuntajulisteen avulla tehd\u00e4\u00e4n n\u00e4kyv\u00e4ksi sit\u00e4, mink\u00e4laisten argumenttien ja visuaalisten valintojen avulla suomalaisia on pyritty eri aikoina saamaan liikkeelle. Tutkimus vastaa siihen, miten liikunta ja liikkujat ja toisaalta fyysinen passiivisuus, v\u00e4h\u00e4n liikkuvat ja liikkumattomuuteen yhdistetyt asiat kuten esimerkiksi autot, televisio ja tietokoneet on esitetty liikuntakampanjamateriaaleissa.<\/p>\n<p>Tutkimus piirt\u00e4\u00e4 laajan historiallisen kaaren suomalaisesta liikunnan edist\u00e4misest\u00e4, sen eri toimijoista ja siihen eri vuosikymmenin\u00e4 vaikuttaneista tekij\u00f6ist\u00e4. Kehityst\u00e4 seurataan kuntoliikuntaj\u00e4rjest\u00f6jen organisoitumisen, toiminnan ja kampanjoinnin kautta, unohtamatta urheilun keskusj\u00e4rjest\u00f6jen, valtion, kuntien ja terveysj\u00e4rjest\u00f6jen roolia kokonaisuudessa. Muutoksia ohjaavia ja jatkuvuuksia selitt\u00e4vi\u00e4 tekij\u00f6it\u00e4 tarkastellessa tutkimus kiinnittyy osaksi laajempaa Suomen historiaa.<\/p>\n<p>Tutkimus sijoittaa nykyiset toimijat osaksi historiallista jatkumoa ja haastaa arvioimaan t\u00e4m\u00e4n hetkisi\u00e4 liikunnan edist\u00e4mistoimia. Teos sopii kaikille, joiden teht\u00e4v\u00e4n\u00e4 on nyt tai tulevaisuudessa pyrki\u00e4 edist\u00e4m\u00e4\u00e4n suomalaisten fyysist\u00e4 aktiivisuutta.<\/p>\n<\/div>\n<\/div>\n<\/div>\n<\/div>\n","protected":false},"featured_media":2371,"comment_status":"closed","ping_status":"closed","template":"","meta":[],"product_brand":[],"product_cat":[122],"product_tag":[],"class_list":{"0":"post-2370","1":"product","2":"type-product","3":"status-publish","4":"has-post-thumbnail","6":"product_cat-kirjat","7":"product_shipping_class-postipaketti","9":"first","10":"instock","11":"taxable","12":"shipping-taxable","13":"purchasable","14":"product-type-simple"},"yoast_head":"<!-- This site is optimized with the Yoast SEO plugin v21.1 - https:\/\/yoast.com\/wordpress\/plugins\/seo\/ -->\n<title>Maria Rantala: Yl\u00f6s, ulos ja lenkille! Suomalaiset kuntoliikuntaj\u00e4rjest\u00f6t ja liikuntakampanjajulisteet vuosina 1941-2010 - Oy Sigillum Ab<\/title>\n<meta name=\"description\" content=\"Tutkimuksen kohteena olevien 710 liikuntajulisteen avulla tehd\u00e4\u00e4n n\u00e4kyv\u00e4ksi sit\u00e4, mink\u00e4laisten argumenttien ja visuaalisten valintojen avulla suomalaisia on pyritty eri aikoina saamaan liikkeelle.\" \/>\n<meta name=\"robots\" content=\"index, follow, max-snippet:-1, max-image-preview:large, max-video-preview:-1\" \/>\n<link rel=\"canonical\" href=\"https:\/\/www.sigillum.fi\/sv\/tuote\/maria-rantala-ylos-ulos-ja-lenkille-suomalaiset-kuntoliikuntajarjestot-ja-liikuntakampanjajulisteet-vuosina-1941-2010\/\" \/>\n<meta property=\"og:locale\" content=\"sv_SE\" \/>\n<meta property=\"og:type\" content=\"article\" \/>\n<meta property=\"og:title\" content=\"Maria Rantala: Yl\u00f6s, ulos ja lenkille! Suomalaiset kuntoliikuntaj\u00e4rjest\u00f6t ja liikuntakampanjajulisteet vuosina 1941-2010 - Oy Sigillum Ab\" \/>\n<meta property=\"og:description\" content=\"Tutkimuksen kohteena olevien 710 liikuntajulisteen avulla tehd\u00e4\u00e4n n\u00e4kyv\u00e4ksi sit\u00e4, mink\u00e4laisten argumenttien ja visuaalisten valintojen avulla suomalaisia on pyritty eri aikoina saamaan liikkeelle.\" \/>\n<meta property=\"og:url\" content=\"https:\/\/www.sigillum.fi\/sv\/tuote\/maria-rantala-ylos-ulos-ja-lenkille-suomalaiset-kuntoliikuntajarjestot-ja-liikuntakampanjajulisteet-vuosina-1941-2010\/\" \/>\n<meta property=\"og:site_name\" content=\"Oy Sigillum Ab\" \/>\n<meta property=\"article:modified_time\" content=\"2026-03-27T13:35:22+00:00\" \/>\n<meta property=\"og:image\" content=\"https:\/\/www.sigillum.fi\/wp-content\/uploads\/2019\/01\/9789527220122.jpg\" \/>\n\t<meta property=\"og:image:width\" content=\"2483\" \/>\n\t<meta property=\"og:image:height\" content=\"2496\" \/>\n\t<meta property=\"og:image:type\" content=\"image\/jpeg\" \/>\n<meta name=\"twitter:card\" content=\"summary_large_image\" \/>\n<script type=\"application\/ld+json\" class=\"yoast-schema-graph\">{\"@context\":\"https:\/\/schema.org\",\"@graph\":[{\"@type\":[\"WebPage\",\"ItemPage\"],\"@id\":\"https:\/\/www.sigillum.fi\/sv\/tuote\/maria-rantala-ylos-ulos-ja-lenkille-suomalaiset-kuntoliikuntajarjestot-ja-liikuntakampanjajulisteet-vuosina-1941-2010\/\",\"url\":\"https:\/\/www.sigillum.fi\/sv\/tuote\/maria-rantala-ylos-ulos-ja-lenkille-suomalaiset-kuntoliikuntajarjestot-ja-liikuntakampanjajulisteet-vuosina-1941-2010\/\",\"name\":\"Maria Rantala: Yl\u00f6s, ulos ja lenkille! Suomalaiset kuntoliikuntaj\u00e4rjest\u00f6t ja liikuntakampanjajulisteet vuosina 1941-2010 - Oy Sigillum Ab\",\"isPartOf\":{\"@id\":\"https:\/\/www.sigillum.fi\/sv\/#website\"},\"datePublished\":\"2019-01-04T11:40:08+00:00\",\"dateModified\":\"2026-03-27T13:35:22+00:00\",\"description\":\"Tutkimuksen kohteena olevien 710 liikuntajulisteen avulla tehd\u00e4\u00e4n n\u00e4kyv\u00e4ksi sit\u00e4, mink\u00e4laisten argumenttien ja visuaalisten valintojen avulla suomalaisia on pyritty eri aikoina saamaan liikkeelle.\",\"breadcrumb\":{\"@id\":\"https:\/\/www.sigillum.fi\/sv\/tuote\/maria-rantala-ylos-ulos-ja-lenkille-suomalaiset-kuntoliikuntajarjestot-ja-liikuntakampanjajulisteet-vuosina-1941-2010\/#breadcrumb\"},\"inLanguage\":\"sv-SE\",\"potentialAction\":[{\"@type\":\"ReadAction\",\"target\":[\"https:\/\/www.sigillum.fi\/sv\/tuote\/maria-rantala-ylos-ulos-ja-lenkille-suomalaiset-kuntoliikuntajarjestot-ja-liikuntakampanjajulisteet-vuosina-1941-2010\/\"]}]},{\"@type\":\"BreadcrumbList\",\"@id\":\"https:\/\/www.sigillum.fi\/sv\/tuote\/maria-rantala-ylos-ulos-ja-lenkille-suomalaiset-kuntoliikuntajarjestot-ja-liikuntakampanjajulisteet-vuosina-1941-2010\/#breadcrumb\",\"itemListElement\":[{\"@type\":\"ListItem\",\"position\":1,\"name\":\"Etusivu\",\"item\":\"https:\/\/www.sigillum.fi\/sv\/\"},{\"@type\":\"ListItem\",\"position\":2,\"name\":\"Butik\",\"item\":\"https:\/\/www.sigillum.fi\/sv\/butik\/\"},{\"@type\":\"ListItem\",\"position\":3,\"name\":\"Maria Rantala: Yl\u00f6s, ulos ja lenkille! Suomalaiset kuntoliikuntaj\u00e4rjest\u00f6t ja liikuntakampanjajulisteet vuosina 1941-2010\"}]},{\"@type\":\"WebSite\",\"@id\":\"https:\/\/www.sigillum.fi\/sv\/#website\",\"url\":\"https:\/\/www.sigillum.fi\/sv\/\",\"name\":\"Oy Sigillum Ab\",\"description\":\"Oy Sigillum Ab\",\"publisher\":{\"@id\":\"https:\/\/www.sigillum.fi\/sv\/#organization\"},\"potentialAction\":[{\"@type\":\"SearchAction\",\"target\":{\"@type\":\"EntryPoint\",\"urlTemplate\":\"https:\/\/www.sigillum.fi\/sv\/?s={search_term_string}\"},\"query-input\":\"required name=search_term_string\"}],\"inLanguage\":\"sv-SE\"},{\"@type\":\"Organization\",\"@id\":\"https:\/\/www.sigillum.fi\/sv\/#organization\",\"name\":\"Oy Sigillum Ab\",\"url\":\"https:\/\/www.sigillum.fi\/sv\/\",\"logo\":{\"@type\":\"ImageObject\",\"inLanguage\":\"sv-SE\",\"@id\":\"https:\/\/www.sigillum.fi\/sv\/#\/schema\/logo\/image\/\",\"url\":\"https:\/\/www.sigillum.fi\/wp-content\/uploads\/2019\/11\/sigillum_sinettilogo_medium.png\",\"contentUrl\":\"https:\/\/www.sigillum.fi\/wp-content\/uploads\/2019\/11\/sigillum_sinettilogo_medium.png\",\"width\":900,\"height\":780,\"caption\":\"Oy Sigillum Ab\"},\"image\":{\"@id\":\"https:\/\/www.sigillum.fi\/sv\/#\/schema\/logo\/image\/\"}}]}<\/script>\n<!-- \/ Yoast SEO plugin. -->","yoast_head_json":{"title":"Maria Rantala: Yl\u00f6s, ulos ja lenkille! Suomalaiset kuntoliikuntaj\u00e4rjest\u00f6t ja liikuntakampanjajulisteet vuosina 1941-2010 - Oy Sigillum Ab","description":"Tutkimuksen kohteena olevien 710 liikuntajulisteen avulla tehd\u00e4\u00e4n n\u00e4kyv\u00e4ksi sit\u00e4, mink\u00e4laisten argumenttien ja visuaalisten valintojen avulla suomalaisia on pyritty eri aikoina saamaan liikkeelle.","robots":{"index":"index","follow":"follow","max-snippet":"max-snippet:-1","max-image-preview":"max-image-preview:large","max-video-preview":"max-video-preview:-1"},"canonical":"https:\/\/www.sigillum.fi\/sv\/tuote\/maria-rantala-ylos-ulos-ja-lenkille-suomalaiset-kuntoliikuntajarjestot-ja-liikuntakampanjajulisteet-vuosina-1941-2010\/","og_locale":"sv_SE","og_type":"article","og_title":"Maria Rantala: Yl\u00f6s, ulos ja lenkille! Suomalaiset kuntoliikuntaj\u00e4rjest\u00f6t ja liikuntakampanjajulisteet vuosina 1941-2010 - Oy Sigillum Ab","og_description":"Tutkimuksen kohteena olevien 710 liikuntajulisteen avulla tehd\u00e4\u00e4n n\u00e4kyv\u00e4ksi sit\u00e4, mink\u00e4laisten argumenttien ja visuaalisten valintojen avulla suomalaisia on pyritty eri aikoina saamaan liikkeelle.","og_url":"https:\/\/www.sigillum.fi\/sv\/tuote\/maria-rantala-ylos-ulos-ja-lenkille-suomalaiset-kuntoliikuntajarjestot-ja-liikuntakampanjajulisteet-vuosina-1941-2010\/","og_site_name":"Oy Sigillum Ab","article_modified_time":"2026-03-27T13:35:22+00:00","og_image":[{"width":2483,"height":2496,"url":"https:\/\/www.sigillum.fi\/wp-content\/uploads\/2019\/01\/9789527220122.jpg","type":"image\/jpeg"}],"twitter_card":"summary_large_image","schema":{"@context":"https:\/\/schema.org","@graph":[{"@type":["WebPage","ItemPage"],"@id":"https:\/\/www.sigillum.fi\/sv\/tuote\/maria-rantala-ylos-ulos-ja-lenkille-suomalaiset-kuntoliikuntajarjestot-ja-liikuntakampanjajulisteet-vuosina-1941-2010\/","url":"https:\/\/www.sigillum.fi\/sv\/tuote\/maria-rantala-ylos-ulos-ja-lenkille-suomalaiset-kuntoliikuntajarjestot-ja-liikuntakampanjajulisteet-vuosina-1941-2010\/","name":"Maria Rantala: Yl\u00f6s, ulos ja lenkille! Suomalaiset kuntoliikuntaj\u00e4rjest\u00f6t ja liikuntakampanjajulisteet vuosina 1941-2010 - Oy Sigillum Ab","isPartOf":{"@id":"https:\/\/www.sigillum.fi\/sv\/#website"},"datePublished":"2019-01-04T11:40:08+00:00","dateModified":"2026-03-27T13:35:22+00:00","description":"Tutkimuksen kohteena olevien 710 liikuntajulisteen avulla tehd\u00e4\u00e4n n\u00e4kyv\u00e4ksi sit\u00e4, mink\u00e4laisten argumenttien ja visuaalisten valintojen avulla suomalaisia on pyritty eri aikoina saamaan liikkeelle.","breadcrumb":{"@id":"https:\/\/www.sigillum.fi\/sv\/tuote\/maria-rantala-ylos-ulos-ja-lenkille-suomalaiset-kuntoliikuntajarjestot-ja-liikuntakampanjajulisteet-vuosina-1941-2010\/#breadcrumb"},"inLanguage":"sv-SE","potentialAction":[{"@type":"ReadAction","target":["https:\/\/www.sigillum.fi\/sv\/tuote\/maria-rantala-ylos-ulos-ja-lenkille-suomalaiset-kuntoliikuntajarjestot-ja-liikuntakampanjajulisteet-vuosina-1941-2010\/"]}]},{"@type":"BreadcrumbList","@id":"https:\/\/www.sigillum.fi\/sv\/tuote\/maria-rantala-ylos-ulos-ja-lenkille-suomalaiset-kuntoliikuntajarjestot-ja-liikuntakampanjajulisteet-vuosina-1941-2010\/#breadcrumb","itemListElement":[{"@type":"ListItem","position":1,"name":"Etusivu","item":"https:\/\/www.sigillum.fi\/sv\/"},{"@type":"ListItem","position":2,"name":"Butik","item":"https:\/\/www.sigillum.fi\/sv\/butik\/"},{"@type":"ListItem","position":3,"name":"Maria Rantala: Yl\u00f6s, ulos ja lenkille! Suomalaiset kuntoliikuntaj\u00e4rjest\u00f6t ja liikuntakampanjajulisteet vuosina 1941-2010"}]},{"@type":"WebSite","@id":"https:\/\/www.sigillum.fi\/sv\/#website","url":"https:\/\/www.sigillum.fi\/sv\/","name":"Oy Sigillum Ab","description":"Oy Sigillum Ab","publisher":{"@id":"https:\/\/www.sigillum.fi\/sv\/#organization"},"potentialAction":[{"@type":"SearchAction","target":{"@type":"EntryPoint","urlTemplate":"https:\/\/www.sigillum.fi\/sv\/?s={search_term_string}"},"query-input":"required name=search_term_string"}],"inLanguage":"sv-SE"},{"@type":"Organization","@id":"https:\/\/www.sigillum.fi\/sv\/#organization","name":"Oy Sigillum Ab","url":"https:\/\/www.sigillum.fi\/sv\/","logo":{"@type":"ImageObject","inLanguage":"sv-SE","@id":"https:\/\/www.sigillum.fi\/sv\/#\/schema\/logo\/image\/","url":"https:\/\/www.sigillum.fi\/wp-content\/uploads\/2019\/11\/sigillum_sinettilogo_medium.png","contentUrl":"https:\/\/www.sigillum.fi\/wp-content\/uploads\/2019\/11\/sigillum_sinettilogo_medium.png","width":900,"height":780,"caption":"Oy Sigillum Ab"},"image":{"@id":"https:\/\/www.sigillum.fi\/sv\/#\/schema\/logo\/image\/"}}]}},"_links":{"self":[{"href":"https:\/\/www.sigillum.fi\/sv\/wp-json\/wp\/v2\/product\/2370","targetHints":{"allow":["GET"]}}],"collection":[{"href":"https:\/\/www.sigillum.fi\/sv\/wp-json\/wp\/v2\/product"}],"about":[{"href":"https:\/\/www.sigillum.fi\/sv\/wp-json\/wp\/v2\/types\/product"}],"replies":[{"embeddable":true,"href":"https:\/\/www.sigillum.fi\/sv\/wp-json\/wp\/v2\/comments?post=2370"}],"wp:featuredmedia":[{"embeddable":true,"href":"https:\/\/www.sigillum.fi\/sv\/wp-json\/wp\/v2\/media\/2371"}],"wp:attachment":[{"href":"https:\/\/www.sigillum.fi\/sv\/wp-json\/wp\/v2\/media?parent=2370"}],"wp:term":[{"taxonomy":"product_brand","embeddable":true,"href":"https:\/\/www.sigillum.fi\/sv\/wp-json\/wp\/v2\/product_brand?post=2370"},{"taxonomy":"product_cat","embeddable":true,"href":"https:\/\/www.sigillum.fi\/sv\/wp-json\/wp\/v2\/product_cat?post=2370"},{"taxonomy":"product_tag","embeddable":true,"href":"https:\/\/www.sigillum.fi\/sv\/wp-json\/wp\/v2\/product_tag?post=2370"}],"curies":[{"name":"wp","href":"https:\/\/api.w.org\/{rel}","templated":true}]}}