{"id":2360,"date":"2018-10-03T09:40:03","date_gmt":"2018-10-03T06:40:03","guid":{"rendered":"http:\/\/www.sigillum.fi\/?post_type=product&#038;p=2360"},"modified":"2024-09-04T01:43:05","modified_gmt":"2024-09-03T22:43:05","slug":"veli-veljea-vastaan","status":"publish","type":"product","link":"https:\/\/www.sigillum.fi\/sv\/tuote\/veli-veljea-vastaan\/","title":{"rendered":"Veli Velje\u00e4 Vastaan"},"content":{"rendered":"<p><em>1918 \u2013 Veli Velje\u00e4 Vastaan<\/em> on Suomen sis\u00e4llissotaan sijoittuva korttivetoinen lautapeli kahdelle pelaajalle. Toinen pelaaja vastaa senaatin johtamien valkoisten joukkojen taistelusta toisen koittaessa johdattaa kansanvaltuuskunnan johtamat punaiset vallankumoukselliset voittoon.<\/p>\n<p>Peliss\u00e4 on yli viisikymment\u00e4 historiallista tapahtumaa kuvaavaa korttia. Jokaisessa kortissa on paitsi peliin liittyv\u00e4 kuvaus my\u00f6s lyhyt historiallinen teksti ja siihen liittyv\u00e4 kuva. Pelilautana on Suomen kartta vuodelta 1918, johon on merkitty kaupungit ja niit\u00e4 yhdist\u00e4v\u00e4t maa- ja rautatiet.<\/p>\n<p>Valkoisen pelaajan tavoitteena on vallata punaisten hallussa olevat strategiset kaupungit punaisen pelaajan koittaessa joko valloittaa valkoisten p\u00e4\u00e4kaupunki Vaasa tai pit\u00e4\u00e4 omat alueensa pelin loppuun.<\/p>\n<p>SIS\u00c4LT\u00d6<\/p>\n<ul>\n<li>Pelilauta<\/li>\n<li>206 pelinappulaa<\/li>\n<li>55 korttia englanniksi ja 55 korttia suomeksi<\/li>\n<li>S\u00e4\u00e4nt\u00f6kirja englanniksi ja suomeksi<\/li>\n<li>Taulukko joukkojen sijoituksesta pelin alkaessa<\/li>\n<li>Historiallinen variantti<\/li>\n<li>Tohtori Olli Kleemolan lyhyt johdatus Suomen sis\u00e4llissotaan 1918<\/li>\n<li>Kaksi kuusisivuista noppaa<\/li>\n<\/ul>\n","protected":false},"excerpt":{"rendered":"<p><em>1918 \u2013 Veli Velje\u00e4 Vastaan<\/em> on Suomen sis\u00e4llissotaan sijoittuva korttivetoinen lautapeli kahdelle pelaajalle. Toinen pelaaja vastaa senaatin johtamien valkoisten joukkojen taistelusta toisen koittaessa johdattaa kansanvaltuuskunnan johtamat punaiset vallankumoukselliset voittoon.<\/p>\n<p>Peliss\u00e4 on yli viisikymment\u00e4 historiallista tapahtumaa kuvaavaa korttia. Jokaisessa kortissa on paitsi peliin liittyv\u00e4 kuvaus my\u00f6s lyhyt historiallinen teksti ja siihen liittyv\u00e4 kuva. Pelilautana on Suomen kartta vuodelta 1918, johon on merkitty kaupungit ja niit\u00e4 yhdist\u00e4v\u00e4t maa- ja rautatiet.<\/p>\n<p>Valkoisen pelaajan tavoitteena on vallata punaisten hallussa olevat strategiset kaupungit punaisen pelaajan koittaessa joko valloittaa valkoisten p\u00e4\u00e4kaupunki Vaasa tai pit\u00e4\u00e4 omat alueensa pelin loppuun.<\/p>\n","protected":false},"featured_media":2361,"comment_status":"closed","ping_status":"closed","template":"","meta":[],"product_brand":[],"product_cat":[123],"product_tag":[174,175],"class_list":{"0":"post-2360","1":"product","2":"type-product","3":"status-publish","4":"has-post-thumbnail","6":"product_cat-pelit","7":"product_tag-lautapeli","8":"product_tag-sotapeli","9":"product_shipping_class-postipaketti","11":"first","12":"instock","13":"taxable","14":"shipping-taxable","15":"purchasable","16":"product-type-simple"},"yoast_head":"<!-- This site is optimized with the Yoast SEO plugin v21.1 - https:\/\/yoast.com\/wordpress\/plugins\/seo\/ -->\n<title>Veli Velje\u00e4 Vastaan - Oy Sigillum Ab<\/title>\n<meta name=\"description\" content=\"1918 \u2013 Veli Velje\u00e4 Vastaan on Suomen sis\u00e4llissotaan sijoittuva korttivetoinen lautapeli kahdelle pelaajalle. Pelilautana on Suomen kartta vuodelta 1918.\" \/>\n<meta name=\"robots\" content=\"index, follow, max-snippet:-1, max-image-preview:large, max-video-preview:-1\" \/>\n<link rel=\"canonical\" href=\"https:\/\/www.sigillum.fi\/sv\/tuote\/veli-veljea-vastaan\/\" \/>\n<meta property=\"og:locale\" content=\"sv_SE\" \/>\n<meta property=\"og:type\" content=\"article\" \/>\n<meta property=\"og:title\" content=\"Veli Velje\u00e4 Vastaan - Oy Sigillum Ab\" \/>\n<meta property=\"og:description\" content=\"1918 \u2013 Veli Velje\u00e4 Vastaan on Suomen sis\u00e4llissotaan sijoittuva korttivetoinen lautapeli kahdelle pelaajalle. Pelilautana on Suomen kartta vuodelta 1918.\" \/>\n<meta property=\"og:url\" content=\"https:\/\/www.sigillum.fi\/sv\/tuote\/veli-veljea-vastaan\/\" \/>\n<meta property=\"og:site_name\" content=\"Oy Sigillum Ab\" \/>\n<meta property=\"article:modified_time\" content=\"2024-09-03T22:43:05+00:00\" \/>\n<meta property=\"og:image\" content=\"https:\/\/www.sigillum.fi\/wp-content\/uploads\/2018\/10\/veliveljeavastaan.jpg\" \/>\n\t<meta property=\"og:image:width\" content=\"357\" \/>\n\t<meta property=\"og:image:height\" content=\"500\" \/>\n\t<meta property=\"og:image:type\" content=\"image\/jpeg\" \/>\n<meta name=\"twitter:card\" content=\"summary_large_image\" \/>\n<script type=\"application\/ld+json\" class=\"yoast-schema-graph\">{\"@context\":\"https:\/\/schema.org\",\"@graph\":[{\"@type\":[\"WebPage\",\"ItemPage\"],\"@id\":\"https:\/\/www.sigillum.fi\/sv\/tuote\/veli-veljea-vastaan\/\",\"url\":\"https:\/\/www.sigillum.fi\/sv\/tuote\/veli-veljea-vastaan\/\",\"name\":\"Veli Velje\u00e4 Vastaan - Oy Sigillum Ab\",\"isPartOf\":{\"@id\":\"https:\/\/www.sigillum.fi\/sv\/#website\"},\"datePublished\":\"2018-10-03T06:40:03+00:00\",\"dateModified\":\"2024-09-03T22:43:05+00:00\",\"description\":\"1918 \u2013 Veli Velje\u00e4 Vastaan on Suomen sis\u00e4llissotaan sijoittuva korttivetoinen lautapeli kahdelle pelaajalle. Pelilautana on Suomen kartta vuodelta 1918.\",\"breadcrumb\":{\"@id\":\"https:\/\/www.sigillum.fi\/sv\/tuote\/veli-veljea-vastaan\/#breadcrumb\"},\"inLanguage\":\"sv-SE\",\"potentialAction\":[{\"@type\":\"ReadAction\",\"target\":[\"https:\/\/www.sigillum.fi\/sv\/tuote\/veli-veljea-vastaan\/\"]}]},{\"@type\":\"BreadcrumbList\",\"@id\":\"https:\/\/www.sigillum.fi\/sv\/tuote\/veli-veljea-vastaan\/#breadcrumb\",\"itemListElement\":[{\"@type\":\"ListItem\",\"position\":1,\"name\":\"Etusivu\",\"item\":\"https:\/\/www.sigillum.fi\/sv\/\"},{\"@type\":\"ListItem\",\"position\":2,\"name\":\"Butik\",\"item\":\"https:\/\/www.sigillum.fi\/sv\/butik\/\"},{\"@type\":\"ListItem\",\"position\":3,\"name\":\"Veli Velje\u00e4 Vastaan\"}]},{\"@type\":\"WebSite\",\"@id\":\"https:\/\/www.sigillum.fi\/sv\/#website\",\"url\":\"https:\/\/www.sigillum.fi\/sv\/\",\"name\":\"Oy Sigillum Ab\",\"description\":\"Oy Sigillum Ab\",\"publisher\":{\"@id\":\"https:\/\/www.sigillum.fi\/sv\/#organization\"},\"potentialAction\":[{\"@type\":\"SearchAction\",\"target\":{\"@type\":\"EntryPoint\",\"urlTemplate\":\"https:\/\/www.sigillum.fi\/sv\/?s={search_term_string}\"},\"query-input\":\"required name=search_term_string\"}],\"inLanguage\":\"sv-SE\"},{\"@type\":\"Organization\",\"@id\":\"https:\/\/www.sigillum.fi\/sv\/#organization\",\"name\":\"Oy Sigillum Ab\",\"url\":\"https:\/\/www.sigillum.fi\/sv\/\",\"logo\":{\"@type\":\"ImageObject\",\"inLanguage\":\"sv-SE\",\"@id\":\"https:\/\/www.sigillum.fi\/sv\/#\/schema\/logo\/image\/\",\"url\":\"https:\/\/www.sigillum.fi\/wp-content\/uploads\/2019\/11\/sigillum_sinettilogo_medium.png\",\"contentUrl\":\"https:\/\/www.sigillum.fi\/wp-content\/uploads\/2019\/11\/sigillum_sinettilogo_medium.png\",\"width\":900,\"height\":780,\"caption\":\"Oy Sigillum Ab\"},\"image\":{\"@id\":\"https:\/\/www.sigillum.fi\/sv\/#\/schema\/logo\/image\/\"}}]}<\/script>\n<!-- \/ Yoast SEO plugin. -->","yoast_head_json":{"title":"Veli Velje\u00e4 Vastaan - Oy Sigillum Ab","description":"1918 \u2013 Veli Velje\u00e4 Vastaan on Suomen sis\u00e4llissotaan sijoittuva korttivetoinen lautapeli kahdelle pelaajalle. Pelilautana on Suomen kartta vuodelta 1918.","robots":{"index":"index","follow":"follow","max-snippet":"max-snippet:-1","max-image-preview":"max-image-preview:large","max-video-preview":"max-video-preview:-1"},"canonical":"https:\/\/www.sigillum.fi\/sv\/tuote\/veli-veljea-vastaan\/","og_locale":"sv_SE","og_type":"article","og_title":"Veli Velje\u00e4 Vastaan - Oy Sigillum Ab","og_description":"1918 \u2013 Veli Velje\u00e4 Vastaan on Suomen sis\u00e4llissotaan sijoittuva korttivetoinen lautapeli kahdelle pelaajalle. Pelilautana on Suomen kartta vuodelta 1918.","og_url":"https:\/\/www.sigillum.fi\/sv\/tuote\/veli-veljea-vastaan\/","og_site_name":"Oy Sigillum Ab","article_modified_time":"2024-09-03T22:43:05+00:00","og_image":[{"width":357,"height":500,"url":"https:\/\/www.sigillum.fi\/wp-content\/uploads\/2018\/10\/veliveljeavastaan.jpg","type":"image\/jpeg"}],"twitter_card":"summary_large_image","schema":{"@context":"https:\/\/schema.org","@graph":[{"@type":["WebPage","ItemPage"],"@id":"https:\/\/www.sigillum.fi\/sv\/tuote\/veli-veljea-vastaan\/","url":"https:\/\/www.sigillum.fi\/sv\/tuote\/veli-veljea-vastaan\/","name":"Veli Velje\u00e4 Vastaan - Oy Sigillum Ab","isPartOf":{"@id":"https:\/\/www.sigillum.fi\/sv\/#website"},"datePublished":"2018-10-03T06:40:03+00:00","dateModified":"2024-09-03T22:43:05+00:00","description":"1918 \u2013 Veli Velje\u00e4 Vastaan on Suomen sis\u00e4llissotaan sijoittuva korttivetoinen lautapeli kahdelle pelaajalle. Pelilautana on Suomen kartta vuodelta 1918.","breadcrumb":{"@id":"https:\/\/www.sigillum.fi\/sv\/tuote\/veli-veljea-vastaan\/#breadcrumb"},"inLanguage":"sv-SE","potentialAction":[{"@type":"ReadAction","target":["https:\/\/www.sigillum.fi\/sv\/tuote\/veli-veljea-vastaan\/"]}]},{"@type":"BreadcrumbList","@id":"https:\/\/www.sigillum.fi\/sv\/tuote\/veli-veljea-vastaan\/#breadcrumb","itemListElement":[{"@type":"ListItem","position":1,"name":"Etusivu","item":"https:\/\/www.sigillum.fi\/sv\/"},{"@type":"ListItem","position":2,"name":"Butik","item":"https:\/\/www.sigillum.fi\/sv\/butik\/"},{"@type":"ListItem","position":3,"name":"Veli Velje\u00e4 Vastaan"}]},{"@type":"WebSite","@id":"https:\/\/www.sigillum.fi\/sv\/#website","url":"https:\/\/www.sigillum.fi\/sv\/","name":"Oy Sigillum Ab","description":"Oy Sigillum Ab","publisher":{"@id":"https:\/\/www.sigillum.fi\/sv\/#organization"},"potentialAction":[{"@type":"SearchAction","target":{"@type":"EntryPoint","urlTemplate":"https:\/\/www.sigillum.fi\/sv\/?s={search_term_string}"},"query-input":"required name=search_term_string"}],"inLanguage":"sv-SE"},{"@type":"Organization","@id":"https:\/\/www.sigillum.fi\/sv\/#organization","name":"Oy Sigillum Ab","url":"https:\/\/www.sigillum.fi\/sv\/","logo":{"@type":"ImageObject","inLanguage":"sv-SE","@id":"https:\/\/www.sigillum.fi\/sv\/#\/schema\/logo\/image\/","url":"https:\/\/www.sigillum.fi\/wp-content\/uploads\/2019\/11\/sigillum_sinettilogo_medium.png","contentUrl":"https:\/\/www.sigillum.fi\/wp-content\/uploads\/2019\/11\/sigillum_sinettilogo_medium.png","width":900,"height":780,"caption":"Oy Sigillum Ab"},"image":{"@id":"https:\/\/www.sigillum.fi\/sv\/#\/schema\/logo\/image\/"}}]}},"_links":{"self":[{"href":"https:\/\/www.sigillum.fi\/sv\/wp-json\/wp\/v2\/product\/2360","targetHints":{"allow":["GET"]}}],"collection":[{"href":"https:\/\/www.sigillum.fi\/sv\/wp-json\/wp\/v2\/product"}],"about":[{"href":"https:\/\/www.sigillum.fi\/sv\/wp-json\/wp\/v2\/types\/product"}],"replies":[{"embeddable":true,"href":"https:\/\/www.sigillum.fi\/sv\/wp-json\/wp\/v2\/comments?post=2360"}],"wp:featuredmedia":[{"embeddable":true,"href":"https:\/\/www.sigillum.fi\/sv\/wp-json\/wp\/v2\/media\/2361"}],"wp:attachment":[{"href":"https:\/\/www.sigillum.fi\/sv\/wp-json\/wp\/v2\/media?parent=2360"}],"wp:term":[{"taxonomy":"product_brand","embeddable":true,"href":"https:\/\/www.sigillum.fi\/sv\/wp-json\/wp\/v2\/product_brand?post=2360"},{"taxonomy":"product_cat","embeddable":true,"href":"https:\/\/www.sigillum.fi\/sv\/wp-json\/wp\/v2\/product_cat?post=2360"},{"taxonomy":"product_tag","embeddable":true,"href":"https:\/\/www.sigillum.fi\/sv\/wp-json\/wp\/v2\/product_tag?post=2360"}],"curies":[{"name":"wp","href":"https:\/\/api.w.org\/{rel}","templated":true}]}}