{"id":2261,"date":"2018-03-29T17:32:04","date_gmt":"2018-03-29T14:32:04","guid":{"rendered":"http:\/\/www.sigillum.fi\/?post_type=product&#038;p=2261"},"modified":"2026-03-27T15:35:22","modified_gmt":"2026-03-27T13:35:22","slug":"schwester-lotta-ja-maanpetturi-ruth-munckin-1886-1976-muistot-ja-tulkinnat-elamansa-kulusta","status":"publish","type":"product","link":"https:\/\/www.sigillum.fi\/sv\/tuote\/schwester-lotta-ja-maanpetturi-ruth-munckin-1886-1976-muistot-ja-tulkinnat-elamansa-kulusta\/","title":{"rendered":"Elina Virtanen: Schwester, lotta ja maanpetturi. Ruth Munckin (1886\u20131976) muistot ja tulkinnat el\u00e4m\u00e4ns\u00e4 kulusta"},"content":{"rendered":"","protected":false},"excerpt":{"rendered":"<p>Ruth Munck (1886\u20131976) l\u00e4hti joulukuussa 1915 j\u00e4\u00e4k\u00e4rien sairaanhoitajaksi Saksaan. Matkasta muodostui h\u00e4nelle merkitt\u00e4v\u00e4 kokemus, johon h\u00e4n palasi muistoissaan yh\u00e4 uudelleen. Munckin muistoissa t\u00e4rke\u00e4ss\u00e4 osassa olivat my\u00f6s h\u00e4nen toimintansa 1920- ja 1930-luvulla johtoteht\u00e4viss\u00e4 Lotta Sv\u00e4rd -j\u00e4rjest\u00f6ss\u00e4 sek\u00e4 jatkosodan aikana suomalaisten SS-miesten parissa Saksassa. Jatkosodan j\u00e4lkeen muuttuneessa poliittisessa tilanteessa Munck tuomittiin maanpetoksesta. Elina Virtanen tarkastelee tutkimuksessaan Ruth Munckin muistojen ja tulkintojen kautta yksil\u00f6n historiallisen muistin rakentumista ja Suomen historiakulttuurisia muutoksia 1920-luvulta 1970-luvulle. Tutkimus ottaa osaa ajankohtaiseen keskusteluun uudesta sotahistoriasta, suomalaisesta sotienv\u00e4lisest\u00e4 oikeistosta sek\u00e4 Suomen ja Saksan v\u00e4lisist\u00e4 suhteista. Samalla se tuo esiin j\u00e4\u00e4k\u00e4riliikkeen, Lotta Sv\u00e4rd -j\u00e4rjest\u00f6n ja suomalaisen SS-pataljoonan historiaa.<\/p>\n<p>312 s., mustavalkokuvitus.<\/p>\n","protected":false},"featured_media":2263,"comment_status":"closed","ping_status":"closed","template":"","meta":[],"product_brand":[],"product_cat":[122],"product_tag":[108,100,110,102,97,78,101,105,75,103,79,99,106,107,104,98,111,109],"class_list":{"0":"post-2261","1":"product","2":"type-product","3":"status-publish","4":"has-post-thumbnail","6":"product_cat-kirjat","7":"product_tag-108","8":"product_tag-aseveljeys","9":"product_tag-jaakariliike","10":"product_tag-jaakarirykmentti-27","11":"product_tag-jaakarit","12":"product_tag-jatkosota","13":"product_tag-kansalaissota","14":"product_tag-lotta","15":"product_tag-lotta-svard","16":"product_tag-maanpetturi","17":"product_tag-maanpuolustus","18":"product_tag-panttipataljoona","19":"product_tag-schwester","20":"product_tag-sisallissota","21":"product_tag-sota-aika","22":"product_tag-ss","23":"product_tag-ss-pataljoona","24":"product_tag-valkoinen-suomi","25":"product_shipping_class-postipaketti","27":"first","28":"instock","29":"taxable","30":"shipping-taxable","31":"purchasable","32":"product-type-simple"},"yoast_head":"<!-- This site is optimized with the Yoast SEO plugin v21.1 - https:\/\/yoast.com\/wordpress\/plugins\/seo\/ -->\n<title>Elina Virtanen: Schwester, lotta ja maanpetturi. Ruth Munckin (1886\u20131976) muistot ja tulkinnat el\u00e4m\u00e4ns\u00e4 kulusta - Oy Sigillum Ab<\/title>\n<meta name=\"robots\" content=\"index, follow, max-snippet:-1, max-image-preview:large, max-video-preview:-1\" \/>\n<link rel=\"canonical\" href=\"https:\/\/www.sigillum.fi\/sv\/tuote\/schwester-lotta-ja-maanpetturi-ruth-munckin-1886-1976-muistot-ja-tulkinnat-elamansa-kulusta\/\" \/>\n<meta property=\"og:locale\" content=\"sv_SE\" \/>\n<meta property=\"og:type\" content=\"article\" \/>\n<meta property=\"og:title\" content=\"Elina Virtanen: Schwester, lotta ja maanpetturi. Ruth Munckin (1886\u20131976) muistot ja tulkinnat el\u00e4m\u00e4ns\u00e4 kulusta - Oy Sigillum Ab\" \/>\n<meta property=\"og:description\" content=\"Ruth Munck (1886\u20131976) l\u00e4hti joulukuussa 1915 j\u00e4\u00e4k\u00e4rien sairaanhoitajaksi Saksaan. Matkasta muodostui h\u00e4nelle merkitt\u00e4v\u00e4 kokemus, johon h\u00e4n palasi muistoissaan yh\u00e4 uudelleen. Munckin muistoissa t\u00e4rke\u00e4ss\u00e4 osassa olivat my\u00f6s h\u00e4nen toimintansa 1920- ja 1930-luvulla johtoteht\u00e4viss\u00e4 Lotta Sv\u00e4rd -j\u00e4rjest\u00f6ss\u00e4 sek\u00e4 jatkosodan aikana suomalaisten SS-miesten parissa Saksassa. Jatkosodan j\u00e4lkeen muuttuneessa poliittisessa tilanteessa Munck tuomittiin maanpetoksesta. Elina Virtanen tarkastelee tutkimuksessaan Ruth Munckin muistojen ja tulkintojen kautta yksil\u00f6n historiallisen muistin rakentumista ja Suomen historiakulttuurisia muutoksia 1920-luvulta 1970-luvulle. Tutkimus ottaa osaa ajankohtaiseen keskusteluun uudesta sotahistoriasta, suomalaisesta sotienv\u00e4lisest\u00e4 oikeistosta sek\u00e4 Suomen ja Saksan v\u00e4lisist\u00e4 suhteista. Samalla se tuo esiin j\u00e4\u00e4k\u00e4riliikkeen, Lotta Sv\u00e4rd -j\u00e4rjest\u00f6n ja suomalaisen SS-pataljoonan historiaa.  312 s., mustavalkokuvitus.\" \/>\n<meta property=\"og:url\" content=\"https:\/\/www.sigillum.fi\/sv\/tuote\/schwester-lotta-ja-maanpetturi-ruth-munckin-1886-1976-muistot-ja-tulkinnat-elamansa-kulusta\/\" \/>\n<meta property=\"og:site_name\" content=\"Oy Sigillum Ab\" \/>\n<meta property=\"article:modified_time\" content=\"2026-03-27T13:35:22+00:00\" \/>\n<meta property=\"og:image\" content=\"https:\/\/www.sigillum.fi\/wp-content\/uploads\/2018\/03\/Ruth-Munck_valkotausta.jpg\" \/>\n\t<meta property=\"og:image:width\" content=\"2558\" \/>\n\t<meta property=\"og:image:height\" content=\"2560\" \/>\n\t<meta property=\"og:image:type\" content=\"image\/jpeg\" \/>\n<meta name=\"twitter:card\" content=\"summary_large_image\" \/>\n<script type=\"application\/ld+json\" class=\"yoast-schema-graph\">{\"@context\":\"https:\/\/schema.org\",\"@graph\":[{\"@type\":[\"WebPage\",\"ItemPage\"],\"@id\":\"https:\/\/www.sigillum.fi\/sv\/tuote\/schwester-lotta-ja-maanpetturi-ruth-munckin-1886-1976-muistot-ja-tulkinnat-elamansa-kulusta\/\",\"url\":\"https:\/\/www.sigillum.fi\/sv\/tuote\/schwester-lotta-ja-maanpetturi-ruth-munckin-1886-1976-muistot-ja-tulkinnat-elamansa-kulusta\/\",\"name\":\"Elina Virtanen: Schwester, lotta ja maanpetturi. Ruth Munckin (1886\u20131976) muistot ja tulkinnat el\u00e4m\u00e4ns\u00e4 kulusta - Oy Sigillum Ab\",\"isPartOf\":{\"@id\":\"https:\/\/www.sigillum.fi\/sv\/#website\"},\"datePublished\":\"2018-03-29T14:32:04+00:00\",\"dateModified\":\"2026-03-27T13:35:22+00:00\",\"breadcrumb\":{\"@id\":\"https:\/\/www.sigillum.fi\/sv\/tuote\/schwester-lotta-ja-maanpetturi-ruth-munckin-1886-1976-muistot-ja-tulkinnat-elamansa-kulusta\/#breadcrumb\"},\"inLanguage\":\"sv-SE\",\"potentialAction\":[{\"@type\":\"ReadAction\",\"target\":[\"https:\/\/www.sigillum.fi\/sv\/tuote\/schwester-lotta-ja-maanpetturi-ruth-munckin-1886-1976-muistot-ja-tulkinnat-elamansa-kulusta\/\"]}]},{\"@type\":\"BreadcrumbList\",\"@id\":\"https:\/\/www.sigillum.fi\/sv\/tuote\/schwester-lotta-ja-maanpetturi-ruth-munckin-1886-1976-muistot-ja-tulkinnat-elamansa-kulusta\/#breadcrumb\",\"itemListElement\":[{\"@type\":\"ListItem\",\"position\":1,\"name\":\"Etusivu\",\"item\":\"https:\/\/www.sigillum.fi\/sv\/\"},{\"@type\":\"ListItem\",\"position\":2,\"name\":\"Butik\",\"item\":\"https:\/\/www.sigillum.fi\/sv\/butik\/\"},{\"@type\":\"ListItem\",\"position\":3,\"name\":\"Elina Virtanen: Schwester, lotta ja maanpetturi. Ruth Munckin (1886\u20131976) muistot ja tulkinnat el\u00e4m\u00e4ns\u00e4 kulusta\"}]},{\"@type\":\"WebSite\",\"@id\":\"https:\/\/www.sigillum.fi\/sv\/#website\",\"url\":\"https:\/\/www.sigillum.fi\/sv\/\",\"name\":\"Oy Sigillum Ab\",\"description\":\"Oy Sigillum Ab\",\"publisher\":{\"@id\":\"https:\/\/www.sigillum.fi\/sv\/#organization\"},\"potentialAction\":[{\"@type\":\"SearchAction\",\"target\":{\"@type\":\"EntryPoint\",\"urlTemplate\":\"https:\/\/www.sigillum.fi\/sv\/?s={search_term_string}\"},\"query-input\":\"required name=search_term_string\"}],\"inLanguage\":\"sv-SE\"},{\"@type\":\"Organization\",\"@id\":\"https:\/\/www.sigillum.fi\/sv\/#organization\",\"name\":\"Oy Sigillum Ab\",\"url\":\"https:\/\/www.sigillum.fi\/sv\/\",\"logo\":{\"@type\":\"ImageObject\",\"inLanguage\":\"sv-SE\",\"@id\":\"https:\/\/www.sigillum.fi\/sv\/#\/schema\/logo\/image\/\",\"url\":\"https:\/\/www.sigillum.fi\/wp-content\/uploads\/2019\/11\/sigillum_sinettilogo_medium.png\",\"contentUrl\":\"https:\/\/www.sigillum.fi\/wp-content\/uploads\/2019\/11\/sigillum_sinettilogo_medium.png\",\"width\":900,\"height\":780,\"caption\":\"Oy Sigillum Ab\"},\"image\":{\"@id\":\"https:\/\/www.sigillum.fi\/sv\/#\/schema\/logo\/image\/\"}}]}<\/script>\n<!-- \/ Yoast SEO plugin. -->","yoast_head_json":{"title":"Elina Virtanen: Schwester, lotta ja maanpetturi. Ruth Munckin (1886\u20131976) muistot ja tulkinnat el\u00e4m\u00e4ns\u00e4 kulusta - Oy Sigillum Ab","robots":{"index":"index","follow":"follow","max-snippet":"max-snippet:-1","max-image-preview":"max-image-preview:large","max-video-preview":"max-video-preview:-1"},"canonical":"https:\/\/www.sigillum.fi\/sv\/tuote\/schwester-lotta-ja-maanpetturi-ruth-munckin-1886-1976-muistot-ja-tulkinnat-elamansa-kulusta\/","og_locale":"sv_SE","og_type":"article","og_title":"Elina Virtanen: Schwester, lotta ja maanpetturi. Ruth Munckin (1886\u20131976) muistot ja tulkinnat el\u00e4m\u00e4ns\u00e4 kulusta - Oy Sigillum Ab","og_description":"Ruth Munck (1886\u20131976) l\u00e4hti joulukuussa 1915 j\u00e4\u00e4k\u00e4rien sairaanhoitajaksi Saksaan. Matkasta muodostui h\u00e4nelle merkitt\u00e4v\u00e4 kokemus, johon h\u00e4n palasi muistoissaan yh\u00e4 uudelleen. Munckin muistoissa t\u00e4rke\u00e4ss\u00e4 osassa olivat my\u00f6s h\u00e4nen toimintansa 1920- ja 1930-luvulla johtoteht\u00e4viss\u00e4 Lotta Sv\u00e4rd -j\u00e4rjest\u00f6ss\u00e4 sek\u00e4 jatkosodan aikana suomalaisten SS-miesten parissa Saksassa. Jatkosodan j\u00e4lkeen muuttuneessa poliittisessa tilanteessa Munck tuomittiin maanpetoksesta. Elina Virtanen tarkastelee tutkimuksessaan Ruth Munckin muistojen ja tulkintojen kautta yksil\u00f6n historiallisen muistin rakentumista ja Suomen historiakulttuurisia muutoksia 1920-luvulta 1970-luvulle. Tutkimus ottaa osaa ajankohtaiseen keskusteluun uudesta sotahistoriasta, suomalaisesta sotienv\u00e4lisest\u00e4 oikeistosta sek\u00e4 Suomen ja Saksan v\u00e4lisist\u00e4 suhteista. Samalla se tuo esiin j\u00e4\u00e4k\u00e4riliikkeen, Lotta Sv\u00e4rd -j\u00e4rjest\u00f6n ja suomalaisen SS-pataljoonan historiaa.  312 s., mustavalkokuvitus.","og_url":"https:\/\/www.sigillum.fi\/sv\/tuote\/schwester-lotta-ja-maanpetturi-ruth-munckin-1886-1976-muistot-ja-tulkinnat-elamansa-kulusta\/","og_site_name":"Oy Sigillum Ab","article_modified_time":"2026-03-27T13:35:22+00:00","og_image":[{"width":2558,"height":2560,"url":"https:\/\/www.sigillum.fi\/wp-content\/uploads\/2018\/03\/Ruth-Munck_valkotausta.jpg","type":"image\/jpeg"}],"twitter_card":"summary_large_image","schema":{"@context":"https:\/\/schema.org","@graph":[{"@type":["WebPage","ItemPage"],"@id":"https:\/\/www.sigillum.fi\/sv\/tuote\/schwester-lotta-ja-maanpetturi-ruth-munckin-1886-1976-muistot-ja-tulkinnat-elamansa-kulusta\/","url":"https:\/\/www.sigillum.fi\/sv\/tuote\/schwester-lotta-ja-maanpetturi-ruth-munckin-1886-1976-muistot-ja-tulkinnat-elamansa-kulusta\/","name":"Elina Virtanen: Schwester, lotta ja maanpetturi. Ruth Munckin (1886\u20131976) muistot ja tulkinnat el\u00e4m\u00e4ns\u00e4 kulusta - Oy Sigillum Ab","isPartOf":{"@id":"https:\/\/www.sigillum.fi\/sv\/#website"},"datePublished":"2018-03-29T14:32:04+00:00","dateModified":"2026-03-27T13:35:22+00:00","breadcrumb":{"@id":"https:\/\/www.sigillum.fi\/sv\/tuote\/schwester-lotta-ja-maanpetturi-ruth-munckin-1886-1976-muistot-ja-tulkinnat-elamansa-kulusta\/#breadcrumb"},"inLanguage":"sv-SE","potentialAction":[{"@type":"ReadAction","target":["https:\/\/www.sigillum.fi\/sv\/tuote\/schwester-lotta-ja-maanpetturi-ruth-munckin-1886-1976-muistot-ja-tulkinnat-elamansa-kulusta\/"]}]},{"@type":"BreadcrumbList","@id":"https:\/\/www.sigillum.fi\/sv\/tuote\/schwester-lotta-ja-maanpetturi-ruth-munckin-1886-1976-muistot-ja-tulkinnat-elamansa-kulusta\/#breadcrumb","itemListElement":[{"@type":"ListItem","position":1,"name":"Etusivu","item":"https:\/\/www.sigillum.fi\/sv\/"},{"@type":"ListItem","position":2,"name":"Butik","item":"https:\/\/www.sigillum.fi\/sv\/butik\/"},{"@type":"ListItem","position":3,"name":"Elina Virtanen: Schwester, lotta ja maanpetturi. Ruth Munckin (1886\u20131976) muistot ja tulkinnat el\u00e4m\u00e4ns\u00e4 kulusta"}]},{"@type":"WebSite","@id":"https:\/\/www.sigillum.fi\/sv\/#website","url":"https:\/\/www.sigillum.fi\/sv\/","name":"Oy Sigillum Ab","description":"Oy Sigillum Ab","publisher":{"@id":"https:\/\/www.sigillum.fi\/sv\/#organization"},"potentialAction":[{"@type":"SearchAction","target":{"@type":"EntryPoint","urlTemplate":"https:\/\/www.sigillum.fi\/sv\/?s={search_term_string}"},"query-input":"required name=search_term_string"}],"inLanguage":"sv-SE"},{"@type":"Organization","@id":"https:\/\/www.sigillum.fi\/sv\/#organization","name":"Oy Sigillum Ab","url":"https:\/\/www.sigillum.fi\/sv\/","logo":{"@type":"ImageObject","inLanguage":"sv-SE","@id":"https:\/\/www.sigillum.fi\/sv\/#\/schema\/logo\/image\/","url":"https:\/\/www.sigillum.fi\/wp-content\/uploads\/2019\/11\/sigillum_sinettilogo_medium.png","contentUrl":"https:\/\/www.sigillum.fi\/wp-content\/uploads\/2019\/11\/sigillum_sinettilogo_medium.png","width":900,"height":780,"caption":"Oy Sigillum Ab"},"image":{"@id":"https:\/\/www.sigillum.fi\/sv\/#\/schema\/logo\/image\/"}}]}},"_links":{"self":[{"href":"https:\/\/www.sigillum.fi\/sv\/wp-json\/wp\/v2\/product\/2261","targetHints":{"allow":["GET"]}}],"collection":[{"href":"https:\/\/www.sigillum.fi\/sv\/wp-json\/wp\/v2\/product"}],"about":[{"href":"https:\/\/www.sigillum.fi\/sv\/wp-json\/wp\/v2\/types\/product"}],"replies":[{"embeddable":true,"href":"https:\/\/www.sigillum.fi\/sv\/wp-json\/wp\/v2\/comments?post=2261"}],"wp:featuredmedia":[{"embeddable":true,"href":"https:\/\/www.sigillum.fi\/sv\/wp-json\/wp\/v2\/media\/2263"}],"wp:attachment":[{"href":"https:\/\/www.sigillum.fi\/sv\/wp-json\/wp\/v2\/media?parent=2261"}],"wp:term":[{"taxonomy":"product_brand","embeddable":true,"href":"https:\/\/www.sigillum.fi\/sv\/wp-json\/wp\/v2\/product_brand?post=2261"},{"taxonomy":"product_cat","embeddable":true,"href":"https:\/\/www.sigillum.fi\/sv\/wp-json\/wp\/v2\/product_cat?post=2261"},{"taxonomy":"product_tag","embeddable":true,"href":"https:\/\/www.sigillum.fi\/sv\/wp-json\/wp\/v2\/product_tag?post=2261"}],"curies":[{"name":"wp","href":"https:\/\/api.w.org\/{rel}","templated":true}]}}