{"id":2157,"date":"2017-09-04T17:03:16","date_gmt":"2017-09-04T14:03:16","guid":{"rendered":"http:\/\/www.sigillum.fi\/?post_type=product&#038;p=2157"},"modified":"2026-03-27T15:35:23","modified_gmt":"2026-03-27T13:35:23","slug":"heli-teittinen-ei-onnea-suurempaa-kuin-suojata-syntymamaata-juvan-lotat-1920-1944","status":"publish","type":"product","link":"https:\/\/www.sigillum.fi\/sv\/tuote\/heli-teittinen-ei-onnea-suurempaa-kuin-suojata-syntymamaata-juvan-lotat-1920-1944\/","title":{"rendered":"Heli Teittinen: Ei onnea suurempaa kuin suojata syntym\u00e4maata &#8211; Juvan lotat 1920\u20131944"},"content":{"rendered":"","protected":false},"excerpt":{"rendered":"<p>Heli Teittinen selvitt\u00e4\u00e4 tutkimuksessaan Mikkelin, sittemmin Saimaan, piiriin kuuluneen etel\u00e4savolaisen Juvan lottaosaston historian. Kyseess\u00e4 oli merkitt\u00e4v\u00e4, laajassa maalaispit\u00e4j\u00e4ss\u00e4 vaikuttanut paikallisosasto, jossa toimi yli 400 j\u00e4sent\u00e4. Osasto perustettiin maaliskuussa 1920, vuotta ennen valtakunnallisen Lotta Sv\u00e4rdin perustamista. Kirjassa selvitet\u00e4\u00e4n my\u00f6s Lotta Sv\u00e4rd -j\u00e4rjest\u00f6n synty, toimintaperiaatteet ja lakkauttaminen, joten se antaa tietoa my\u00f6s valtakunnallisesta maanpuolustusty\u00f6st\u00e4.<\/p>\n<p>Talvisodan aikana juvalaislotat toimivat l\u00e4hinn\u00e4 kotirintamateht\u00e4viss\u00e4, joissa riitti runsaasti ty\u00f6t\u00e4 varsinkin ilmavalvonnassa ja muonituksessa. Puolustusvoimien p\u00e4\u00e4majakin siirtyi Juvalle talvisodan viimeisiksi viikoiksi. Jatkosodassa moni oli komennuksilla paitsi muonitus- ja ilmavalvontateht\u00e4viss\u00e4, my\u00f6s l\u00e4\u00e4kint\u00e4lottana ja toimistot\u00f6iss\u00e4, samoin kuin rintaman l\u00e4heisyyteen sijoittuneissa t\u00f6iss\u00e4, kuten radios\u00e4hk\u00f6tyksess\u00e4. Juvalaislottia toimi jopa el\u00e4inl\u00e4\u00e4kinn\u00e4ss\u00e4 ja kaatuneiden evakuointikeskuksissa. Juvalle perustetut 13 kyl\u00e4osastoa ja eri kyliin jakautunut 150 pikkulotan tytt\u00f6osasto saavat my\u00f6s tutkimuksessa huomiota. Teokseen sis\u00e4ltyy lis\u00e4ksi laaja liiteaineisto.<\/p>\n<p>Tutkimuksessa on mukana oli 30 lotan tai pikkulotan haastattelu- tai muistitietoaineistoon perustuva osio, jossa tulee esiin monia uskomattoman kuuloisiakin tarinoita lottien sinnikkyydest\u00e4 ja rohkeudesta. Osa haastatelluista liittyi lottiin jo 1930-luvulla. Kokonaisuutena Teittisen tutkimus on maamme sotahistoriaa naisn\u00e4k\u00f6kulmasta.<\/p>\n<p>Osuuskunta Sigillum 2010.<\/p>\n<p>368 sivua, runsas mustavalkokuvitus.<\/p>\n","protected":false},"featured_media":2158,"comment_status":"closed","ping_status":"closed","template":"","meta":[],"product_brand":[],"product_cat":[122],"product_tag":[78,74,75,79,77,76],"class_list":{"0":"post-2157","1":"product","2":"type-product","3":"status-publish","4":"has-post-thumbnail","6":"product_cat-kirjat","7":"product_tag-jatkosota","8":"product_tag-juva","9":"product_tag-lotta-svard","10":"product_tag-maanpuolustus","11":"product_tag-talvisota","12":"product_tag-toinen-maailmansota","13":"product_shipping_class-postipaketti","15":"first","16":"outofstock","17":"taxable","18":"shipping-taxable","19":"purchasable","20":"product-type-simple"},"yoast_head":"<!-- This site is optimized with the Yoast SEO plugin v21.1 - https:\/\/yoast.com\/wordpress\/plugins\/seo\/ -->\n<title>Heli Teittinen: Ei onnea suurempaa kuin suojata syntym\u00e4maata - Juvan lotat 1920\u20131944 - Oy Sigillum Ab<\/title>\n<meta name=\"robots\" content=\"index, follow, max-snippet:-1, max-image-preview:large, max-video-preview:-1\" \/>\n<link rel=\"canonical\" href=\"https:\/\/www.sigillum.fi\/sv\/tuote\/heli-teittinen-ei-onnea-suurempaa-kuin-suojata-syntymamaata-juvan-lotat-1920-1944\/\" \/>\n<meta property=\"og:locale\" content=\"sv_SE\" \/>\n<meta property=\"og:type\" content=\"article\" \/>\n<meta property=\"og:title\" content=\"Heli Teittinen: Ei onnea suurempaa kuin suojata syntym\u00e4maata - Juvan lotat 1920\u20131944 - Oy Sigillum Ab\" \/>\n<meta property=\"og:description\" content=\"Heli Teittinen selvitt\u00e4\u00e4 tutkimuksessaan Mikkelin, sittemmin Saimaan, piiriin kuuluneen etel\u00e4savolaisen Juvan lottaosaston historian. Kyseess\u00e4 oli merkitt\u00e4v\u00e4, laajassa maalaispit\u00e4j\u00e4ss\u00e4 vaikuttanut paikallisosasto, jossa toimi yli 400 j\u00e4sent\u00e4. Osasto perustettiin maaliskuussa 1920, vuotta ennen valtakunnallisen Lotta Sv\u00e4rdin perustamista. Kirjassa selvitet\u00e4\u00e4n my\u00f6s Lotta Sv\u00e4rd -j\u00e4rjest\u00f6n synty, toimintaperiaatteet ja lakkauttaminen, joten se antaa tietoa my\u00f6s valtakunnallisesta maanpuolustusty\u00f6st\u00e4.  Talvisodan aikana juvalaislotat toimivat l\u00e4hinn\u00e4 kotirintamateht\u00e4viss\u00e4, joissa riitti runsaasti ty\u00f6t\u00e4 varsinkin ilmavalvonnassa ja muonituksessa. Puolustusvoimien p\u00e4\u00e4majakin siirtyi Juvalle talvisodan viimeisiksi viikoiksi. Jatkosodassa moni oli komennuksilla paitsi muonitus- ja ilmavalvontateht\u00e4viss\u00e4, my\u00f6s l\u00e4\u00e4kint\u00e4lottana ja toimistot\u00f6iss\u00e4, samoin kuin rintaman l\u00e4heisyyteen sijoittuneissa t\u00f6iss\u00e4, kuten radios\u00e4hk\u00f6tyksess\u00e4. Juvalaislottia toimi jopa el\u00e4inl\u00e4\u00e4kinn\u00e4ss\u00e4 ja kaatuneiden evakuointikeskuksissa. Juvalle perustetut 13 kyl\u00e4osastoa ja eri kyliin jakautunut 150 pikkulotan tytt\u00f6osasto saavat my\u00f6s tutkimuksessa huomiota. Teokseen sis\u00e4ltyy lis\u00e4ksi laaja liiteaineisto.  Tutkimuksessa on mukana oli 30 lotan tai pikkulotan haastattelu- tai muistitietoaineistoon perustuva osio, jossa tulee esiin monia uskomattoman kuuloisiakin tarinoita lottien sinnikkyydest\u00e4 ja rohkeudesta. Osa haastatelluista liittyi lottiin jo 1930-luvulla. Kokonaisuutena Teittisen tutkimus on maamme sotahistoriaa naisn\u00e4k\u00f6kulmasta.  Osuuskunta Sigillum 2010.  368 sivua, runsas mustavalkokuvitus.\" \/>\n<meta property=\"og:url\" content=\"https:\/\/www.sigillum.fi\/sv\/tuote\/heli-teittinen-ei-onnea-suurempaa-kuin-suojata-syntymamaata-juvan-lotat-1920-1944\/\" \/>\n<meta property=\"og:site_name\" content=\"Oy Sigillum Ab\" \/>\n<meta property=\"article:modified_time\" content=\"2026-03-27T13:35:23+00:00\" \/>\n<meta property=\"og:image\" content=\"https:\/\/www.sigillum.fi\/wp-content\/uploads\/2017\/09\/juvanlotat1.jpg\" \/>\n\t<meta property=\"og:image:width\" content=\"400\" \/>\n\t<meta property=\"og:image:height\" content=\"400\" \/>\n\t<meta property=\"og:image:type\" content=\"image\/jpeg\" \/>\n<meta name=\"twitter:card\" content=\"summary_large_image\" \/>\n<script type=\"application\/ld+json\" class=\"yoast-schema-graph\">{\"@context\":\"https:\/\/schema.org\",\"@graph\":[{\"@type\":[\"WebPage\",\"ItemPage\"],\"@id\":\"https:\/\/www.sigillum.fi\/sv\/tuote\/heli-teittinen-ei-onnea-suurempaa-kuin-suojata-syntymamaata-juvan-lotat-1920-1944\/\",\"url\":\"https:\/\/www.sigillum.fi\/sv\/tuote\/heli-teittinen-ei-onnea-suurempaa-kuin-suojata-syntymamaata-juvan-lotat-1920-1944\/\",\"name\":\"Heli Teittinen: Ei onnea suurempaa kuin suojata syntym\u00e4maata - Juvan lotat 1920\u20131944 - Oy Sigillum Ab\",\"isPartOf\":{\"@id\":\"https:\/\/www.sigillum.fi\/sv\/#website\"},\"datePublished\":\"2017-09-04T14:03:16+00:00\",\"dateModified\":\"2026-03-27T13:35:23+00:00\",\"breadcrumb\":{\"@id\":\"https:\/\/www.sigillum.fi\/sv\/tuote\/heli-teittinen-ei-onnea-suurempaa-kuin-suojata-syntymamaata-juvan-lotat-1920-1944\/#breadcrumb\"},\"inLanguage\":\"sv-SE\",\"potentialAction\":[{\"@type\":\"ReadAction\",\"target\":[\"https:\/\/www.sigillum.fi\/sv\/tuote\/heli-teittinen-ei-onnea-suurempaa-kuin-suojata-syntymamaata-juvan-lotat-1920-1944\/\"]}]},{\"@type\":\"BreadcrumbList\",\"@id\":\"https:\/\/www.sigillum.fi\/sv\/tuote\/heli-teittinen-ei-onnea-suurempaa-kuin-suojata-syntymamaata-juvan-lotat-1920-1944\/#breadcrumb\",\"itemListElement\":[{\"@type\":\"ListItem\",\"position\":1,\"name\":\"Etusivu\",\"item\":\"https:\/\/www.sigillum.fi\/sv\/\"},{\"@type\":\"ListItem\",\"position\":2,\"name\":\"Butik\",\"item\":\"https:\/\/www.sigillum.fi\/sv\/butik\/\"},{\"@type\":\"ListItem\",\"position\":3,\"name\":\"Heli Teittinen: Ei onnea suurempaa kuin suojata syntym\u00e4maata &#8211; Juvan lotat 1920\u20131944\"}]},{\"@type\":\"WebSite\",\"@id\":\"https:\/\/www.sigillum.fi\/sv\/#website\",\"url\":\"https:\/\/www.sigillum.fi\/sv\/\",\"name\":\"Oy Sigillum Ab\",\"description\":\"Oy Sigillum Ab\",\"publisher\":{\"@id\":\"https:\/\/www.sigillum.fi\/sv\/#organization\"},\"potentialAction\":[{\"@type\":\"SearchAction\",\"target\":{\"@type\":\"EntryPoint\",\"urlTemplate\":\"https:\/\/www.sigillum.fi\/sv\/?s={search_term_string}\"},\"query-input\":\"required name=search_term_string\"}],\"inLanguage\":\"sv-SE\"},{\"@type\":\"Organization\",\"@id\":\"https:\/\/www.sigillum.fi\/sv\/#organization\",\"name\":\"Oy Sigillum Ab\",\"url\":\"https:\/\/www.sigillum.fi\/sv\/\",\"logo\":{\"@type\":\"ImageObject\",\"inLanguage\":\"sv-SE\",\"@id\":\"https:\/\/www.sigillum.fi\/sv\/#\/schema\/logo\/image\/\",\"url\":\"https:\/\/www.sigillum.fi\/wp-content\/uploads\/2019\/11\/sigillum_sinettilogo_medium.png\",\"contentUrl\":\"https:\/\/www.sigillum.fi\/wp-content\/uploads\/2019\/11\/sigillum_sinettilogo_medium.png\",\"width\":900,\"height\":780,\"caption\":\"Oy Sigillum Ab\"},\"image\":{\"@id\":\"https:\/\/www.sigillum.fi\/sv\/#\/schema\/logo\/image\/\"}}]}<\/script>\n<!-- \/ Yoast SEO plugin. -->","yoast_head_json":{"title":"Heli Teittinen: Ei onnea suurempaa kuin suojata syntym\u00e4maata - Juvan lotat 1920\u20131944 - Oy Sigillum Ab","robots":{"index":"index","follow":"follow","max-snippet":"max-snippet:-1","max-image-preview":"max-image-preview:large","max-video-preview":"max-video-preview:-1"},"canonical":"https:\/\/www.sigillum.fi\/sv\/tuote\/heli-teittinen-ei-onnea-suurempaa-kuin-suojata-syntymamaata-juvan-lotat-1920-1944\/","og_locale":"sv_SE","og_type":"article","og_title":"Heli Teittinen: Ei onnea suurempaa kuin suojata syntym\u00e4maata - Juvan lotat 1920\u20131944 - Oy Sigillum Ab","og_description":"Heli Teittinen selvitt\u00e4\u00e4 tutkimuksessaan Mikkelin, sittemmin Saimaan, piiriin kuuluneen etel\u00e4savolaisen Juvan lottaosaston historian. Kyseess\u00e4 oli merkitt\u00e4v\u00e4, laajassa maalaispit\u00e4j\u00e4ss\u00e4 vaikuttanut paikallisosasto, jossa toimi yli 400 j\u00e4sent\u00e4. Osasto perustettiin maaliskuussa 1920, vuotta ennen valtakunnallisen Lotta Sv\u00e4rdin perustamista. Kirjassa selvitet\u00e4\u00e4n my\u00f6s Lotta Sv\u00e4rd -j\u00e4rjest\u00f6n synty, toimintaperiaatteet ja lakkauttaminen, joten se antaa tietoa my\u00f6s valtakunnallisesta maanpuolustusty\u00f6st\u00e4.  Talvisodan aikana juvalaislotat toimivat l\u00e4hinn\u00e4 kotirintamateht\u00e4viss\u00e4, joissa riitti runsaasti ty\u00f6t\u00e4 varsinkin ilmavalvonnassa ja muonituksessa. Puolustusvoimien p\u00e4\u00e4majakin siirtyi Juvalle talvisodan viimeisiksi viikoiksi. Jatkosodassa moni oli komennuksilla paitsi muonitus- ja ilmavalvontateht\u00e4viss\u00e4, my\u00f6s l\u00e4\u00e4kint\u00e4lottana ja toimistot\u00f6iss\u00e4, samoin kuin rintaman l\u00e4heisyyteen sijoittuneissa t\u00f6iss\u00e4, kuten radios\u00e4hk\u00f6tyksess\u00e4. Juvalaislottia toimi jopa el\u00e4inl\u00e4\u00e4kinn\u00e4ss\u00e4 ja kaatuneiden evakuointikeskuksissa. Juvalle perustetut 13 kyl\u00e4osastoa ja eri kyliin jakautunut 150 pikkulotan tytt\u00f6osasto saavat my\u00f6s tutkimuksessa huomiota. Teokseen sis\u00e4ltyy lis\u00e4ksi laaja liiteaineisto.  Tutkimuksessa on mukana oli 30 lotan tai pikkulotan haastattelu- tai muistitietoaineistoon perustuva osio, jossa tulee esiin monia uskomattoman kuuloisiakin tarinoita lottien sinnikkyydest\u00e4 ja rohkeudesta. Osa haastatelluista liittyi lottiin jo 1930-luvulla. Kokonaisuutena Teittisen tutkimus on maamme sotahistoriaa naisn\u00e4k\u00f6kulmasta.  Osuuskunta Sigillum 2010.  368 sivua, runsas mustavalkokuvitus.","og_url":"https:\/\/www.sigillum.fi\/sv\/tuote\/heli-teittinen-ei-onnea-suurempaa-kuin-suojata-syntymamaata-juvan-lotat-1920-1944\/","og_site_name":"Oy Sigillum Ab","article_modified_time":"2026-03-27T13:35:23+00:00","og_image":[{"width":400,"height":400,"url":"https:\/\/www.sigillum.fi\/wp-content\/uploads\/2017\/09\/juvanlotat1.jpg","type":"image\/jpeg"}],"twitter_card":"summary_large_image","schema":{"@context":"https:\/\/schema.org","@graph":[{"@type":["WebPage","ItemPage"],"@id":"https:\/\/www.sigillum.fi\/sv\/tuote\/heli-teittinen-ei-onnea-suurempaa-kuin-suojata-syntymamaata-juvan-lotat-1920-1944\/","url":"https:\/\/www.sigillum.fi\/sv\/tuote\/heli-teittinen-ei-onnea-suurempaa-kuin-suojata-syntymamaata-juvan-lotat-1920-1944\/","name":"Heli Teittinen: Ei onnea suurempaa kuin suojata syntym\u00e4maata - Juvan lotat 1920\u20131944 - Oy Sigillum Ab","isPartOf":{"@id":"https:\/\/www.sigillum.fi\/sv\/#website"},"datePublished":"2017-09-04T14:03:16+00:00","dateModified":"2026-03-27T13:35:23+00:00","breadcrumb":{"@id":"https:\/\/www.sigillum.fi\/sv\/tuote\/heli-teittinen-ei-onnea-suurempaa-kuin-suojata-syntymamaata-juvan-lotat-1920-1944\/#breadcrumb"},"inLanguage":"sv-SE","potentialAction":[{"@type":"ReadAction","target":["https:\/\/www.sigillum.fi\/sv\/tuote\/heli-teittinen-ei-onnea-suurempaa-kuin-suojata-syntymamaata-juvan-lotat-1920-1944\/"]}]},{"@type":"BreadcrumbList","@id":"https:\/\/www.sigillum.fi\/sv\/tuote\/heli-teittinen-ei-onnea-suurempaa-kuin-suojata-syntymamaata-juvan-lotat-1920-1944\/#breadcrumb","itemListElement":[{"@type":"ListItem","position":1,"name":"Etusivu","item":"https:\/\/www.sigillum.fi\/sv\/"},{"@type":"ListItem","position":2,"name":"Butik","item":"https:\/\/www.sigillum.fi\/sv\/butik\/"},{"@type":"ListItem","position":3,"name":"Heli Teittinen: Ei onnea suurempaa kuin suojata syntym\u00e4maata &#8211; Juvan lotat 1920\u20131944"}]},{"@type":"WebSite","@id":"https:\/\/www.sigillum.fi\/sv\/#website","url":"https:\/\/www.sigillum.fi\/sv\/","name":"Oy Sigillum Ab","description":"Oy Sigillum Ab","publisher":{"@id":"https:\/\/www.sigillum.fi\/sv\/#organization"},"potentialAction":[{"@type":"SearchAction","target":{"@type":"EntryPoint","urlTemplate":"https:\/\/www.sigillum.fi\/sv\/?s={search_term_string}"},"query-input":"required name=search_term_string"}],"inLanguage":"sv-SE"},{"@type":"Organization","@id":"https:\/\/www.sigillum.fi\/sv\/#organization","name":"Oy Sigillum Ab","url":"https:\/\/www.sigillum.fi\/sv\/","logo":{"@type":"ImageObject","inLanguage":"sv-SE","@id":"https:\/\/www.sigillum.fi\/sv\/#\/schema\/logo\/image\/","url":"https:\/\/www.sigillum.fi\/wp-content\/uploads\/2019\/11\/sigillum_sinettilogo_medium.png","contentUrl":"https:\/\/www.sigillum.fi\/wp-content\/uploads\/2019\/11\/sigillum_sinettilogo_medium.png","width":900,"height":780,"caption":"Oy Sigillum Ab"},"image":{"@id":"https:\/\/www.sigillum.fi\/sv\/#\/schema\/logo\/image\/"}}]}},"_links":{"self":[{"href":"https:\/\/www.sigillum.fi\/sv\/wp-json\/wp\/v2\/product\/2157","targetHints":{"allow":["GET"]}}],"collection":[{"href":"https:\/\/www.sigillum.fi\/sv\/wp-json\/wp\/v2\/product"}],"about":[{"href":"https:\/\/www.sigillum.fi\/sv\/wp-json\/wp\/v2\/types\/product"}],"replies":[{"embeddable":true,"href":"https:\/\/www.sigillum.fi\/sv\/wp-json\/wp\/v2\/comments?post=2157"}],"wp:featuredmedia":[{"embeddable":true,"href":"https:\/\/www.sigillum.fi\/sv\/wp-json\/wp\/v2\/media\/2158"}],"wp:attachment":[{"href":"https:\/\/www.sigillum.fi\/sv\/wp-json\/wp\/v2\/media?parent=2157"}],"wp:term":[{"taxonomy":"product_brand","embeddable":true,"href":"https:\/\/www.sigillum.fi\/sv\/wp-json\/wp\/v2\/product_brand?post=2157"},{"taxonomy":"product_cat","embeddable":true,"href":"https:\/\/www.sigillum.fi\/sv\/wp-json\/wp\/v2\/product_cat?post=2157"},{"taxonomy":"product_tag","embeddable":true,"href":"https:\/\/www.sigillum.fi\/sv\/wp-json\/wp\/v2\/product_tag?post=2157"}],"curies":[{"name":"wp","href":"https:\/\/api.w.org\/{rel}","templated":true}]}}