{"id":2116,"date":"2017-08-15T15:10:37","date_gmt":"2017-08-15T12:10:37","guid":{"rendered":"http:\/\/www.sigillum.fi\/?post_type=product&#038;p=2116"},"modified":"2026-03-27T15:35:25","modified_gmt":"2026-03-27T13:35:25","slug":"en-stad-mitt-varlden-abobarnens-varldshistoria","status":"publish","type":"product","link":"https:\/\/www.sigillum.fi\/sv\/tuote\/en-stad-mitt-varlden-abobarnens-varldshistoria\/","title":{"rendered":"En stad mitt i v\u00e4rlden. \u00c5bobarnens v\u00e4rldshistoria."},"content":{"rendered":"<p>Visste du att \u00c5bo en g\u00e5ng var Sveriges n\u00e4st st\u00f6rsta stad? Och visste du att \u00c5bo alltid varit en stad mitt i v\u00e4rlden? Oavsett om du svarar ja eller nej, och vare sig du \u00e4r barn eller vuxen, s\u00e5 har du nu en unik chans att bekanta dig med \u00c5bo stads historia ur ett globalt perspektiv! \u00c4ven om vi inte alltid t\u00e4nker p\u00e5 det, s\u00e5 \u00e4r v\u00e5ra liv p\u00e5 m\u00e5nga s\u00e4tt kopplade till m\u00e4nniskor \u00f6verallt i v\u00e4rlden.<\/p>\n<p>Denna barnbok \u00e4r full med roliga och sp\u00e4nnande illustrationer och ber\u00e4ttelser ur \u00c5bos historia. V\u00e5r historiska resa b\u00f6rjar p\u00e5 sten\u00e5ldern och tar oss genom \u00e5rhundradena \u00e4nda till dagens \u00c5bo. Boken erbjuder intressant l\u00e4sning f\u00f6r b\u00e5de inbitna historie\u00e4lskare och noviser som precis hittat sin v\u00e4g till \u00e4mnet. V\u00e4lkommen med p\u00e5 en resa till \u00c5bobarnens v\u00e4rldshistoria!<\/p>\n","protected":false},"excerpt":{"rendered":"<p>Visste du att \u00c5bo en g\u00e5ng var Sveriges n\u00e4st st\u00f6rsta stad? Och visste du att \u00c5bo alltid varit en stad mitt i v\u00e4rlden? Oavsett om du svarar ja eller nej, och vare sig du \u00e4r barn eller vuxen, s\u00e5 har du nu en unik chans att bekanta dig med \u00c5bo stads historia ur ett globalt perspektiv! \u00c4ven om vi inte alltid t\u00e4nker p\u00e5 det, s\u00e5 \u00e4r v\u00e5ra liv p\u00e5 m\u00e5nga s\u00e4tt kopplade till m\u00e4nniskor \u00f6verallt i v\u00e4rlden.<\/p>\n<p>Denna barnbok \u00e4r full med roliga och sp\u00e4nnande illustrationer och ber\u00e4ttelser ur \u00c5bos historia. V\u00e5r historiska resa b\u00f6rjar p\u00e5 sten\u00e5ldern och tar oss genom \u00e5rhundradena \u00e4nda till dagens \u00c5bo. Boken erbjuder intressant l\u00e4sning f\u00f6r b\u00e5de inbitna historie\u00e4lskare och noviser som precis hittat sin v\u00e4g till \u00e4mnet. V\u00e4lkommen med p\u00e5 en resa till \u00c5bobarnens v\u00e4rldshistoria!<\/p>\n<p>&nbsp;<\/p>\n","protected":false},"featured_media":2117,"comment_status":"closed","ping_status":"closed","template":"","meta":[],"product_brand":[],"product_cat":[122],"product_tag":[186,72],"class_list":{"0":"post-2116","1":"product","2":"type-product","3":"status-publish","4":"has-post-thumbnail","6":"product_cat-kirjat","7":"product_tag-lastenkirja","8":"product_tag-turku","9":"product_shipping_class-pikkupaketti","11":"first","12":"instock","13":"taxable","14":"shipping-taxable","15":"purchasable","16":"product-type-simple"},"yoast_head":"<!-- This site is optimized with the Yoast SEO plugin v21.1 - https:\/\/yoast.com\/wordpress\/plugins\/seo\/ -->\n<title>En stad mitt i v\u00e4rlden. \u00c5bobarnens v\u00e4rldshistoria. - Oy Sigillum Ab<\/title>\n<meta name=\"description\" content=\"Denna barnbok \u00e4r full med roliga och sp\u00e4nnande illustrationer och ber\u00e4ttelser ur \u00c5bos historia.\" \/>\n<meta name=\"robots\" content=\"index, follow, max-snippet:-1, max-image-preview:large, max-video-preview:-1\" \/>\n<link rel=\"canonical\" href=\"https:\/\/www.sigillum.fi\/sv\/tuote\/en-stad-mitt-varlden-abobarnens-varldshistoria\/\" \/>\n<meta property=\"og:locale\" content=\"sv_SE\" \/>\n<meta property=\"og:type\" content=\"article\" \/>\n<meta property=\"og:title\" content=\"En stad mitt i v\u00e4rlden. \u00c5bobarnens v\u00e4rldshistoria. - Oy Sigillum Ab\" \/>\n<meta property=\"og:description\" content=\"Denna barnbok \u00e4r full med roliga och sp\u00e4nnande illustrationer och ber\u00e4ttelser ur \u00c5bos historia.\" \/>\n<meta property=\"og:url\" content=\"https:\/\/www.sigillum.fi\/sv\/tuote\/en-stad-mitt-varlden-abobarnens-varldshistoria\/\" \/>\n<meta property=\"og:site_name\" content=\"Oy Sigillum Ab\" \/>\n<meta property=\"article:modified_time\" content=\"2026-03-27T13:35:25+00:00\" \/>\n<meta property=\"og:image\" content=\"https:\/\/www.sigillum.fi\/wp-content\/uploads\/2017\/08\/kansi-SVE_med_logo_liten.jpg\" \/>\n\t<meta property=\"og:image:width\" content=\"400\" \/>\n\t<meta property=\"og:image:height\" content=\"400\" \/>\n\t<meta property=\"og:image:type\" content=\"image\/jpeg\" \/>\n<meta name=\"twitter:card\" content=\"summary_large_image\" \/>\n<script type=\"application\/ld+json\" class=\"yoast-schema-graph\">{\"@context\":\"https:\/\/schema.org\",\"@graph\":[{\"@type\":[\"WebPage\",\"ItemPage\"],\"@id\":\"https:\/\/www.sigillum.fi\/sv\/tuote\/en-stad-mitt-varlden-abobarnens-varldshistoria\/\",\"url\":\"https:\/\/www.sigillum.fi\/sv\/tuote\/en-stad-mitt-varlden-abobarnens-varldshistoria\/\",\"name\":\"En stad mitt i v\u00e4rlden. \u00c5bobarnens v\u00e4rldshistoria. - Oy Sigillum Ab\",\"isPartOf\":{\"@id\":\"https:\/\/www.sigillum.fi\/sv\/#website\"},\"datePublished\":\"2017-08-15T12:10:37+00:00\",\"dateModified\":\"2026-03-27T13:35:25+00:00\",\"description\":\"Denna barnbok \u00e4r full med roliga och sp\u00e4nnande illustrationer och ber\u00e4ttelser ur \u00c5bos historia.\",\"breadcrumb\":{\"@id\":\"https:\/\/www.sigillum.fi\/sv\/tuote\/en-stad-mitt-varlden-abobarnens-varldshistoria\/#breadcrumb\"},\"inLanguage\":\"sv-SE\",\"potentialAction\":[{\"@type\":\"ReadAction\",\"target\":[\"https:\/\/www.sigillum.fi\/sv\/tuote\/en-stad-mitt-varlden-abobarnens-varldshistoria\/\"]}]},{\"@type\":\"BreadcrumbList\",\"@id\":\"https:\/\/www.sigillum.fi\/sv\/tuote\/en-stad-mitt-varlden-abobarnens-varldshistoria\/#breadcrumb\",\"itemListElement\":[{\"@type\":\"ListItem\",\"position\":1,\"name\":\"Etusivu\",\"item\":\"https:\/\/www.sigillum.fi\/sv\/\"},{\"@type\":\"ListItem\",\"position\":2,\"name\":\"Butik\",\"item\":\"https:\/\/www.sigillum.fi\/sv\/butik\/\"},{\"@type\":\"ListItem\",\"position\":3,\"name\":\"En stad mitt i v\u00e4rlden. \u00c5bobarnens v\u00e4rldshistoria.\"}]},{\"@type\":\"WebSite\",\"@id\":\"https:\/\/www.sigillum.fi\/sv\/#website\",\"url\":\"https:\/\/www.sigillum.fi\/sv\/\",\"name\":\"Oy Sigillum Ab\",\"description\":\"Oy Sigillum Ab\",\"publisher\":{\"@id\":\"https:\/\/www.sigillum.fi\/sv\/#organization\"},\"potentialAction\":[{\"@type\":\"SearchAction\",\"target\":{\"@type\":\"EntryPoint\",\"urlTemplate\":\"https:\/\/www.sigillum.fi\/sv\/?s={search_term_string}\"},\"query-input\":\"required name=search_term_string\"}],\"inLanguage\":\"sv-SE\"},{\"@type\":\"Organization\",\"@id\":\"https:\/\/www.sigillum.fi\/sv\/#organization\",\"name\":\"Oy Sigillum Ab\",\"url\":\"https:\/\/www.sigillum.fi\/sv\/\",\"logo\":{\"@type\":\"ImageObject\",\"inLanguage\":\"sv-SE\",\"@id\":\"https:\/\/www.sigillum.fi\/sv\/#\/schema\/logo\/image\/\",\"url\":\"https:\/\/www.sigillum.fi\/wp-content\/uploads\/2019\/11\/sigillum_sinettilogo_medium.png\",\"contentUrl\":\"https:\/\/www.sigillum.fi\/wp-content\/uploads\/2019\/11\/sigillum_sinettilogo_medium.png\",\"width\":900,\"height\":780,\"caption\":\"Oy Sigillum Ab\"},\"image\":{\"@id\":\"https:\/\/www.sigillum.fi\/sv\/#\/schema\/logo\/image\/\"}}]}<\/script>\n<!-- \/ Yoast SEO plugin. -->","yoast_head_json":{"title":"En stad mitt i v\u00e4rlden. \u00c5bobarnens v\u00e4rldshistoria. - Oy Sigillum Ab","description":"Denna barnbok \u00e4r full med roliga och sp\u00e4nnande illustrationer och ber\u00e4ttelser ur \u00c5bos historia.","robots":{"index":"index","follow":"follow","max-snippet":"max-snippet:-1","max-image-preview":"max-image-preview:large","max-video-preview":"max-video-preview:-1"},"canonical":"https:\/\/www.sigillum.fi\/sv\/tuote\/en-stad-mitt-varlden-abobarnens-varldshistoria\/","og_locale":"sv_SE","og_type":"article","og_title":"En stad mitt i v\u00e4rlden. \u00c5bobarnens v\u00e4rldshistoria. - Oy Sigillum Ab","og_description":"Denna barnbok \u00e4r full med roliga och sp\u00e4nnande illustrationer och ber\u00e4ttelser ur \u00c5bos historia.","og_url":"https:\/\/www.sigillum.fi\/sv\/tuote\/en-stad-mitt-varlden-abobarnens-varldshistoria\/","og_site_name":"Oy Sigillum Ab","article_modified_time":"2026-03-27T13:35:25+00:00","og_image":[{"width":400,"height":400,"url":"https:\/\/www.sigillum.fi\/wp-content\/uploads\/2017\/08\/kansi-SVE_med_logo_liten.jpg","type":"image\/jpeg"}],"twitter_card":"summary_large_image","schema":{"@context":"https:\/\/schema.org","@graph":[{"@type":["WebPage","ItemPage"],"@id":"https:\/\/www.sigillum.fi\/sv\/tuote\/en-stad-mitt-varlden-abobarnens-varldshistoria\/","url":"https:\/\/www.sigillum.fi\/sv\/tuote\/en-stad-mitt-varlden-abobarnens-varldshistoria\/","name":"En stad mitt i v\u00e4rlden. \u00c5bobarnens v\u00e4rldshistoria. - Oy Sigillum Ab","isPartOf":{"@id":"https:\/\/www.sigillum.fi\/sv\/#website"},"datePublished":"2017-08-15T12:10:37+00:00","dateModified":"2026-03-27T13:35:25+00:00","description":"Denna barnbok \u00e4r full med roliga och sp\u00e4nnande illustrationer och ber\u00e4ttelser ur \u00c5bos historia.","breadcrumb":{"@id":"https:\/\/www.sigillum.fi\/sv\/tuote\/en-stad-mitt-varlden-abobarnens-varldshistoria\/#breadcrumb"},"inLanguage":"sv-SE","potentialAction":[{"@type":"ReadAction","target":["https:\/\/www.sigillum.fi\/sv\/tuote\/en-stad-mitt-varlden-abobarnens-varldshistoria\/"]}]},{"@type":"BreadcrumbList","@id":"https:\/\/www.sigillum.fi\/sv\/tuote\/en-stad-mitt-varlden-abobarnens-varldshistoria\/#breadcrumb","itemListElement":[{"@type":"ListItem","position":1,"name":"Etusivu","item":"https:\/\/www.sigillum.fi\/sv\/"},{"@type":"ListItem","position":2,"name":"Butik","item":"https:\/\/www.sigillum.fi\/sv\/butik\/"},{"@type":"ListItem","position":3,"name":"En stad mitt i v\u00e4rlden. \u00c5bobarnens v\u00e4rldshistoria."}]},{"@type":"WebSite","@id":"https:\/\/www.sigillum.fi\/sv\/#website","url":"https:\/\/www.sigillum.fi\/sv\/","name":"Oy Sigillum Ab","description":"Oy Sigillum Ab","publisher":{"@id":"https:\/\/www.sigillum.fi\/sv\/#organization"},"potentialAction":[{"@type":"SearchAction","target":{"@type":"EntryPoint","urlTemplate":"https:\/\/www.sigillum.fi\/sv\/?s={search_term_string}"},"query-input":"required name=search_term_string"}],"inLanguage":"sv-SE"},{"@type":"Organization","@id":"https:\/\/www.sigillum.fi\/sv\/#organization","name":"Oy Sigillum Ab","url":"https:\/\/www.sigillum.fi\/sv\/","logo":{"@type":"ImageObject","inLanguage":"sv-SE","@id":"https:\/\/www.sigillum.fi\/sv\/#\/schema\/logo\/image\/","url":"https:\/\/www.sigillum.fi\/wp-content\/uploads\/2019\/11\/sigillum_sinettilogo_medium.png","contentUrl":"https:\/\/www.sigillum.fi\/wp-content\/uploads\/2019\/11\/sigillum_sinettilogo_medium.png","width":900,"height":780,"caption":"Oy Sigillum Ab"},"image":{"@id":"https:\/\/www.sigillum.fi\/sv\/#\/schema\/logo\/image\/"}}]}},"_links":{"self":[{"href":"https:\/\/www.sigillum.fi\/sv\/wp-json\/wp\/v2\/product\/2116","targetHints":{"allow":["GET"]}}],"collection":[{"href":"https:\/\/www.sigillum.fi\/sv\/wp-json\/wp\/v2\/product"}],"about":[{"href":"https:\/\/www.sigillum.fi\/sv\/wp-json\/wp\/v2\/types\/product"}],"replies":[{"embeddable":true,"href":"https:\/\/www.sigillum.fi\/sv\/wp-json\/wp\/v2\/comments?post=2116"}],"wp:featuredmedia":[{"embeddable":true,"href":"https:\/\/www.sigillum.fi\/sv\/wp-json\/wp\/v2\/media\/2117"}],"wp:attachment":[{"href":"https:\/\/www.sigillum.fi\/sv\/wp-json\/wp\/v2\/media?parent=2116"}],"wp:term":[{"taxonomy":"product_brand","embeddable":true,"href":"https:\/\/www.sigillum.fi\/sv\/wp-json\/wp\/v2\/product_brand?post=2116"},{"taxonomy":"product_cat","embeddable":true,"href":"https:\/\/www.sigillum.fi\/sv\/wp-json\/wp\/v2\/product_cat?post=2116"},{"taxonomy":"product_tag","embeddable":true,"href":"https:\/\/www.sigillum.fi\/sv\/wp-json\/wp\/v2\/product_tag?post=2116"}],"curies":[{"name":"wp","href":"https:\/\/api.w.org\/{rel}","templated":true}]}}