{"id":2059,"date":"2017-04-11T15:37:04","date_gmt":"2017-04-11T12:37:04","guid":{"rendered":"http:\/\/www.sigillum.fi\/?post_type=product&#038;p=2059"},"modified":"2026-03-27T15:35:27","modified_gmt":"2026-03-27T13:35:27","slug":"suomen-arkeologian-helmia","status":"publish","type":"product","link":"https:\/\/www.sigillum.fi\/sv\/tuote\/suomen-arkeologian-helmia\/","title":{"rendered":"Hanna-Maria Pellinen: Suomen arkeologian helmi\u00e4"},"content":{"rendered":"<div class=\"page\" title=\"Page 1\"><\/div>\n","protected":false},"excerpt":{"rendered":"<p>\u201dSuomen arkeologian helmi\u00e4\u201d on sek\u00e4 v\u00e4rityskirja ett\u00e4 helppotajuinen opas Suomen esihistoriaan ja historian varhaisvaiheisiin. Eri aikakausista kertovien tekstien lis\u00e4ksi kirjaan on koottu merkitt\u00e4vi\u00e4 arkeologisia l\u00f6yt\u00f6j\u00e4mme, jotka ovat p\u00e4\u00e4osin per\u00e4isin Suomen Kansallismuseon kokoelmista ja l\u00f6ytyneet eri puolilta Manner-Suomea, Ahvenanmaalta tai nyky\u00e4\u00e4n Ven\u00e4j\u00e4\u00e4n kuuluvan Karjalan alueelta. Millaiseksi kivikauden ihminen kuvasi itsens\u00e4? Kuinka pitk\u00e4 oli pronssiter\u00e4inen miekka? Mit\u00e4 rautakautiset riipuskorut kertovat muinaisista uskomuksista? Ent\u00e4 kenelle kuului 1100-luvulla Halikkoon haudattu aarre? N\u00e4ihinkin kysymyksiin vastaavan, aikuisille ja koululaisille sopivan v\u00e4rityskirjan on tehnyt arkeologi Hanna-Maria Pellinen. Kaikki tekstit ovat kolmella kielell\u00e4, suomeksi, ruotsiksi ja englanniksi, joten kirja soveltuu erinomaisesti my\u00f6s matkamuistoksi tai tuliaiseksi.<\/p>\n<p>88 sivua, nidottu.<\/p>\n","protected":false},"featured_media":2060,"comment_status":"closed","ping_status":"closed","template":"","meta":[],"product_brand":[],"product_cat":[122],"product_tag":[],"class_list":{"0":"post-2059","1":"product","2":"type-product","3":"status-publish","4":"has-post-thumbnail","6":"product_cat-kirjat","7":"product_shipping_class-pikkupaketti","9":"first","10":"instock","11":"taxable","12":"shipping-taxable","13":"purchasable","14":"product-type-simple"},"yoast_head":"<!-- This site is optimized with the Yoast SEO plugin v21.1 - https:\/\/yoast.com\/wordpress\/plugins\/seo\/ -->\n<title>Hanna-Maria Pellinen: Suomen arkeologian helmi\u00e4 - Oy Sigillum Ab<\/title>\n<meta name=\"robots\" content=\"index, follow, max-snippet:-1, max-image-preview:large, max-video-preview:-1\" \/>\n<link rel=\"canonical\" href=\"https:\/\/www.sigillum.fi\/sv\/tuote\/suomen-arkeologian-helmia\/\" \/>\n<meta property=\"og:locale\" content=\"sv_SE\" \/>\n<meta property=\"og:type\" content=\"article\" \/>\n<meta property=\"og:title\" content=\"Hanna-Maria Pellinen: Suomen arkeologian helmi\u00e4 - Oy Sigillum Ab\" \/>\n<meta property=\"og:description\" content=\"\u201dSuomen arkeologian helmi\u00e4\u201d on sek\u00e4 v\u00e4rityskirja ett\u00e4 helppotajuinen opas Suomen esihistoriaan ja historian varhaisvaiheisiin. Eri aikakausista kertovien tekstien lis\u00e4ksi kirjaan on koottu merkitt\u00e4vi\u00e4 arkeologisia l\u00f6yt\u00f6j\u00e4mme, jotka ovat p\u00e4\u00e4osin per\u00e4isin Suomen Kansallismuseon kokoelmista ja l\u00f6ytyneet eri puolilta Manner-Suomea, Ahvenanmaalta tai nyky\u00e4\u00e4n Ven\u00e4j\u00e4\u00e4n kuuluvan Karjalan alueelta. Millaiseksi kivikauden ihminen kuvasi itsens\u00e4? Kuinka pitk\u00e4 oli pronssiter\u00e4inen miekka? Mit\u00e4 rautakautiset riipuskorut kertovat muinaisista uskomuksista? Ent\u00e4 kenelle kuului 1100-luvulla Halikkoon haudattu aarre? N\u00e4ihinkin kysymyksiin vastaavan, aikuisille ja koululaisille sopivan v\u00e4rityskirjan on tehnyt arkeologi Hanna-Maria Pellinen. Kaikki tekstit ovat kolmella kielell\u00e4, suomeksi, ruotsiksi ja englanniksi, joten kirja soveltuu erinomaisesti my\u00f6s matkamuistoksi tai tuliaiseksi.  88 sivua, nidottu.\" \/>\n<meta property=\"og:url\" content=\"https:\/\/www.sigillum.fi\/sv\/tuote\/suomen-arkeologian-helmia\/\" \/>\n<meta property=\"og:site_name\" content=\"Oy Sigillum Ab\" \/>\n<meta property=\"article:modified_time\" content=\"2026-03-27T13:35:27+00:00\" \/>\n<meta property=\"og:image\" content=\"https:\/\/www.sigillum.fi\/wp-content\/uploads\/2017\/04\/Suomen-arkeologian-helmi\u00e4-e1492082294146.jpg\" \/>\n\t<meta property=\"og:image:width\" content=\"308\" \/>\n\t<meta property=\"og:image:height\" content=\"300\" \/>\n\t<meta property=\"og:image:type\" content=\"image\/jpeg\" \/>\n<meta name=\"twitter:card\" content=\"summary_large_image\" \/>\n<script type=\"application\/ld+json\" class=\"yoast-schema-graph\">{\"@context\":\"https:\/\/schema.org\",\"@graph\":[{\"@type\":[\"WebPage\",\"ItemPage\"],\"@id\":\"https:\/\/www.sigillum.fi\/sv\/tuote\/suomen-arkeologian-helmia\/\",\"url\":\"https:\/\/www.sigillum.fi\/sv\/tuote\/suomen-arkeologian-helmia\/\",\"name\":\"Hanna-Maria Pellinen: Suomen arkeologian helmi\u00e4 - Oy Sigillum Ab\",\"isPartOf\":{\"@id\":\"https:\/\/www.sigillum.fi\/sv\/#website\"},\"datePublished\":\"2017-04-11T12:37:04+00:00\",\"dateModified\":\"2026-03-27T13:35:27+00:00\",\"breadcrumb\":{\"@id\":\"https:\/\/www.sigillum.fi\/sv\/tuote\/suomen-arkeologian-helmia\/#breadcrumb\"},\"inLanguage\":\"sv-SE\",\"potentialAction\":[{\"@type\":\"ReadAction\",\"target\":[\"https:\/\/www.sigillum.fi\/sv\/tuote\/suomen-arkeologian-helmia\/\"]}]},{\"@type\":\"BreadcrumbList\",\"@id\":\"https:\/\/www.sigillum.fi\/sv\/tuote\/suomen-arkeologian-helmia\/#breadcrumb\",\"itemListElement\":[{\"@type\":\"ListItem\",\"position\":1,\"name\":\"Etusivu\",\"item\":\"https:\/\/www.sigillum.fi\/sv\/\"},{\"@type\":\"ListItem\",\"position\":2,\"name\":\"Butik\",\"item\":\"https:\/\/www.sigillum.fi\/sv\/butik\/\"},{\"@type\":\"ListItem\",\"position\":3,\"name\":\"Hanna-Maria Pellinen: Suomen arkeologian helmi\u00e4\"}]},{\"@type\":\"WebSite\",\"@id\":\"https:\/\/www.sigillum.fi\/sv\/#website\",\"url\":\"https:\/\/www.sigillum.fi\/sv\/\",\"name\":\"Oy Sigillum Ab\",\"description\":\"Oy Sigillum Ab\",\"publisher\":{\"@id\":\"https:\/\/www.sigillum.fi\/sv\/#organization\"},\"potentialAction\":[{\"@type\":\"SearchAction\",\"target\":{\"@type\":\"EntryPoint\",\"urlTemplate\":\"https:\/\/www.sigillum.fi\/sv\/?s={search_term_string}\"},\"query-input\":\"required name=search_term_string\"}],\"inLanguage\":\"sv-SE\"},{\"@type\":\"Organization\",\"@id\":\"https:\/\/www.sigillum.fi\/sv\/#organization\",\"name\":\"Oy Sigillum Ab\",\"url\":\"https:\/\/www.sigillum.fi\/sv\/\",\"logo\":{\"@type\":\"ImageObject\",\"inLanguage\":\"sv-SE\",\"@id\":\"https:\/\/www.sigillum.fi\/sv\/#\/schema\/logo\/image\/\",\"url\":\"https:\/\/www.sigillum.fi\/wp-content\/uploads\/2019\/11\/sigillum_sinettilogo_medium.png\",\"contentUrl\":\"https:\/\/www.sigillum.fi\/wp-content\/uploads\/2019\/11\/sigillum_sinettilogo_medium.png\",\"width\":900,\"height\":780,\"caption\":\"Oy Sigillum Ab\"},\"image\":{\"@id\":\"https:\/\/www.sigillum.fi\/sv\/#\/schema\/logo\/image\/\"}}]}<\/script>\n<!-- \/ Yoast SEO plugin. -->","yoast_head_json":{"title":"Hanna-Maria Pellinen: Suomen arkeologian helmi\u00e4 - Oy Sigillum Ab","robots":{"index":"index","follow":"follow","max-snippet":"max-snippet:-1","max-image-preview":"max-image-preview:large","max-video-preview":"max-video-preview:-1"},"canonical":"https:\/\/www.sigillum.fi\/sv\/tuote\/suomen-arkeologian-helmia\/","og_locale":"sv_SE","og_type":"article","og_title":"Hanna-Maria Pellinen: Suomen arkeologian helmi\u00e4 - Oy Sigillum Ab","og_description":"\u201dSuomen arkeologian helmi\u00e4\u201d on sek\u00e4 v\u00e4rityskirja ett\u00e4 helppotajuinen opas Suomen esihistoriaan ja historian varhaisvaiheisiin. Eri aikakausista kertovien tekstien lis\u00e4ksi kirjaan on koottu merkitt\u00e4vi\u00e4 arkeologisia l\u00f6yt\u00f6j\u00e4mme, jotka ovat p\u00e4\u00e4osin per\u00e4isin Suomen Kansallismuseon kokoelmista ja l\u00f6ytyneet eri puolilta Manner-Suomea, Ahvenanmaalta tai nyky\u00e4\u00e4n Ven\u00e4j\u00e4\u00e4n kuuluvan Karjalan alueelta. Millaiseksi kivikauden ihminen kuvasi itsens\u00e4? Kuinka pitk\u00e4 oli pronssiter\u00e4inen miekka? Mit\u00e4 rautakautiset riipuskorut kertovat muinaisista uskomuksista? Ent\u00e4 kenelle kuului 1100-luvulla Halikkoon haudattu aarre? N\u00e4ihinkin kysymyksiin vastaavan, aikuisille ja koululaisille sopivan v\u00e4rityskirjan on tehnyt arkeologi Hanna-Maria Pellinen. Kaikki tekstit ovat kolmella kielell\u00e4, suomeksi, ruotsiksi ja englanniksi, joten kirja soveltuu erinomaisesti my\u00f6s matkamuistoksi tai tuliaiseksi.  88 sivua, nidottu.","og_url":"https:\/\/www.sigillum.fi\/sv\/tuote\/suomen-arkeologian-helmia\/","og_site_name":"Oy Sigillum Ab","article_modified_time":"2026-03-27T13:35:27+00:00","og_image":[{"width":308,"height":300,"url":"https:\/\/www.sigillum.fi\/wp-content\/uploads\/2017\/04\/Suomen-arkeologian-helmi\u00e4-e1492082294146.jpg","type":"image\/jpeg"}],"twitter_card":"summary_large_image","schema":{"@context":"https:\/\/schema.org","@graph":[{"@type":["WebPage","ItemPage"],"@id":"https:\/\/www.sigillum.fi\/sv\/tuote\/suomen-arkeologian-helmia\/","url":"https:\/\/www.sigillum.fi\/sv\/tuote\/suomen-arkeologian-helmia\/","name":"Hanna-Maria Pellinen: Suomen arkeologian helmi\u00e4 - Oy Sigillum Ab","isPartOf":{"@id":"https:\/\/www.sigillum.fi\/sv\/#website"},"datePublished":"2017-04-11T12:37:04+00:00","dateModified":"2026-03-27T13:35:27+00:00","breadcrumb":{"@id":"https:\/\/www.sigillum.fi\/sv\/tuote\/suomen-arkeologian-helmia\/#breadcrumb"},"inLanguage":"sv-SE","potentialAction":[{"@type":"ReadAction","target":["https:\/\/www.sigillum.fi\/sv\/tuote\/suomen-arkeologian-helmia\/"]}]},{"@type":"BreadcrumbList","@id":"https:\/\/www.sigillum.fi\/sv\/tuote\/suomen-arkeologian-helmia\/#breadcrumb","itemListElement":[{"@type":"ListItem","position":1,"name":"Etusivu","item":"https:\/\/www.sigillum.fi\/sv\/"},{"@type":"ListItem","position":2,"name":"Butik","item":"https:\/\/www.sigillum.fi\/sv\/butik\/"},{"@type":"ListItem","position":3,"name":"Hanna-Maria Pellinen: Suomen arkeologian helmi\u00e4"}]},{"@type":"WebSite","@id":"https:\/\/www.sigillum.fi\/sv\/#website","url":"https:\/\/www.sigillum.fi\/sv\/","name":"Oy Sigillum Ab","description":"Oy Sigillum Ab","publisher":{"@id":"https:\/\/www.sigillum.fi\/sv\/#organization"},"potentialAction":[{"@type":"SearchAction","target":{"@type":"EntryPoint","urlTemplate":"https:\/\/www.sigillum.fi\/sv\/?s={search_term_string}"},"query-input":"required name=search_term_string"}],"inLanguage":"sv-SE"},{"@type":"Organization","@id":"https:\/\/www.sigillum.fi\/sv\/#organization","name":"Oy Sigillum Ab","url":"https:\/\/www.sigillum.fi\/sv\/","logo":{"@type":"ImageObject","inLanguage":"sv-SE","@id":"https:\/\/www.sigillum.fi\/sv\/#\/schema\/logo\/image\/","url":"https:\/\/www.sigillum.fi\/wp-content\/uploads\/2019\/11\/sigillum_sinettilogo_medium.png","contentUrl":"https:\/\/www.sigillum.fi\/wp-content\/uploads\/2019\/11\/sigillum_sinettilogo_medium.png","width":900,"height":780,"caption":"Oy Sigillum Ab"},"image":{"@id":"https:\/\/www.sigillum.fi\/sv\/#\/schema\/logo\/image\/"}}]}},"_links":{"self":[{"href":"https:\/\/www.sigillum.fi\/sv\/wp-json\/wp\/v2\/product\/2059","targetHints":{"allow":["GET"]}}],"collection":[{"href":"https:\/\/www.sigillum.fi\/sv\/wp-json\/wp\/v2\/product"}],"about":[{"href":"https:\/\/www.sigillum.fi\/sv\/wp-json\/wp\/v2\/types\/product"}],"replies":[{"embeddable":true,"href":"https:\/\/www.sigillum.fi\/sv\/wp-json\/wp\/v2\/comments?post=2059"}],"wp:featuredmedia":[{"embeddable":true,"href":"https:\/\/www.sigillum.fi\/sv\/wp-json\/wp\/v2\/media\/2060"}],"wp:attachment":[{"href":"https:\/\/www.sigillum.fi\/sv\/wp-json\/wp\/v2\/media?parent=2059"}],"wp:term":[{"taxonomy":"product_brand","embeddable":true,"href":"https:\/\/www.sigillum.fi\/sv\/wp-json\/wp\/v2\/product_brand?post=2059"},{"taxonomy":"product_cat","embeddable":true,"href":"https:\/\/www.sigillum.fi\/sv\/wp-json\/wp\/v2\/product_cat?post=2059"},{"taxonomy":"product_tag","embeddable":true,"href":"https:\/\/www.sigillum.fi\/sv\/wp-json\/wp\/v2\/product_tag?post=2059"}],"curies":[{"name":"wp","href":"https:\/\/api.w.org\/{rel}","templated":true}]}}