{"id":577,"date":"2015-05-06T10:18:57","date_gmt":"2015-05-06T07:18:57","guid":{"rendered":"http:\/\/kati-s.julkaisugraafikko.fi\/oss\/markus-kivisto\/"},"modified":"2015-10-20T19:04:46","modified_gmt":"2015-10-20T19:04:46","slug":"markus-kivisto","status":"publish","type":"page","link":"https:\/\/www.sigillum.fi\/sv\/oss\/markus-kivisto\/","title":{"rendered":"Markus Kivist\u00f6"},"content":{"rendered":"[vc_row][vc_column width=&#8221;1\/1&#8243;][heading]\n<h1>Markus Kivist\u00f6<\/h1>\n[\/heading][\/vc_column][\/vc_row][vc_row][vc_column width=&#8221;1\/2&#8243;][image_with_animation animation=&#8221;Fade In&#8221; img_link_target=&#8221;_self&#8221; image_url=&#8221;707&#8243;][\/vc_column][vc_column width=&#8221;1\/2&#8243;][vc_column_text]<strong>FM, Lantm\u00e4tare\u00a0Markus Kivist\u00f6<\/strong><\/p>\n<p>Jag utf\u00f6r arkeologiska uppdrag hos Sigillum och ansvarar f\u00f6r uppgifter som ansluter till m\u00e4tningsdokumentation. Jag har utbildning i m\u00e4tningsteknik och en m\u00e5ngsidig erfarenhet av arkeologiskt f\u00e4ltarbete. Jag \u00e4r ocks\u00e5 FM i kulturhistoria med specialitet i bebyggd kulturomgivning och historiska byggnader. Dessutom arbetar jag med grafisk formgivning och museiverksamhet[\/vc_column_text][\/vc_column][\/vc_row][vc_row][vc_column width=&#8221;1\/2&#8243;]<div class=\"iwithtext\"><div class=\"iwt-icon\"> <i class=\"icon-default-style fa fa-envelope-o accent-color\"><\/i> <\/div><div class=\"iwt-text\"> \n<p>&#x6d;&#97;r&#x6b;&#x75;&#115;&#46;&#x6b;&#x69;&#118;i&#x73;&#116;o&#x40;&#x77;&#119;w&#x2e;&#x73;&#105;g&#x69;&#108;&#108;&#x75;&#x6d;&#46;f&#x69;<\/p>\n <\/div><div class=\"clear\"><\/div><\/div>[\/vc_column][vc_column width=&#8221;1\/2&#8243;]<div class=\"iwithtext\"><div class=\"iwt-icon\"> <i class=\"icon-default-style fa fa-phone accent-color\"><\/i> <\/div><div class=\"iwt-text\"> \n<p>040-566 9832<\/p>\n <\/div><div class=\"clear\"><\/div><\/div>[\/vc_column][\/vc_row]\n","protected":false},"excerpt":{"rendered":"<p>[vc_row][vc_column width=&#8221;1\/1&#8243;][heading] Markus Kivist\u00f6 [\/heading][\/vc_column][\/vc_row][vc_row][vc_column width=&#8221;1\/2&#8243;][image_with_animation animation=&#8221;Fade In&#8221; img_link_target=&#8221;_self&#8221; image_url=&#8221;707&#8243;][\/vc_column][vc_column width=&#8221;1\/2&#8243;][vc_column_text]FM, Lantm\u00e4tare\u00a0Markus Kivist\u00f6 Jag utf\u00f6r arkeologiska uppdrag hos Sigillum och ansvarar f\u00f6r uppgifter som ansluter till m\u00e4tningsdokumentation. Jag har utbildning&#8230;<\/p>\n","protected":false},"author":1,"featured_media":0,"parent":518,"menu_order":30,"comment_status":"closed","ping_status":"open","template":"","meta":{"footnotes":""},"class_list":["post-577","page","type-page","status-publish"],"yoast_head":"<!-- This site is optimized with the Yoast SEO plugin v21.1 - https:\/\/yoast.com\/wordpress\/plugins\/seo\/ -->\n<title>Markus Kivist\u00f6 - Oy Sigillum Ab<\/title>\n<meta name=\"robots\" content=\"index, follow, max-snippet:-1, max-image-preview:large, max-video-preview:-1\" \/>\n<link rel=\"canonical\" href=\"https:\/\/www.sigillum.fi\/sv\/oss\/markus-kivisto\/\" \/>\n<meta property=\"og:locale\" content=\"sv_SE\" \/>\n<meta property=\"og:type\" content=\"article\" \/>\n<meta property=\"og:title\" content=\"Markus Kivist\u00f6 - Oy Sigillum Ab\" \/>\n<meta property=\"og:description\" content=\"[vc_row][vc_column width=&#8221;1\/1&#8243;][heading] Markus Kivist\u00f6 [\/heading][\/vc_column][\/vc_row][vc_row][vc_column width=&#8221;1\/2&#8243;][image_with_animation animation=&#8221;Fade In&#8221; img_link_target=&#8221;_self&#8221; image_url=&#8221;707&#8243;][\/vc_column][vc_column width=&#8221;1\/2&#8243;][vc_column_text]FM, Lantm\u00e4tare\u00a0Markus Kivist\u00f6 Jag utf\u00f6r arkeologiska uppdrag hos Sigillum och ansvarar f\u00f6r uppgifter som ansluter till m\u00e4tningsdokumentation. Jag har utbildning...\" \/>\n<meta property=\"og:url\" content=\"https:\/\/www.sigillum.fi\/sv\/oss\/markus-kivisto\/\" \/>\n<meta property=\"og:site_name\" content=\"Oy Sigillum Ab\" \/>\n<meta property=\"article:modified_time\" content=\"2015-10-20T19:04:46+00:00\" \/>\n<meta name=\"twitter:card\" content=\"summary_large_image\" \/>\n<script type=\"application\/ld+json\" class=\"yoast-schema-graph\">{\"@context\":\"https:\/\/schema.org\",\"@graph\":[{\"@type\":\"WebPage\",\"@id\":\"https:\/\/www.sigillum.fi\/sv\/oss\/markus-kivisto\/\",\"url\":\"https:\/\/www.sigillum.fi\/sv\/oss\/markus-kivisto\/\",\"name\":\"Markus Kivist\u00f6 - Oy Sigillum Ab\",\"isPartOf\":{\"@id\":\"https:\/\/www.sigillum.fi\/sv\/#website\"},\"datePublished\":\"2015-05-06T07:18:57+00:00\",\"dateModified\":\"2015-10-20T19:04:46+00:00\",\"breadcrumb\":{\"@id\":\"https:\/\/www.sigillum.fi\/sv\/oss\/markus-kivisto\/#breadcrumb\"},\"inLanguage\":\"sv-SE\",\"potentialAction\":[{\"@type\":\"ReadAction\",\"target\":[\"https:\/\/www.sigillum.fi\/sv\/oss\/markus-kivisto\/\"]}]},{\"@type\":\"BreadcrumbList\",\"@id\":\"https:\/\/www.sigillum.fi\/sv\/oss\/markus-kivisto\/#breadcrumb\",\"itemListElement\":[{\"@type\":\"ListItem\",\"position\":1,\"name\":\"Etusivu\",\"item\":\"https:\/\/www.sigillum.fi\/sv\/\"},{\"@type\":\"ListItem\",\"position\":2,\"name\":\"Om oss\",\"item\":\"https:\/\/www.sigillum.fi\/sv\/oss\/\"},{\"@type\":\"ListItem\",\"position\":3,\"name\":\"Markus Kivist\u00f6\"}]},{\"@type\":\"WebSite\",\"@id\":\"https:\/\/www.sigillum.fi\/sv\/#website\",\"url\":\"https:\/\/www.sigillum.fi\/sv\/\",\"name\":\"Oy Sigillum Ab\",\"description\":\"Oy Sigillum Ab\",\"publisher\":{\"@id\":\"https:\/\/www.sigillum.fi\/sv\/#organization\"},\"potentialAction\":[{\"@type\":\"SearchAction\",\"target\":{\"@type\":\"EntryPoint\",\"urlTemplate\":\"https:\/\/www.sigillum.fi\/sv\/?s={search_term_string}\"},\"query-input\":\"required name=search_term_string\"}],\"inLanguage\":\"sv-SE\"},{\"@type\":\"Organization\",\"@id\":\"https:\/\/www.sigillum.fi\/sv\/#organization\",\"name\":\"Oy Sigillum Ab\",\"url\":\"https:\/\/www.sigillum.fi\/sv\/\",\"logo\":{\"@type\":\"ImageObject\",\"inLanguage\":\"sv-SE\",\"@id\":\"https:\/\/www.sigillum.fi\/sv\/#\/schema\/logo\/image\/\",\"url\":\"https:\/\/www.sigillum.fi\/wp-content\/uploads\/2019\/11\/sigillum_sinettilogo_medium.png\",\"contentUrl\":\"https:\/\/www.sigillum.fi\/wp-content\/uploads\/2019\/11\/sigillum_sinettilogo_medium.png\",\"width\":900,\"height\":780,\"caption\":\"Oy Sigillum Ab\"},\"image\":{\"@id\":\"https:\/\/www.sigillum.fi\/sv\/#\/schema\/logo\/image\/\"}}]}<\/script>\n<!-- \/ Yoast SEO plugin. -->","yoast_head_json":{"title":"Markus Kivist\u00f6 - Oy Sigillum Ab","robots":{"index":"index","follow":"follow","max-snippet":"max-snippet:-1","max-image-preview":"max-image-preview:large","max-video-preview":"max-video-preview:-1"},"canonical":"https:\/\/www.sigillum.fi\/sv\/oss\/markus-kivisto\/","og_locale":"sv_SE","og_type":"article","og_title":"Markus Kivist\u00f6 - Oy Sigillum Ab","og_description":"[vc_row][vc_column width=&#8221;1\/1&#8243;][heading] Markus Kivist\u00f6 [\/heading][\/vc_column][\/vc_row][vc_row][vc_column width=&#8221;1\/2&#8243;][image_with_animation animation=&#8221;Fade In&#8221; img_link_target=&#8221;_self&#8221; image_url=&#8221;707&#8243;][\/vc_column][vc_column width=&#8221;1\/2&#8243;][vc_column_text]FM, Lantm\u00e4tare\u00a0Markus Kivist\u00f6 Jag utf\u00f6r arkeologiska uppdrag hos Sigillum och ansvarar f\u00f6r uppgifter som ansluter till m\u00e4tningsdokumentation. Jag har utbildning...","og_url":"https:\/\/www.sigillum.fi\/sv\/oss\/markus-kivisto\/","og_site_name":"Oy Sigillum Ab","article_modified_time":"2015-10-20T19:04:46+00:00","twitter_card":"summary_large_image","schema":{"@context":"https:\/\/schema.org","@graph":[{"@type":"WebPage","@id":"https:\/\/www.sigillum.fi\/sv\/oss\/markus-kivisto\/","url":"https:\/\/www.sigillum.fi\/sv\/oss\/markus-kivisto\/","name":"Markus Kivist\u00f6 - Oy Sigillum Ab","isPartOf":{"@id":"https:\/\/www.sigillum.fi\/sv\/#website"},"datePublished":"2015-05-06T07:18:57+00:00","dateModified":"2015-10-20T19:04:46+00:00","breadcrumb":{"@id":"https:\/\/www.sigillum.fi\/sv\/oss\/markus-kivisto\/#breadcrumb"},"inLanguage":"sv-SE","potentialAction":[{"@type":"ReadAction","target":["https:\/\/www.sigillum.fi\/sv\/oss\/markus-kivisto\/"]}]},{"@type":"BreadcrumbList","@id":"https:\/\/www.sigillum.fi\/sv\/oss\/markus-kivisto\/#breadcrumb","itemListElement":[{"@type":"ListItem","position":1,"name":"Etusivu","item":"https:\/\/www.sigillum.fi\/sv\/"},{"@type":"ListItem","position":2,"name":"Om oss","item":"https:\/\/www.sigillum.fi\/sv\/oss\/"},{"@type":"ListItem","position":3,"name":"Markus Kivist\u00f6"}]},{"@type":"WebSite","@id":"https:\/\/www.sigillum.fi\/sv\/#website","url":"https:\/\/www.sigillum.fi\/sv\/","name":"Oy Sigillum Ab","description":"Oy Sigillum Ab","publisher":{"@id":"https:\/\/www.sigillum.fi\/sv\/#organization"},"potentialAction":[{"@type":"SearchAction","target":{"@type":"EntryPoint","urlTemplate":"https:\/\/www.sigillum.fi\/sv\/?s={search_term_string}"},"query-input":"required name=search_term_string"}],"inLanguage":"sv-SE"},{"@type":"Organization","@id":"https:\/\/www.sigillum.fi\/sv\/#organization","name":"Oy Sigillum Ab","url":"https:\/\/www.sigillum.fi\/sv\/","logo":{"@type":"ImageObject","inLanguage":"sv-SE","@id":"https:\/\/www.sigillum.fi\/sv\/#\/schema\/logo\/image\/","url":"https:\/\/www.sigillum.fi\/wp-content\/uploads\/2019\/11\/sigillum_sinettilogo_medium.png","contentUrl":"https:\/\/www.sigillum.fi\/wp-content\/uploads\/2019\/11\/sigillum_sinettilogo_medium.png","width":900,"height":780,"caption":"Oy Sigillum Ab"},"image":{"@id":"https:\/\/www.sigillum.fi\/sv\/#\/schema\/logo\/image\/"}}]}},"_links":{"self":[{"href":"https:\/\/www.sigillum.fi\/sv\/wp-json\/wp\/v2\/pages\/577","targetHints":{"allow":["GET"]}}],"collection":[{"href":"https:\/\/www.sigillum.fi\/sv\/wp-json\/wp\/v2\/pages"}],"about":[{"href":"https:\/\/www.sigillum.fi\/sv\/wp-json\/wp\/v2\/types\/page"}],"author":[{"embeddable":true,"href":"https:\/\/www.sigillum.fi\/sv\/wp-json\/wp\/v2\/users\/1"}],"replies":[{"embeddable":true,"href":"https:\/\/www.sigillum.fi\/sv\/wp-json\/wp\/v2\/comments?post=577"}],"version-history":[{"count":0,"href":"https:\/\/www.sigillum.fi\/sv\/wp-json\/wp\/v2\/pages\/577\/revisions"}],"up":[{"embeddable":true,"href":"https:\/\/www.sigillum.fi\/sv\/wp-json\/wp\/v2\/pages\/518"}],"wp:attachment":[{"href":"https:\/\/www.sigillum.fi\/sv\/wp-json\/wp\/v2\/media?parent=577"}],"curies":[{"name":"wp","href":"https:\/\/api.w.org\/{rel}","templated":true}]}}