{"id":573,"date":"2015-05-06T10:18:23","date_gmt":"2015-05-06T07:18:23","guid":{"rendered":"http:\/\/kati-s.julkaisugraafikko.fi\/oss\/terhi-kivisto\/"},"modified":"2015-09-24T16:52:40","modified_gmt":"2015-09-24T16:52:40","slug":"terhi-kivisto","status":"publish","type":"page","link":"https:\/\/www.sigillum.fi\/sv\/oss\/terhi-kivisto\/","title":{"rendered":"Terhi Kivist\u00f6"},"content":{"rendered":"[vc_row][vc_column width=&#8221;1\/1&#8243;][heading]\n<h1>Terhi Kivist\u00f6<\/h1>\n[\/heading][\/vc_column][\/vc_row][vc_row][vc_column width=&#8221;1\/2&#8243;][image_with_animation animation=&#8221;Fade In&#8221; img_link_target=&#8221;_self&#8221; image_url=&#8221;695&#8243;][\/vc_column][vc_column width=&#8221;1\/2&#8243;][vc_column_text]\n<p><strong>FM Terhi Kivist\u00f6<\/strong><\/p>\n[\/vc_column_text][divider line_type=&#8221;No Line&#8221; custom_height=&#8221;10&#8243;][vc_column_text]\n<p>Jag \u00e4r proffs inom historie- och arkiveringsomr\u00e5det och ansvarig f\u00f6r arkiveringsuppgifterna hos Sigillum. Jag har bred erfarenhet av att hantera s\u00e5v\u00e4l privata arkiv som myndigheters arkiv. Jag \u00e4r <a href=\"http:\/\/www.utu.fi\/fi\/yksikot\/hum\/yksikot\/suomenhistoria\/oppiaine\/Sivut\/Kivist%C3%B6.aspx\" target=\"_blank\">doktorand i historia vid \u00c5bo Universitet.<\/a><\/p>\n[\/vc_column_text][\/vc_column][\/vc_row][vc_row][vc_column width=&#8221;1\/2&#8243;]<div class=\"iwithtext\"><div class=\"iwt-icon\"> <i class=\"icon-default-style fa fa-envelope-o accent-color\"><\/i> <\/div><div class=\"iwt-text\"> \n<p>&#116;&#x65;&#114;&#x68;i&#x2e;k&#105;&#x76;&#105;&#x73;&#116;&#x6f;&#64;&#x77;w&#119;&#x2e;&#115;&#x69;g&#x69;l&#x6c;&#x75;&#109;&#x2e;&#102;&#x69;<\/p>\n <\/div><div class=\"clear\"><\/div><\/div>[\/vc_column][vc_column width=&#8221;1\/2&#8243;][vc_column_text]\n[\/vc_column_text][\/vc_column][\/vc_row]\n","protected":false},"excerpt":{"rendered":"<p>[vc_row][vc_column width=&#8221;1\/1&#8243;][heading] Terhi Kivist\u00f6 [\/heading][\/vc_column][\/vc_row][vc_row][vc_column width=&#8221;1\/2&#8243;][image_with_animation animation=&#8221;Fade In&#8221; img_link_target=&#8221;_self&#8221; image_url=&#8221;695&#8243;][\/vc_column][vc_column width=&#8221;1\/2&#8243;][vc_column_text] FM Terhi Kivist\u00f6 [\/vc_column_text][divider line_type=&#8221;No Line&#8221; custom_height=&#8221;10&#8243;][vc_column_text] Jag \u00e4r proffs inom historie- och arkiveringsomr\u00e5det och ansvarig f\u00f6r arkiveringsuppgifterna hos&#8230;<\/p>\n","protected":false},"author":1,"featured_media":0,"parent":518,"menu_order":29,"comment_status":"closed","ping_status":"open","template":"","meta":{"footnotes":""},"class_list":["post-573","page","type-page","status-publish"],"yoast_head":"<!-- This site is optimized with the Yoast SEO plugin v21.1 - https:\/\/yoast.com\/wordpress\/plugins\/seo\/ -->\n<title>Terhi Kivist\u00f6 - Oy Sigillum Ab<\/title>\n<meta name=\"robots\" content=\"index, follow, max-snippet:-1, max-image-preview:large, max-video-preview:-1\" \/>\n<link rel=\"canonical\" href=\"https:\/\/www.sigillum.fi\/sv\/oss\/terhi-kivisto\/\" \/>\n<meta property=\"og:locale\" content=\"sv_SE\" \/>\n<meta property=\"og:type\" content=\"article\" \/>\n<meta property=\"og:title\" content=\"Terhi Kivist\u00f6 - Oy Sigillum Ab\" \/>\n<meta property=\"og:description\" content=\"[vc_row][vc_column width=&#8221;1\/1&#8243;][heading] Terhi Kivist\u00f6 [\/heading][\/vc_column][\/vc_row][vc_row][vc_column width=&#8221;1\/2&#8243;][image_with_animation animation=&#8221;Fade In&#8221; img_link_target=&#8221;_self&#8221; image_url=&#8221;695&#8243;][\/vc_column][vc_column width=&#8221;1\/2&#8243;][vc_column_text] FM Terhi Kivist\u00f6 [\/vc_column_text][divider line_type=&#8221;No Line&#8221; custom_height=&#8221;10&#8243;][vc_column_text] Jag \u00e4r proffs inom historie- och arkiveringsomr\u00e5det och ansvarig f\u00f6r arkiveringsuppgifterna hos...\" \/>\n<meta property=\"og:url\" content=\"https:\/\/www.sigillum.fi\/sv\/oss\/terhi-kivisto\/\" \/>\n<meta property=\"og:site_name\" content=\"Oy Sigillum Ab\" \/>\n<meta property=\"article:modified_time\" content=\"2015-09-24T16:52:40+00:00\" \/>\n<meta name=\"twitter:card\" content=\"summary_large_image\" \/>\n<script type=\"application\/ld+json\" class=\"yoast-schema-graph\">{\"@context\":\"https:\/\/schema.org\",\"@graph\":[{\"@type\":\"WebPage\",\"@id\":\"https:\/\/www.sigillum.fi\/sv\/oss\/terhi-kivisto\/\",\"url\":\"https:\/\/www.sigillum.fi\/sv\/oss\/terhi-kivisto\/\",\"name\":\"Terhi Kivist\u00f6 - Oy Sigillum Ab\",\"isPartOf\":{\"@id\":\"https:\/\/www.sigillum.fi\/sv\/#website\"},\"datePublished\":\"2015-05-06T07:18:23+00:00\",\"dateModified\":\"2015-09-24T16:52:40+00:00\",\"breadcrumb\":{\"@id\":\"https:\/\/www.sigillum.fi\/sv\/oss\/terhi-kivisto\/#breadcrumb\"},\"inLanguage\":\"sv-SE\",\"potentialAction\":[{\"@type\":\"ReadAction\",\"target\":[\"https:\/\/www.sigillum.fi\/sv\/oss\/terhi-kivisto\/\"]}]},{\"@type\":\"BreadcrumbList\",\"@id\":\"https:\/\/www.sigillum.fi\/sv\/oss\/terhi-kivisto\/#breadcrumb\",\"itemListElement\":[{\"@type\":\"ListItem\",\"position\":1,\"name\":\"Etusivu\",\"item\":\"https:\/\/www.sigillum.fi\/sv\/\"},{\"@type\":\"ListItem\",\"position\":2,\"name\":\"Om oss\",\"item\":\"https:\/\/www.sigillum.fi\/sv\/oss\/\"},{\"@type\":\"ListItem\",\"position\":3,\"name\":\"Terhi Kivist\u00f6\"}]},{\"@type\":\"WebSite\",\"@id\":\"https:\/\/www.sigillum.fi\/sv\/#website\",\"url\":\"https:\/\/www.sigillum.fi\/sv\/\",\"name\":\"Oy Sigillum Ab\",\"description\":\"Oy Sigillum Ab\",\"publisher\":{\"@id\":\"https:\/\/www.sigillum.fi\/sv\/#organization\"},\"potentialAction\":[{\"@type\":\"SearchAction\",\"target\":{\"@type\":\"EntryPoint\",\"urlTemplate\":\"https:\/\/www.sigillum.fi\/sv\/?s={search_term_string}\"},\"query-input\":\"required name=search_term_string\"}],\"inLanguage\":\"sv-SE\"},{\"@type\":\"Organization\",\"@id\":\"https:\/\/www.sigillum.fi\/sv\/#organization\",\"name\":\"Oy Sigillum Ab\",\"url\":\"https:\/\/www.sigillum.fi\/sv\/\",\"logo\":{\"@type\":\"ImageObject\",\"inLanguage\":\"sv-SE\",\"@id\":\"https:\/\/www.sigillum.fi\/sv\/#\/schema\/logo\/image\/\",\"url\":\"https:\/\/www.sigillum.fi\/wp-content\/uploads\/2019\/11\/sigillum_sinettilogo_medium.png\",\"contentUrl\":\"https:\/\/www.sigillum.fi\/wp-content\/uploads\/2019\/11\/sigillum_sinettilogo_medium.png\",\"width\":900,\"height\":780,\"caption\":\"Oy Sigillum Ab\"},\"image\":{\"@id\":\"https:\/\/www.sigillum.fi\/sv\/#\/schema\/logo\/image\/\"}}]}<\/script>\n<!-- \/ Yoast SEO plugin. -->","yoast_head_json":{"title":"Terhi Kivist\u00f6 - Oy Sigillum Ab","robots":{"index":"index","follow":"follow","max-snippet":"max-snippet:-1","max-image-preview":"max-image-preview:large","max-video-preview":"max-video-preview:-1"},"canonical":"https:\/\/www.sigillum.fi\/sv\/oss\/terhi-kivisto\/","og_locale":"sv_SE","og_type":"article","og_title":"Terhi Kivist\u00f6 - Oy Sigillum Ab","og_description":"[vc_row][vc_column width=&#8221;1\/1&#8243;][heading] Terhi Kivist\u00f6 [\/heading][\/vc_column][\/vc_row][vc_row][vc_column width=&#8221;1\/2&#8243;][image_with_animation animation=&#8221;Fade In&#8221; img_link_target=&#8221;_self&#8221; image_url=&#8221;695&#8243;][\/vc_column][vc_column width=&#8221;1\/2&#8243;][vc_column_text] FM Terhi Kivist\u00f6 [\/vc_column_text][divider line_type=&#8221;No Line&#8221; custom_height=&#8221;10&#8243;][vc_column_text] Jag \u00e4r proffs inom historie- och arkiveringsomr\u00e5det och ansvarig f\u00f6r arkiveringsuppgifterna hos...","og_url":"https:\/\/www.sigillum.fi\/sv\/oss\/terhi-kivisto\/","og_site_name":"Oy Sigillum Ab","article_modified_time":"2015-09-24T16:52:40+00:00","twitter_card":"summary_large_image","schema":{"@context":"https:\/\/schema.org","@graph":[{"@type":"WebPage","@id":"https:\/\/www.sigillum.fi\/sv\/oss\/terhi-kivisto\/","url":"https:\/\/www.sigillum.fi\/sv\/oss\/terhi-kivisto\/","name":"Terhi Kivist\u00f6 - Oy Sigillum Ab","isPartOf":{"@id":"https:\/\/www.sigillum.fi\/sv\/#website"},"datePublished":"2015-05-06T07:18:23+00:00","dateModified":"2015-09-24T16:52:40+00:00","breadcrumb":{"@id":"https:\/\/www.sigillum.fi\/sv\/oss\/terhi-kivisto\/#breadcrumb"},"inLanguage":"sv-SE","potentialAction":[{"@type":"ReadAction","target":["https:\/\/www.sigillum.fi\/sv\/oss\/terhi-kivisto\/"]}]},{"@type":"BreadcrumbList","@id":"https:\/\/www.sigillum.fi\/sv\/oss\/terhi-kivisto\/#breadcrumb","itemListElement":[{"@type":"ListItem","position":1,"name":"Etusivu","item":"https:\/\/www.sigillum.fi\/sv\/"},{"@type":"ListItem","position":2,"name":"Om oss","item":"https:\/\/www.sigillum.fi\/sv\/oss\/"},{"@type":"ListItem","position":3,"name":"Terhi Kivist\u00f6"}]},{"@type":"WebSite","@id":"https:\/\/www.sigillum.fi\/sv\/#website","url":"https:\/\/www.sigillum.fi\/sv\/","name":"Oy Sigillum Ab","description":"Oy Sigillum Ab","publisher":{"@id":"https:\/\/www.sigillum.fi\/sv\/#organization"},"potentialAction":[{"@type":"SearchAction","target":{"@type":"EntryPoint","urlTemplate":"https:\/\/www.sigillum.fi\/sv\/?s={search_term_string}"},"query-input":"required name=search_term_string"}],"inLanguage":"sv-SE"},{"@type":"Organization","@id":"https:\/\/www.sigillum.fi\/sv\/#organization","name":"Oy Sigillum Ab","url":"https:\/\/www.sigillum.fi\/sv\/","logo":{"@type":"ImageObject","inLanguage":"sv-SE","@id":"https:\/\/www.sigillum.fi\/sv\/#\/schema\/logo\/image\/","url":"https:\/\/www.sigillum.fi\/wp-content\/uploads\/2019\/11\/sigillum_sinettilogo_medium.png","contentUrl":"https:\/\/www.sigillum.fi\/wp-content\/uploads\/2019\/11\/sigillum_sinettilogo_medium.png","width":900,"height":780,"caption":"Oy Sigillum Ab"},"image":{"@id":"https:\/\/www.sigillum.fi\/sv\/#\/schema\/logo\/image\/"}}]}},"_links":{"self":[{"href":"https:\/\/www.sigillum.fi\/sv\/wp-json\/wp\/v2\/pages\/573","targetHints":{"allow":["GET"]}}],"collection":[{"href":"https:\/\/www.sigillum.fi\/sv\/wp-json\/wp\/v2\/pages"}],"about":[{"href":"https:\/\/www.sigillum.fi\/sv\/wp-json\/wp\/v2\/types\/page"}],"author":[{"embeddable":true,"href":"https:\/\/www.sigillum.fi\/sv\/wp-json\/wp\/v2\/users\/1"}],"replies":[{"embeddable":true,"href":"https:\/\/www.sigillum.fi\/sv\/wp-json\/wp\/v2\/comments?post=573"}],"version-history":[{"count":0,"href":"https:\/\/www.sigillum.fi\/sv\/wp-json\/wp\/v2\/pages\/573\/revisions"}],"up":[{"embeddable":true,"href":"https:\/\/www.sigillum.fi\/sv\/wp-json\/wp\/v2\/pages\/518"}],"wp:attachment":[{"href":"https:\/\/www.sigillum.fi\/sv\/wp-json\/wp\/v2\/media?parent=573"}],"curies":[{"name":"wp","href":"https:\/\/api.w.org\/{rel}","templated":true}]}}