{"id":557,"date":"2015-04-16T10:12:23","date_gmt":"2015-04-16T10:12:23","guid":{"rendered":"http:\/\/kati-s.julkaisugraafikko.fi\/referenser\/kirjat\/"},"modified":"2015-09-24T16:49:13","modified_gmt":"2015-09-24T16:49:13","slug":"bocker","status":"publish","type":"page","link":"https:\/\/www.sigillum.fi\/sv\/referenser\/bocker\/","title":{"rendered":"B\u00f6cker"},"content":{"rendered":"[vc_row][vc_column width=&#8221;1\/1&#8243;][vc_column_text]\n<h1>B\u00f6cker<\/h1>\n[\/vc_column_text][\/vc_column][\/vc_row][vc_row][vc_column width=&#8221;2\/3&#8243;][vc_column_text]\n<h2><span style=\"color: #c92800;\"><strong>Personhistoria av huvudombudsman Ossi Ahokas, W\u00e4rtsil\u00e4 \u00c5bo varv\u00a0 2013<\/strong><\/span><\/h2>\n<p>Pentti M\u00e4kel\u00e4: Ossin Aika. Palkkakysymyksi\u00e4 ja ty\u00f6suojelua Turun telakalla 1950-luvulta 1980-luvulle<\/p>\n<p>392 s., fyrf\u00e4rg<\/p>\n<p>Layout Osuuskunta Sigillum<\/p>\n<p>F\u00f6rl\u00e4ggare Ossi Ahokkaan S\u00e4\u00e4ti\u00f6<\/p>\n<p>Boken finns att k\u00f6pa bl.a i Forum Marinum och hos \u00c5bo metallarbetare, avdelning 49<\/p>\n<h2><\/h2>\n<h2><\/h2>\n[\/vc_column_text][\/vc_column][vc_column width=&#8221;1\/3&#8243;][image_with_animation image_url=&#8221;441&#8243; animation=&#8221;Fade In&#8221; img_link_target=&#8221;_self&#8221;][\/vc_column][\/vc_row][vc_row][vc_column width=&#8221;2\/3&#8243;][vc_column_text]\n<h2><span style=\"color: #c92800;\"><strong>Geologf\u00f6rbundet historik 2012<\/strong><\/span><\/h2>\n<p>Seija A. Niemi: Geologiliitto 1952\u20132012<\/p>\n<p>128 s., svart-vitt foto<\/p>\n<p>Layout och f\u00f6rl\u00e4ggare\u00a0<strong><a href=\"https:\/\/geologiliitto.wordpress.com\/historiaa\/\" target=\"_blank\">Geologf\u00f6rbundet<\/a><\/strong>[\/vc_column_text][\/vc_column][vc_column width=&#8221;1\/3&#8243;][image_with_animation image_url=&#8221;440&#8243; animation=&#8221;Fade In&#8221; img_link_target=&#8221;_self&#8221;][\/vc_column][\/vc_row][vc_row][vc_column width=&#8221;2\/3&#8243;][vc_column_text]\n<h2><span style=\"color: #c92800;\"><strong>Lottorna i Juva, historik 2010<\/strong><\/span><\/h2>\n<p>Heli Teittinen: Ei onnea suurempaa kuin suojata syntym\u00e4maata \u2013 Juvan Lotat 1920-1944<\/p>\n<p>368 s., svart-vitt foto<\/p>\n<p>S\u00e4ljs hos \u00a0Sigillum, 25 \u20ac + postavgift<\/p>\n<p>Best\u00e4llningar heli.teittinen(at)sigillum.fi \/ 044-0808 675[\/vc_column_text][\/vc_column][vc_column width=&#8221;1\/3&#8243;][image_with_animation image_url=&#8221;442&#8243; animation=&#8221;Fade In&#8221; img_link_target=&#8221;_self&#8221;][\/vc_column][\/vc_row]\n","protected":false},"excerpt":{"rendered":"<p>[vc_row][vc_column width=&#8221;1\/1&#8243;][vc_column_text] B\u00f6cker [\/vc_column_text][\/vc_column][\/vc_row][vc_row][vc_column width=&#8221;2\/3&#8243;][vc_column_text] Personhistoria av huvudombudsman Ossi Ahokas, W\u00e4rtsil\u00e4 \u00c5bo varv\u00a0 2013 Pentti M\u00e4kel\u00e4: Ossin Aika. Palkkakysymyksi\u00e4 ja ty\u00f6suojelua Turun telakalla 1950-luvulta 1980-luvulle 392 s., fyrf\u00e4rg Layout Osuuskunta&#8230;<\/p>\n","protected":false},"author":1,"featured_media":0,"parent":521,"menu_order":20,"comment_status":"closed","ping_status":"closed","template":"","meta":{"footnotes":""},"class_list":["post-557","page","type-page","status-publish"],"yoast_head":"<!-- This site is optimized with the Yoast SEO plugin v21.1 - https:\/\/yoast.com\/wordpress\/plugins\/seo\/ -->\n<title>B\u00f6cker - Oy Sigillum Ab<\/title>\n<meta name=\"robots\" content=\"index, follow, max-snippet:-1, max-image-preview:large, max-video-preview:-1\" \/>\n<link rel=\"canonical\" href=\"https:\/\/www.sigillum.fi\/sv\/referenser\/bocker\/\" \/>\n<meta property=\"og:locale\" content=\"sv_SE\" \/>\n<meta property=\"og:type\" content=\"article\" \/>\n<meta property=\"og:title\" content=\"B\u00f6cker - Oy Sigillum Ab\" \/>\n<meta property=\"og:description\" content=\"[vc_row][vc_column width=&#8221;1\/1&#8243;][vc_column_text] B\u00f6cker [\/vc_column_text][\/vc_column][\/vc_row][vc_row][vc_column width=&#8221;2\/3&#8243;][vc_column_text] Personhistoria av huvudombudsman Ossi Ahokas, W\u00e4rtsil\u00e4 \u00c5bo varv\u00a0 2013 Pentti M\u00e4kel\u00e4: Ossin Aika. Palkkakysymyksi\u00e4 ja ty\u00f6suojelua Turun telakalla 1950-luvulta 1980-luvulle 392 s., fyrf\u00e4rg Layout Osuuskunta...\" \/>\n<meta property=\"og:url\" content=\"https:\/\/www.sigillum.fi\/sv\/referenser\/bocker\/\" \/>\n<meta property=\"og:site_name\" content=\"Oy Sigillum Ab\" \/>\n<meta property=\"article:modified_time\" content=\"2015-09-24T16:49:13+00:00\" \/>\n<meta name=\"twitter:card\" content=\"summary_large_image\" \/>\n<script type=\"application\/ld+json\" class=\"yoast-schema-graph\">{\"@context\":\"https:\/\/schema.org\",\"@graph\":[{\"@type\":\"WebPage\",\"@id\":\"https:\/\/www.sigillum.fi\/sv\/referenser\/bocker\/\",\"url\":\"https:\/\/www.sigillum.fi\/sv\/referenser\/bocker\/\",\"name\":\"B\u00f6cker - Oy Sigillum Ab\",\"isPartOf\":{\"@id\":\"https:\/\/www.sigillum.fi\/sv\/#website\"},\"datePublished\":\"2015-04-16T10:12:23+00:00\",\"dateModified\":\"2015-09-24T16:49:13+00:00\",\"breadcrumb\":{\"@id\":\"https:\/\/www.sigillum.fi\/sv\/referenser\/bocker\/#breadcrumb\"},\"inLanguage\":\"sv-SE\",\"potentialAction\":[{\"@type\":\"ReadAction\",\"target\":[\"https:\/\/www.sigillum.fi\/sv\/referenser\/bocker\/\"]}]},{\"@type\":\"BreadcrumbList\",\"@id\":\"https:\/\/www.sigillum.fi\/sv\/referenser\/bocker\/#breadcrumb\",\"itemListElement\":[{\"@type\":\"ListItem\",\"position\":1,\"name\":\"Etusivu\",\"item\":\"https:\/\/www.sigillum.fi\/sv\/\"},{\"@type\":\"ListItem\",\"position\":2,\"name\":\"Referenser\",\"item\":\"https:\/\/www.sigillum.fi\/sv\/referenser\/\"},{\"@type\":\"ListItem\",\"position\":3,\"name\":\"B\u00f6cker\"}]},{\"@type\":\"WebSite\",\"@id\":\"https:\/\/www.sigillum.fi\/sv\/#website\",\"url\":\"https:\/\/www.sigillum.fi\/sv\/\",\"name\":\"Oy Sigillum Ab\",\"description\":\"Oy Sigillum Ab\",\"publisher\":{\"@id\":\"https:\/\/www.sigillum.fi\/sv\/#organization\"},\"potentialAction\":[{\"@type\":\"SearchAction\",\"target\":{\"@type\":\"EntryPoint\",\"urlTemplate\":\"https:\/\/www.sigillum.fi\/sv\/?s={search_term_string}\"},\"query-input\":\"required name=search_term_string\"}],\"inLanguage\":\"sv-SE\"},{\"@type\":\"Organization\",\"@id\":\"https:\/\/www.sigillum.fi\/sv\/#organization\",\"name\":\"Oy Sigillum Ab\",\"url\":\"https:\/\/www.sigillum.fi\/sv\/\",\"logo\":{\"@type\":\"ImageObject\",\"inLanguage\":\"sv-SE\",\"@id\":\"https:\/\/www.sigillum.fi\/sv\/#\/schema\/logo\/image\/\",\"url\":\"https:\/\/www.sigillum.fi\/wp-content\/uploads\/2019\/11\/sigillum_sinettilogo_medium.png\",\"contentUrl\":\"https:\/\/www.sigillum.fi\/wp-content\/uploads\/2019\/11\/sigillum_sinettilogo_medium.png\",\"width\":900,\"height\":780,\"caption\":\"Oy Sigillum Ab\"},\"image\":{\"@id\":\"https:\/\/www.sigillum.fi\/sv\/#\/schema\/logo\/image\/\"}}]}<\/script>\n<!-- \/ Yoast SEO plugin. -->","yoast_head_json":{"title":"B\u00f6cker - Oy Sigillum Ab","robots":{"index":"index","follow":"follow","max-snippet":"max-snippet:-1","max-image-preview":"max-image-preview:large","max-video-preview":"max-video-preview:-1"},"canonical":"https:\/\/www.sigillum.fi\/sv\/referenser\/bocker\/","og_locale":"sv_SE","og_type":"article","og_title":"B\u00f6cker - Oy Sigillum Ab","og_description":"[vc_row][vc_column width=&#8221;1\/1&#8243;][vc_column_text] B\u00f6cker [\/vc_column_text][\/vc_column][\/vc_row][vc_row][vc_column width=&#8221;2\/3&#8243;][vc_column_text] Personhistoria av huvudombudsman Ossi Ahokas, W\u00e4rtsil\u00e4 \u00c5bo varv\u00a0 2013 Pentti M\u00e4kel\u00e4: Ossin Aika. Palkkakysymyksi\u00e4 ja ty\u00f6suojelua Turun telakalla 1950-luvulta 1980-luvulle 392 s., fyrf\u00e4rg Layout Osuuskunta...","og_url":"https:\/\/www.sigillum.fi\/sv\/referenser\/bocker\/","og_site_name":"Oy Sigillum Ab","article_modified_time":"2015-09-24T16:49:13+00:00","twitter_card":"summary_large_image","schema":{"@context":"https:\/\/schema.org","@graph":[{"@type":"WebPage","@id":"https:\/\/www.sigillum.fi\/sv\/referenser\/bocker\/","url":"https:\/\/www.sigillum.fi\/sv\/referenser\/bocker\/","name":"B\u00f6cker - Oy Sigillum Ab","isPartOf":{"@id":"https:\/\/www.sigillum.fi\/sv\/#website"},"datePublished":"2015-04-16T10:12:23+00:00","dateModified":"2015-09-24T16:49:13+00:00","breadcrumb":{"@id":"https:\/\/www.sigillum.fi\/sv\/referenser\/bocker\/#breadcrumb"},"inLanguage":"sv-SE","potentialAction":[{"@type":"ReadAction","target":["https:\/\/www.sigillum.fi\/sv\/referenser\/bocker\/"]}]},{"@type":"BreadcrumbList","@id":"https:\/\/www.sigillum.fi\/sv\/referenser\/bocker\/#breadcrumb","itemListElement":[{"@type":"ListItem","position":1,"name":"Etusivu","item":"https:\/\/www.sigillum.fi\/sv\/"},{"@type":"ListItem","position":2,"name":"Referenser","item":"https:\/\/www.sigillum.fi\/sv\/referenser\/"},{"@type":"ListItem","position":3,"name":"B\u00f6cker"}]},{"@type":"WebSite","@id":"https:\/\/www.sigillum.fi\/sv\/#website","url":"https:\/\/www.sigillum.fi\/sv\/","name":"Oy Sigillum Ab","description":"Oy Sigillum Ab","publisher":{"@id":"https:\/\/www.sigillum.fi\/sv\/#organization"},"potentialAction":[{"@type":"SearchAction","target":{"@type":"EntryPoint","urlTemplate":"https:\/\/www.sigillum.fi\/sv\/?s={search_term_string}"},"query-input":"required name=search_term_string"}],"inLanguage":"sv-SE"},{"@type":"Organization","@id":"https:\/\/www.sigillum.fi\/sv\/#organization","name":"Oy Sigillum Ab","url":"https:\/\/www.sigillum.fi\/sv\/","logo":{"@type":"ImageObject","inLanguage":"sv-SE","@id":"https:\/\/www.sigillum.fi\/sv\/#\/schema\/logo\/image\/","url":"https:\/\/www.sigillum.fi\/wp-content\/uploads\/2019\/11\/sigillum_sinettilogo_medium.png","contentUrl":"https:\/\/www.sigillum.fi\/wp-content\/uploads\/2019\/11\/sigillum_sinettilogo_medium.png","width":900,"height":780,"caption":"Oy Sigillum Ab"},"image":{"@id":"https:\/\/www.sigillum.fi\/sv\/#\/schema\/logo\/image\/"}}]}},"_links":{"self":[{"href":"https:\/\/www.sigillum.fi\/sv\/wp-json\/wp\/v2\/pages\/557","targetHints":{"allow":["GET"]}}],"collection":[{"href":"https:\/\/www.sigillum.fi\/sv\/wp-json\/wp\/v2\/pages"}],"about":[{"href":"https:\/\/www.sigillum.fi\/sv\/wp-json\/wp\/v2\/types\/page"}],"author":[{"embeddable":true,"href":"https:\/\/www.sigillum.fi\/sv\/wp-json\/wp\/v2\/users\/1"}],"replies":[{"embeddable":true,"href":"https:\/\/www.sigillum.fi\/sv\/wp-json\/wp\/v2\/comments?post=557"}],"version-history":[{"count":0,"href":"https:\/\/www.sigillum.fi\/sv\/wp-json\/wp\/v2\/pages\/557\/revisions"}],"up":[{"embeddable":true,"href":"https:\/\/www.sigillum.fi\/sv\/wp-json\/wp\/v2\/pages\/521"}],"wp:attachment":[{"href":"https:\/\/www.sigillum.fi\/sv\/wp-json\/wp\/v2\/media?parent=557"}],"curies":[{"name":"wp","href":"https:\/\/api.w.org\/{rel}","templated":true}]}}