{"id":545,"date":"2015-04-16T10:07:32","date_gmt":"2015-04-16T07:07:32","guid":{"rendered":"http:\/\/kati-s.julkaisugraafikko.fi\/tjanster\/historiantutkimus\/"},"modified":"2015-09-19T12:18:09","modified_gmt":"2015-09-19T12:18:09","slug":"historieforskning","status":"publish","type":"page","link":"https:\/\/www.sigillum.fi\/sv\/service\/historieforskning\/","title":{"rendered":"Historieforskning"},"content":{"rendered":"[vc_row][vc_column width=&#8221;2\/3&#8243;][vc_column_text]\n<h1><\/h1>\n<h1>Historieforskning<\/h1>\n<p>&nbsp;<\/p>\n<p>Historieforskningen \u00e4r en central och m\u00e5ngsidig verksamhet inom Kooperativet Sigillium. Den t\u00e4cker personhistoria, f\u00f6retags- och f\u00f6reningshistoria och historiska utredningar inom olika \u00e4mnesomr\u00e5den. Ofta ges resultatet av historieforskningen ut som trycksak, men den kan ocks\u00e5 ha formen av en utst\u00e4llning eller av ett digitalt material. V\u00e5r specialistkunskap str\u00e4cker sig \u00f6ver olika former av museiverksamhet.<\/p>\n<p>&nbsp;<\/p>\n<p><strong>V\u00e5r service inom historia:<\/strong><\/p>\n<ul>\n<li>forsknings- och skrivarbete, <a href=\"\/service\/bocker\">publicering<\/a> inom branschen<\/li>\n<li>byggnads- och kulturhistoriska utredningar samt dokumentation<\/li>\n<li>historie\u00f6versikter f\u00f6r webbsidor<\/li>\n<li>framst\u00e4llning av f\u00f6rel\u00e4sningar och studiematerial\u00a0museiverksamhet, t.ex. katalogisering av f\u00f6rem\u00e5l och planering av utst\u00e4llningar<\/li>\n<li>f\u00f6rverkligar utst\u00e4llningar<\/li>\n<li>anordnar seminarier och konferenser<\/li>\n<\/ul>\n[\/vc_column_text][\/vc_column][vc_column width=&#8221;1\/3&#8243;][vc_column_text]\n[\/vc_column_text][\/vc_column][\/vc_row]\n","protected":false},"excerpt":{"rendered":"<p>[vc_row][vc_column width=&#8221;2\/3&#8243;][vc_column_text] Historieforskning &nbsp; Historieforskningen \u00e4r en central och m\u00e5ngsidig verksamhet inom Kooperativet Sigillium. Den t\u00e4cker personhistoria, f\u00f6retags- och f\u00f6reningshistoria och historiska utredningar inom olika \u00e4mnesomr\u00e5den. Ofta ges resultatet av&#8230;<\/p>\n","protected":false},"author":1,"featured_media":0,"parent":512,"menu_order":34,"comment_status":"closed","ping_status":"closed","template":"","meta":{"footnotes":""},"class_list":["post-545","page","type-page","status-publish"],"yoast_head":"<!-- This site is optimized with the Yoast SEO plugin v21.1 - https:\/\/yoast.com\/wordpress\/plugins\/seo\/ -->\n<title>Historieforskning - Oy Sigillum Ab<\/title>\n<meta name=\"robots\" content=\"index, follow, max-snippet:-1, max-image-preview:large, max-video-preview:-1\" \/>\n<link rel=\"canonical\" href=\"https:\/\/www.sigillum.fi\/sv\/service\/historieforskning\/\" \/>\n<meta property=\"og:locale\" content=\"sv_SE\" \/>\n<meta property=\"og:type\" content=\"article\" \/>\n<meta property=\"og:title\" content=\"Historieforskning - Oy Sigillum Ab\" \/>\n<meta property=\"og:description\" content=\"[vc_row][vc_column width=&#8221;2\/3&#8243;][vc_column_text] Historieforskning &nbsp; Historieforskningen \u00e4r en central och m\u00e5ngsidig verksamhet inom Kooperativet Sigillium. Den t\u00e4cker personhistoria, f\u00f6retags- och f\u00f6reningshistoria och historiska utredningar inom olika \u00e4mnesomr\u00e5den. Ofta ges resultatet av...\" \/>\n<meta property=\"og:url\" content=\"https:\/\/www.sigillum.fi\/sv\/service\/historieforskning\/\" \/>\n<meta property=\"og:site_name\" content=\"Oy Sigillum Ab\" \/>\n<meta property=\"article:modified_time\" content=\"2015-09-19T12:18:09+00:00\" \/>\n<meta name=\"twitter:card\" content=\"summary_large_image\" \/>\n<script type=\"application\/ld+json\" class=\"yoast-schema-graph\">{\"@context\":\"https:\/\/schema.org\",\"@graph\":[{\"@type\":\"WebPage\",\"@id\":\"https:\/\/www.sigillum.fi\/sv\/service\/historieforskning\/\",\"url\":\"https:\/\/www.sigillum.fi\/sv\/service\/historieforskning\/\",\"name\":\"Historieforskning - Oy Sigillum Ab\",\"isPartOf\":{\"@id\":\"https:\/\/www.sigillum.fi\/sv\/#website\"},\"datePublished\":\"2015-04-16T07:07:32+00:00\",\"dateModified\":\"2015-09-19T12:18:09+00:00\",\"breadcrumb\":{\"@id\":\"https:\/\/www.sigillum.fi\/sv\/service\/historieforskning\/#breadcrumb\"},\"inLanguage\":\"sv-SE\",\"potentialAction\":[{\"@type\":\"ReadAction\",\"target\":[\"https:\/\/www.sigillum.fi\/sv\/service\/historieforskning\/\"]}]},{\"@type\":\"BreadcrumbList\",\"@id\":\"https:\/\/www.sigillum.fi\/sv\/service\/historieforskning\/#breadcrumb\",\"itemListElement\":[{\"@type\":\"ListItem\",\"position\":1,\"name\":\"Etusivu\",\"item\":\"https:\/\/www.sigillum.fi\/sv\/\"},{\"@type\":\"ListItem\",\"position\":2,\"name\":\"Service\",\"item\":\"https:\/\/www.sigillum.fi\/sv\/service\/\"},{\"@type\":\"ListItem\",\"position\":3,\"name\":\"Historieforskning\"}]},{\"@type\":\"WebSite\",\"@id\":\"https:\/\/www.sigillum.fi\/sv\/#website\",\"url\":\"https:\/\/www.sigillum.fi\/sv\/\",\"name\":\"Oy Sigillum Ab\",\"description\":\"Oy Sigillum Ab\",\"publisher\":{\"@id\":\"https:\/\/www.sigillum.fi\/sv\/#organization\"},\"potentialAction\":[{\"@type\":\"SearchAction\",\"target\":{\"@type\":\"EntryPoint\",\"urlTemplate\":\"https:\/\/www.sigillum.fi\/sv\/?s={search_term_string}\"},\"query-input\":\"required name=search_term_string\"}],\"inLanguage\":\"sv-SE\"},{\"@type\":\"Organization\",\"@id\":\"https:\/\/www.sigillum.fi\/sv\/#organization\",\"name\":\"Oy Sigillum Ab\",\"url\":\"https:\/\/www.sigillum.fi\/sv\/\",\"logo\":{\"@type\":\"ImageObject\",\"inLanguage\":\"sv-SE\",\"@id\":\"https:\/\/www.sigillum.fi\/sv\/#\/schema\/logo\/image\/\",\"url\":\"https:\/\/www.sigillum.fi\/wp-content\/uploads\/2019\/11\/sigillum_sinettilogo_medium.png\",\"contentUrl\":\"https:\/\/www.sigillum.fi\/wp-content\/uploads\/2019\/11\/sigillum_sinettilogo_medium.png\",\"width\":900,\"height\":780,\"caption\":\"Oy Sigillum Ab\"},\"image\":{\"@id\":\"https:\/\/www.sigillum.fi\/sv\/#\/schema\/logo\/image\/\"}}]}<\/script>\n<!-- \/ Yoast SEO plugin. -->","yoast_head_json":{"title":"Historieforskning - Oy Sigillum Ab","robots":{"index":"index","follow":"follow","max-snippet":"max-snippet:-1","max-image-preview":"max-image-preview:large","max-video-preview":"max-video-preview:-1"},"canonical":"https:\/\/www.sigillum.fi\/sv\/service\/historieforskning\/","og_locale":"sv_SE","og_type":"article","og_title":"Historieforskning - Oy Sigillum Ab","og_description":"[vc_row][vc_column width=&#8221;2\/3&#8243;][vc_column_text] Historieforskning &nbsp; Historieforskningen \u00e4r en central och m\u00e5ngsidig verksamhet inom Kooperativet Sigillium. Den t\u00e4cker personhistoria, f\u00f6retags- och f\u00f6reningshistoria och historiska utredningar inom olika \u00e4mnesomr\u00e5den. Ofta ges resultatet av...","og_url":"https:\/\/www.sigillum.fi\/sv\/service\/historieforskning\/","og_site_name":"Oy Sigillum Ab","article_modified_time":"2015-09-19T12:18:09+00:00","twitter_card":"summary_large_image","schema":{"@context":"https:\/\/schema.org","@graph":[{"@type":"WebPage","@id":"https:\/\/www.sigillum.fi\/sv\/service\/historieforskning\/","url":"https:\/\/www.sigillum.fi\/sv\/service\/historieforskning\/","name":"Historieforskning - Oy Sigillum Ab","isPartOf":{"@id":"https:\/\/www.sigillum.fi\/sv\/#website"},"datePublished":"2015-04-16T07:07:32+00:00","dateModified":"2015-09-19T12:18:09+00:00","breadcrumb":{"@id":"https:\/\/www.sigillum.fi\/sv\/service\/historieforskning\/#breadcrumb"},"inLanguage":"sv-SE","potentialAction":[{"@type":"ReadAction","target":["https:\/\/www.sigillum.fi\/sv\/service\/historieforskning\/"]}]},{"@type":"BreadcrumbList","@id":"https:\/\/www.sigillum.fi\/sv\/service\/historieforskning\/#breadcrumb","itemListElement":[{"@type":"ListItem","position":1,"name":"Etusivu","item":"https:\/\/www.sigillum.fi\/sv\/"},{"@type":"ListItem","position":2,"name":"Service","item":"https:\/\/www.sigillum.fi\/sv\/service\/"},{"@type":"ListItem","position":3,"name":"Historieforskning"}]},{"@type":"WebSite","@id":"https:\/\/www.sigillum.fi\/sv\/#website","url":"https:\/\/www.sigillum.fi\/sv\/","name":"Oy Sigillum Ab","description":"Oy Sigillum Ab","publisher":{"@id":"https:\/\/www.sigillum.fi\/sv\/#organization"},"potentialAction":[{"@type":"SearchAction","target":{"@type":"EntryPoint","urlTemplate":"https:\/\/www.sigillum.fi\/sv\/?s={search_term_string}"},"query-input":"required name=search_term_string"}],"inLanguage":"sv-SE"},{"@type":"Organization","@id":"https:\/\/www.sigillum.fi\/sv\/#organization","name":"Oy Sigillum Ab","url":"https:\/\/www.sigillum.fi\/sv\/","logo":{"@type":"ImageObject","inLanguage":"sv-SE","@id":"https:\/\/www.sigillum.fi\/sv\/#\/schema\/logo\/image\/","url":"https:\/\/www.sigillum.fi\/wp-content\/uploads\/2019\/11\/sigillum_sinettilogo_medium.png","contentUrl":"https:\/\/www.sigillum.fi\/wp-content\/uploads\/2019\/11\/sigillum_sinettilogo_medium.png","width":900,"height":780,"caption":"Oy Sigillum Ab"},"image":{"@id":"https:\/\/www.sigillum.fi\/sv\/#\/schema\/logo\/image\/"}}]}},"_links":{"self":[{"href":"https:\/\/www.sigillum.fi\/sv\/wp-json\/wp\/v2\/pages\/545","targetHints":{"allow":["GET"]}}],"collection":[{"href":"https:\/\/www.sigillum.fi\/sv\/wp-json\/wp\/v2\/pages"}],"about":[{"href":"https:\/\/www.sigillum.fi\/sv\/wp-json\/wp\/v2\/types\/page"}],"author":[{"embeddable":true,"href":"https:\/\/www.sigillum.fi\/sv\/wp-json\/wp\/v2\/users\/1"}],"replies":[{"embeddable":true,"href":"https:\/\/www.sigillum.fi\/sv\/wp-json\/wp\/v2\/comments?post=545"}],"version-history":[{"count":0,"href":"https:\/\/www.sigillum.fi\/sv\/wp-json\/wp\/v2\/pages\/545\/revisions"}],"up":[{"embeddable":true,"href":"https:\/\/www.sigillum.fi\/sv\/wp-json\/wp\/v2\/pages\/512"}],"wp:attachment":[{"href":"https:\/\/www.sigillum.fi\/sv\/wp-json\/wp\/v2\/media?parent=545"}],"curies":[{"name":"wp","href":"https:\/\/api.w.org\/{rel}","templated":true}]}}