{"id":1500,"date":"2015-09-22T14:34:19","date_gmt":"2015-09-22T14:34:19","guid":{"rendered":"http:\/\/www.sigillum.fi\/oss\/hanna-maria-pellinen-2"},"modified":"2015-10-20T12:36:18","modified_gmt":"2015-10-20T12:36:18","slug":"hanna-maria-pellinenlangsv","status":"publish","type":"page","link":"https:\/\/www.sigillum.fi\/sv\/oss\/hanna-maria-pellinenlangsv\/","title":{"rendered":"Hanna-Maria Pellinen"},"content":{"rendered":"[vc_row][vc_column width=&#8221;1\/1&#8243;][heading]\n<h1 style=\"text-align: center;\">Hanna-Maria Pellinen<\/h1>\n[\/heading][\/vc_column][\/vc_row][vc_row][vc_column width=&#8221;1\/2&#8243;][image_with_animation animation=&#8221;Fade In&#8221; img_link_target=&#8221;_self&#8221; image_url=&#8221;1251&#8243;]<div class=\"iwithtext\"><div class=\"iwt-icon\"> <i class=\"icon-default-style fa fa-envelope-o accent-color\"><\/i> <\/div><div class=\"iwt-text\"> \n<p>&#x68;&#x61;&#110;&#110;a&#x2d;&#x6d;&#x61;&#114;&#105;a&#x2e;&#x70;&#x65;&#108;&#108;i&#x6e;&#x65;&#x6e;&#64;&#119;w&#x77;&#x2e;&#x73;&#105;gi&#x6c;&#x6c;&#x75;&#109;&#46;f&#x69;<\/p>\n <\/div><div class=\"clear\"><\/div><\/div>[\/vc_column][vc_column width=&#8221;1\/2&#8243;][vc_column_text]<strong>FM, Hanna-Maria Pellinen<\/strong><br \/>\nJag ansvarar f\u00f6r de arkeologiska uppdragen hos Sigillum tillsammans med Markus Kivist\u00f6. Jag har 15 \u00e5rs erfarenhet av arkeologiska f\u00e4ltuppgifter. Jag har utf\u00f6rt unders\u00f6kningar i m\u00e5nga olika sorters projekt fr\u00e5n olika tids\u00e5ldrar. I mitt doktorandarbete har jag f\u00f6rdjupat mig speciellt i forskningen av den historiska tidens landsbygd. Dessutom har jag redigerat flera publikationer, fungerat som l\u00e4rare inom arkeologi, producerat utst\u00e4liningar och agerat som utst\u00e4llingskonsult.[\/vc_column_text][\/vc_column][\/vc_row]\n","protected":false},"excerpt":{"rendered":"<p>[vc_row][vc_column width=&#8221;1\/1&#8243;][heading] Hanna-Maria Pellinen [\/heading][\/vc_column][\/vc_row][vc_row][vc_column width=&#8221;1\/2&#8243;][image_with_animation animation=&#8221;Fade In&#8221; img_link_target=&#8221;_self&#8221; image_url=&#8221;1251&#8243;][\/vc_column][vc_column width=&#8221;1\/2&#8243;][vc_column_text]FM, Hanna-Maria Pellinen Jag ansvarar f\u00f6r de arkeologiska uppdragen hos Sigillum tillsammans med Markus Kivist\u00f6. Jag har 15 \u00e5rs erfarenhet&#8230;<\/p>\n","protected":false},"author":1,"featured_media":0,"parent":518,"menu_order":0,"comment_status":"closed","ping_status":"closed","template":"","meta":{"footnotes":""},"class_list":["post-1500","page","type-page","status-publish"],"yoast_head":"<!-- This site is optimized with the Yoast SEO plugin v21.1 - https:\/\/yoast.com\/wordpress\/plugins\/seo\/ -->\n<title>Hanna-Maria Pellinen - Oy Sigillum Ab<\/title>\n<meta name=\"robots\" content=\"index, follow, max-snippet:-1, max-image-preview:large, max-video-preview:-1\" \/>\n<link rel=\"canonical\" href=\"https:\/\/www.sigillum.fi\/sv\/oss\/hanna-maria-pellinenlangsv\/\" \/>\n<meta property=\"og:locale\" content=\"sv_SE\" \/>\n<meta property=\"og:type\" content=\"article\" \/>\n<meta property=\"og:title\" content=\"Hanna-Maria Pellinen - Oy Sigillum Ab\" \/>\n<meta property=\"og:description\" content=\"[vc_row][vc_column width=&#8221;1\/1&#8243;][heading] Hanna-Maria Pellinen [\/heading][\/vc_column][\/vc_row][vc_row][vc_column width=&#8221;1\/2&#8243;][image_with_animation animation=&#8221;Fade In&#8221; img_link_target=&#8221;_self&#8221; image_url=&#8221;1251&#8243;][\/vc_column][vc_column width=&#8221;1\/2&#8243;][vc_column_text]FM, Hanna-Maria Pellinen Jag ansvarar f\u00f6r de arkeologiska uppdragen hos Sigillum tillsammans med Markus Kivist\u00f6. Jag har 15 \u00e5rs erfarenhet...\" \/>\n<meta property=\"og:url\" content=\"https:\/\/www.sigillum.fi\/sv\/oss\/hanna-maria-pellinenlangsv\/\" \/>\n<meta property=\"og:site_name\" content=\"Oy Sigillum Ab\" \/>\n<meta property=\"article:modified_time\" content=\"2015-10-20T12:36:18+00:00\" \/>\n<meta name=\"twitter:card\" content=\"summary_large_image\" \/>\n<script type=\"application\/ld+json\" class=\"yoast-schema-graph\">{\"@context\":\"https:\/\/schema.org\",\"@graph\":[{\"@type\":\"WebPage\",\"@id\":\"https:\/\/www.sigillum.fi\/sv\/oss\/hanna-maria-pellinenlangsv\/\",\"url\":\"https:\/\/www.sigillum.fi\/sv\/oss\/hanna-maria-pellinenlangsv\/\",\"name\":\"Hanna-Maria Pellinen - Oy Sigillum Ab\",\"isPartOf\":{\"@id\":\"https:\/\/www.sigillum.fi\/sv\/#website\"},\"datePublished\":\"2015-09-22T14:34:19+00:00\",\"dateModified\":\"2015-10-20T12:36:18+00:00\",\"breadcrumb\":{\"@id\":\"https:\/\/www.sigillum.fi\/sv\/oss\/hanna-maria-pellinenlangsv\/#breadcrumb\"},\"inLanguage\":\"sv-SE\",\"potentialAction\":[{\"@type\":\"ReadAction\",\"target\":[\"https:\/\/www.sigillum.fi\/sv\/oss\/hanna-maria-pellinenlangsv\/\"]}]},{\"@type\":\"BreadcrumbList\",\"@id\":\"https:\/\/www.sigillum.fi\/sv\/oss\/hanna-maria-pellinenlangsv\/#breadcrumb\",\"itemListElement\":[{\"@type\":\"ListItem\",\"position\":1,\"name\":\"Etusivu\",\"item\":\"https:\/\/www.sigillum.fi\/sv\/\"},{\"@type\":\"ListItem\",\"position\":2,\"name\":\"Om oss\",\"item\":\"https:\/\/www.sigillum.fi\/sv\/oss\/\"},{\"@type\":\"ListItem\",\"position\":3,\"name\":\"Hanna-Maria Pellinen\"}]},{\"@type\":\"WebSite\",\"@id\":\"https:\/\/www.sigillum.fi\/sv\/#website\",\"url\":\"https:\/\/www.sigillum.fi\/sv\/\",\"name\":\"Oy Sigillum Ab\",\"description\":\"Oy Sigillum Ab\",\"publisher\":{\"@id\":\"https:\/\/www.sigillum.fi\/sv\/#organization\"},\"potentialAction\":[{\"@type\":\"SearchAction\",\"target\":{\"@type\":\"EntryPoint\",\"urlTemplate\":\"https:\/\/www.sigillum.fi\/sv\/?s={search_term_string}\"},\"query-input\":\"required name=search_term_string\"}],\"inLanguage\":\"sv-SE\"},{\"@type\":\"Organization\",\"@id\":\"https:\/\/www.sigillum.fi\/sv\/#organization\",\"name\":\"Oy Sigillum Ab\",\"url\":\"https:\/\/www.sigillum.fi\/sv\/\",\"logo\":{\"@type\":\"ImageObject\",\"inLanguage\":\"sv-SE\",\"@id\":\"https:\/\/www.sigillum.fi\/sv\/#\/schema\/logo\/image\/\",\"url\":\"https:\/\/www.sigillum.fi\/wp-content\/uploads\/2019\/11\/sigillum_sinettilogo_medium.png\",\"contentUrl\":\"https:\/\/www.sigillum.fi\/wp-content\/uploads\/2019\/11\/sigillum_sinettilogo_medium.png\",\"width\":900,\"height\":780,\"caption\":\"Oy Sigillum Ab\"},\"image\":{\"@id\":\"https:\/\/www.sigillum.fi\/sv\/#\/schema\/logo\/image\/\"}}]}<\/script>\n<!-- \/ Yoast SEO plugin. -->","yoast_head_json":{"title":"Hanna-Maria Pellinen - Oy Sigillum Ab","robots":{"index":"index","follow":"follow","max-snippet":"max-snippet:-1","max-image-preview":"max-image-preview:large","max-video-preview":"max-video-preview:-1"},"canonical":"https:\/\/www.sigillum.fi\/sv\/oss\/hanna-maria-pellinenlangsv\/","og_locale":"sv_SE","og_type":"article","og_title":"Hanna-Maria Pellinen - Oy Sigillum Ab","og_description":"[vc_row][vc_column width=&#8221;1\/1&#8243;][heading] Hanna-Maria Pellinen [\/heading][\/vc_column][\/vc_row][vc_row][vc_column width=&#8221;1\/2&#8243;][image_with_animation animation=&#8221;Fade In&#8221; img_link_target=&#8221;_self&#8221; image_url=&#8221;1251&#8243;][\/vc_column][vc_column width=&#8221;1\/2&#8243;][vc_column_text]FM, Hanna-Maria Pellinen Jag ansvarar f\u00f6r de arkeologiska uppdragen hos Sigillum tillsammans med Markus Kivist\u00f6. Jag har 15 \u00e5rs erfarenhet...","og_url":"https:\/\/www.sigillum.fi\/sv\/oss\/hanna-maria-pellinenlangsv\/","og_site_name":"Oy Sigillum Ab","article_modified_time":"2015-10-20T12:36:18+00:00","twitter_card":"summary_large_image","schema":{"@context":"https:\/\/schema.org","@graph":[{"@type":"WebPage","@id":"https:\/\/www.sigillum.fi\/sv\/oss\/hanna-maria-pellinenlangsv\/","url":"https:\/\/www.sigillum.fi\/sv\/oss\/hanna-maria-pellinenlangsv\/","name":"Hanna-Maria Pellinen - Oy Sigillum Ab","isPartOf":{"@id":"https:\/\/www.sigillum.fi\/sv\/#website"},"datePublished":"2015-09-22T14:34:19+00:00","dateModified":"2015-10-20T12:36:18+00:00","breadcrumb":{"@id":"https:\/\/www.sigillum.fi\/sv\/oss\/hanna-maria-pellinenlangsv\/#breadcrumb"},"inLanguage":"sv-SE","potentialAction":[{"@type":"ReadAction","target":["https:\/\/www.sigillum.fi\/sv\/oss\/hanna-maria-pellinenlangsv\/"]}]},{"@type":"BreadcrumbList","@id":"https:\/\/www.sigillum.fi\/sv\/oss\/hanna-maria-pellinenlangsv\/#breadcrumb","itemListElement":[{"@type":"ListItem","position":1,"name":"Etusivu","item":"https:\/\/www.sigillum.fi\/sv\/"},{"@type":"ListItem","position":2,"name":"Om oss","item":"https:\/\/www.sigillum.fi\/sv\/oss\/"},{"@type":"ListItem","position":3,"name":"Hanna-Maria Pellinen"}]},{"@type":"WebSite","@id":"https:\/\/www.sigillum.fi\/sv\/#website","url":"https:\/\/www.sigillum.fi\/sv\/","name":"Oy Sigillum Ab","description":"Oy Sigillum Ab","publisher":{"@id":"https:\/\/www.sigillum.fi\/sv\/#organization"},"potentialAction":[{"@type":"SearchAction","target":{"@type":"EntryPoint","urlTemplate":"https:\/\/www.sigillum.fi\/sv\/?s={search_term_string}"},"query-input":"required name=search_term_string"}],"inLanguage":"sv-SE"},{"@type":"Organization","@id":"https:\/\/www.sigillum.fi\/sv\/#organization","name":"Oy Sigillum Ab","url":"https:\/\/www.sigillum.fi\/sv\/","logo":{"@type":"ImageObject","inLanguage":"sv-SE","@id":"https:\/\/www.sigillum.fi\/sv\/#\/schema\/logo\/image\/","url":"https:\/\/www.sigillum.fi\/wp-content\/uploads\/2019\/11\/sigillum_sinettilogo_medium.png","contentUrl":"https:\/\/www.sigillum.fi\/wp-content\/uploads\/2019\/11\/sigillum_sinettilogo_medium.png","width":900,"height":780,"caption":"Oy Sigillum Ab"},"image":{"@id":"https:\/\/www.sigillum.fi\/sv\/#\/schema\/logo\/image\/"}}]}},"_links":{"self":[{"href":"https:\/\/www.sigillum.fi\/sv\/wp-json\/wp\/v2\/pages\/1500","targetHints":{"allow":["GET"]}}],"collection":[{"href":"https:\/\/www.sigillum.fi\/sv\/wp-json\/wp\/v2\/pages"}],"about":[{"href":"https:\/\/www.sigillum.fi\/sv\/wp-json\/wp\/v2\/types\/page"}],"author":[{"embeddable":true,"href":"https:\/\/www.sigillum.fi\/sv\/wp-json\/wp\/v2\/users\/1"}],"replies":[{"embeddable":true,"href":"https:\/\/www.sigillum.fi\/sv\/wp-json\/wp\/v2\/comments?post=1500"}],"version-history":[{"count":0,"href":"https:\/\/www.sigillum.fi\/sv\/wp-json\/wp\/v2\/pages\/1500\/revisions"}],"up":[{"embeddable":true,"href":"https:\/\/www.sigillum.fi\/sv\/wp-json\/wp\/v2\/pages\/518"}],"wp:attachment":[{"href":"https:\/\/www.sigillum.fi\/sv\/wp-json\/wp\/v2\/media?parent=1500"}],"curies":[{"name":"wp","href":"https:\/\/api.w.org\/{rel}","templated":true}]}}